{"id":100,"date":"2011-09-05T01:26:37","date_gmt":"2011-09-05T01:26:37","guid":{"rendered":"http:\/\/sexysiempre.com\/web\/?page_id=100"},"modified":"2020-09-14T14:14:17","modified_gmt":"2020-09-14T17:14:17","slug":"como-comprar","status":"publish","type":"page","link":"https:\/\/sexysiempre.com\/web\/como-comprar","title":{"rendered":"\u00bfC\u00f3mo comprar?"},"content":{"rendered":"\n<p>Envi\u00e0ndo un correo electr\u00f2nico indicando los c\u00f2digos y breve descripci\u00f2n de los art\u00ecculos que te interesan,&nbsp; generalmente respondemos el mismo d\u00eca, caso contrario, sugiero re env\u00eces el mail pues seguramente no ingres\u00f2 o fue tomado como spam.<\/p>\n\n\n\n<p>Si envi\u00e1s un mensaje privado al Facebook, para poder responderlo es necesario que previamente env\u00edes la solicitud de amistad y de esa manera estaremos con un contacto mas flu\u00eddo.<\/p>\n\n\n\n<p>El Facebook est\u00e1 configurado de manera tal que &nbsp;vas a poder ver mi muro s\u00f3lo con mis publicaciones y nadie puede ver quienes son mis amigos, salvo que sean amigos en com\u00fan, de esta manera se preserva la privacidad de cada uno.<\/p>\n\n\n\n<p>Nos complace informar, que en virtud del tiempo de permanencia de este negocio y su particularidad en la atenci\u00f3n y asesoramiento, se ha posicionado muy bien en la ciudad de Ushuaia, recibiendo gratamente la satisfacci\u00f3n y gentileza de quienes nos visitan, en principio clientes que luego se transforman en amigos.<\/p>\n\n\n\n<p>La sexualidad forma parte de la vida, s\u00f3lo hay que permitirse vivirla plena e intensamente. Tu privacidad es un tema serio y lo tratamos como tal.<\/p>\n\n\n\n<p>Gracias amigos a cada uno de ustedes por seguir confiando en www.sexysiempre.com<\/p>\n\n\n\n<p>Elegis c\u00f2mo contactarnos:<\/p>\n\n\n\n<p>Mail: <a href=\"mailto:siempresexyushu@yahoo.com.ar\">siempresexyushu@yahoo.com.ar<\/a><\/p>\n\n\n\n<p>Facebook: <a href=\"https:\/\/www.facebook.com\/siempresxy.ushu\/\">https:\/\/www.facebook.com\/siempresxy.ushu\/<\/a><\/p>\n\n\n\n<p>Tel\u00e8fono\/wsp: 2901-618745&nbsp; &nbsp;De 14 a 22 horas.<\/p>\n\n\n\n<p> Claudia.<\/p>\n","protected":false},"excerpt":{"rendered":"<p>Envi\u00e0ndo un correo electr\u00f2nico indicando los c\u00f2digos y breve descripci\u00f2n de los art\u00ecculos que te interesan,&nbsp; generalmente respondemos el mismo d\u00eca, caso contrario, sugiero re env\u00eces el mail pues seguramente no ingres\u00f2 o fue tomado como spam. Si envi\u00e1s un mensaje privado al Facebook, para poder responderlo es necesario que previamente env\u00edes la solicitud de [&hellip;]<\/p>\n","protected":false},"author":1,"featured_media":0,"parent":0,"menu_order":0,"comment_status":"open","ping_status":"closed","template":"","meta":{"footnotes":""},"class_list":["post-100","page","type-page","status-publish","hentry"],"_links":{"self":[{"href":"https:\/\/sexysiempre.com\/web\/wp-json\/wp\/v2\/pages\/100","targetHints":{"allow":["GET"]}}],"collection":[{"href":"https:\/\/sexysiempre.com\/web\/wp-json\/wp\/v2\/pages"}],"about":[{"href":"https:\/\/sexysiempre.com\/web\/wp-json\/wp\/v2\/types\/page"}],"author":[{"embeddable":true,"href":"https:\/\/sexysiempre.com\/web\/wp-json\/wp\/v2\/users\/1"}],"replies":[{"embeddable":true,"href":"https:\/\/sexysiempre.com\/web\/wp-json\/wp\/v2\/comments?post=100"}],"version-history":[{"count":9,"href":"https:\/\/sexysiempre.com\/web\/wp-json\/wp\/v2\/pages\/100\/revisions"}],"predecessor-version":[{"id":7802,"href":"https:\/\/sexysiempre.com\/web\/wp-json\/wp\/v2\/pages\/100\/revisions\/7802"}],"wp:attachment":[{"href":"https:\/\/sexysiempre.com\/web\/wp-json\/wp\/v2\/media?parent=100"}],"curies":[{"name":"wp","href":"https:\/\/api.w.org\/{rel}","templated":true}]}}