{"id":104,"date":"2011-09-05T01:41:38","date_gmt":"2011-09-05T01:41:38","guid":{"rendered":"http:\/\/sexysiempre.com\/web\/?page_id=104"},"modified":"2020-09-28T15:55:35","modified_gmt":"2020-09-28T18:55:35","slug":"preguntas-frecuentes","status":"publish","type":"page","link":"https:\/\/sexysiempre.com\/web\/preguntas-frecuentes","title":{"rendered":"Preguntas Frecuentes"},"content":{"rendered":"<p><strong>Quiero mi primer juguete, \u00bfcu\u00e0l es el m\u00e0s recomendable?<\/strong><\/p>\n<p>Cuando\u00a0 se est\u00e0 sin pareja, el consolador y\/o vibrador son excelentes compa\u00f1eros inductores del placer.<\/p>\n<p>Cuando se est\u00e0 en pareja, presentar un anillo con\u00a0 vibro, puede resultar un excelente inicio. Sorprender con un juguete y\/o accesorio que te llame la atenci\u00f2n, puede resultar mucho mas divertido de lo que imagin\u00e0s.<\/p>\n<p><strong>\u00a0\u00bfC\u00f2mo higienizo mi juguete?<\/strong><\/p>\n<p>Muy simple, siempre antes y despu\u00e9s de usarlo, con agua tibia y jab\u00f2n blanco o neutro; si posee pilas y no son watterproff, no se debe mojar dicho sector. Guardarlo siempre bien seco es el secreto para la vida \u00f9til del producto.<\/p>\n<p><strong>\u00a0\u00bfQu\u00e8 necesita mi juguete para poder usarlo?<\/strong><\/p>\n<p>Indefectiblemente el lubricante adecuado para tal fin, sin el cual puede evitar el placer y producir dolor.<\/p>\n<p><strong>\u00a0\u00bfSe puede usar un juguete en el agua?<\/strong><\/p>\n<p>Se pueden utilizar todos aquellos que expresamente digan \u201cwatterproff\u201d, pues de lo contrario no son dispositivos a prueba de agua.<\/p>\n<p><strong>\u00a0Cu\u00e0les son los juguetes y vibradores multifuncionales?<\/strong><\/p>\n<p>Son todos aquellos que estimulen m\u00e0s de un \u00e0rea a la vez. Por ejemplo los rabbit estimulan vagina y cl\u00edtoris simult\u00e1neamente; los anillos dobles estimulan test\u00ecculos, pene y cl\u00ectoris o ano, dependiendo de la forma en colocarlos.<\/p>\n<p><strong>\u00a0Con qu\u00e8 materiales est\u00e0n construidos \u00a0los juguetes?<\/strong><\/p>\n<p>Todos los juguetes est\u00e0n dise\u00f1ados con las mejores materias primas e insumos. La silicona es sumamente agradable al tacto, no posee olor ni sabor y por sobre todas las cosas no es t\u00f2xica.<\/p>\n<p>Para mayor informaci\u00f2n y\u00a0 asesoramiento, no dudes en consultarnos.<\/p>\n","protected":false},"excerpt":{"rendered":"<p>Quiero mi primer juguete, \u00bfcu\u00e0l es el m\u00e0s recomendable? Cuando\u00a0 se est\u00e0 sin pareja, el consolador y\/o vibrador son excelentes compa\u00f1eros inductores del placer. Cuando se est\u00e0 en pareja, presentar un anillo con\u00a0 vibro, puede resultar un excelente inicio. Sorprender con un juguete y\/o accesorio que te llame la atenci\u00f2n, puede resultar mucho mas divertido [&hellip;]<\/p>\n","protected":false},"author":1,"featured_media":0,"parent":0,"menu_order":0,"comment_status":"open","ping_status":"open","template":"","meta":{"footnotes":""},"class_list":["post-104","page","type-page","status-publish","hentry"],"_links":{"self":[{"href":"https:\/\/sexysiempre.com\/web\/wp-json\/wp\/v2\/pages\/104","targetHints":{"allow":["GET"]}}],"collection":[{"href":"https:\/\/sexysiempre.com\/web\/wp-json\/wp\/v2\/pages"}],"about":[{"href":"https:\/\/sexysiempre.com\/web\/wp-json\/wp\/v2\/types\/page"}],"author":[{"embeddable":true,"href":"https:\/\/sexysiempre.com\/web\/wp-json\/wp\/v2\/users\/1"}],"replies":[{"embeddable":true,"href":"https:\/\/sexysiempre.com\/web\/wp-json\/wp\/v2\/comments?post=104"}],"version-history":[{"count":3,"href":"https:\/\/sexysiempre.com\/web\/wp-json\/wp\/v2\/pages\/104\/revisions"}],"predecessor-version":[{"id":7879,"href":"https:\/\/sexysiempre.com\/web\/wp-json\/wp\/v2\/pages\/104\/revisions\/7879"}],"wp:attachment":[{"href":"https:\/\/sexysiempre.com\/web\/wp-json\/wp\/v2\/media?parent=104"}],"curies":[{"name":"wp","href":"https:\/\/api.w.org\/{rel}","templated":true}]}}