{"id":94,"date":"2011-09-05T01:24:48","date_gmt":"2011-09-05T01:24:48","guid":{"rendered":"http:\/\/sexysiempre.com\/web\/?page_id=94"},"modified":"2020-09-15T17:50:33","modified_gmt":"2020-09-15T20:50:33","slug":"quienes-somos","status":"publish","type":"page","link":"https:\/\/sexysiempre.com\/web\/quienes-somos","title":{"rendered":"\u00bfQu\u00edenes Somos?"},"content":{"rendered":"\n<p>Bienvenidos a nuestro espacio SEXY SIEMPRE USHUAIA<\/p>\n\n\n\n<p>Nos dedicamos a la venta de lencer\u00eca  sexy y er\u00f2tica, en un mix de texturas, talles, dise\u00f1os y colores. Geles lubricantes saborizados y estimulantes; &nbsp;retardantes, dilatadores, aceites, juguetes para adultos, accesorios &nbsp;y productos de SEXSHOP.<\/p>\n\n\n\n<!--more-->\n\n\n\n<p>Dentro de un mercado din\u00e0mico, nuestro objetivo es renovarnos constantemente, mejorando la cantidad y calidad no s\u00f2lo en los productos, sino adem\u00e0s, en el asesoramiento adecuado que se requiera a fin de satisfacer y superar sus expectativas.<\/p>\n\n\n\n<p>Deseamos sorprenderte siempre, raz\u00f3n por la cual, hay en stock muchas cosas mas que las publicadas.<\/p>\n\n\n\n<figure class=\"wp-block-gallery columns-3 is-cropped wp-block-gallery-1 is-layout-flex wp-block-gallery-is-layout-flex\"><ul class=\"blocks-gallery-grid\"><li class=\"blocks-gallery-item\"><figure><img fetchpriority=\"high\" decoding=\"async\" width=\"476\" height=\"600\" src=\"http:\/\/sexysiempre.com\/web\/wp-content\/uploads\/119552396_324620268797191_445279765774109664_n.jpg\" alt=\"\" data-id=\"7827\" data-full-url=\"http:\/\/sexysiempre.com\/web\/wp-content\/uploads\/119552396_324620268797191_445279765774109664_n.jpg\" data-link=\"http:\/\/sexysiempre.com\/web\/quienes-somos\/attachment\/119552396_324620268797191_445279765774109664_n\" class=\"wp-image-7827\" srcset=\"https:\/\/sexysiempre.com\/web\/wp-content\/uploads\/119552396_324620268797191_445279765774109664_n.jpg 476w, https:\/\/sexysiempre.com\/web\/wp-content\/uploads\/119552396_324620268797191_445279765774109664_n-120x151.jpg 120w\" sizes=\"(max-width: 476px) 100vw, 476px\" \/><\/figure><\/li><li class=\"blocks-gallery-item\"><figure><img decoding=\"async\" width=\"476\" height=\"600\" src=\"http:\/\/sexysiempre.com\/web\/wp-content\/uploads\/102964893_698170950979900_8099364186969458796_n.jpg\" alt=\"\" data-id=\"7828\" data-full-url=\"http:\/\/sexysiempre.com\/web\/wp-content\/uploads\/102964893_698170950979900_8099364186969458796_n.jpg\" data-link=\"http:\/\/sexysiempre.com\/web\/quienes-somos\/attachment\/102964893_698170950979900_8099364186969458796_n\" class=\"wp-image-7828\" srcset=\"https:\/\/sexysiempre.com\/web\/wp-content\/uploads\/102964893_698170950979900_8099364186969458796_n.jpg 476w, https:\/\/sexysiempre.com\/web\/wp-content\/uploads\/102964893_698170950979900_8099364186969458796_n-120x151.jpg 120w\" sizes=\"(max-width: 476px) 100vw, 476px\" \/><\/figure><\/li><li class=\"blocks-gallery-item\"><figure><img decoding=\"async\" width=\"375\" height=\"600\" src=\"http:\/\/sexysiempre.com\/web\/wp-content\/uploads\/119455455_319614722649144_5858986718322924812_n.jpg\" alt=\"\" data-id=\"7829\" data-full-url=\"http:\/\/sexysiempre.com\/web\/wp-content\/uploads\/119455455_319614722649144_5858986718322924812_n.jpg\" data-link=\"http:\/\/sexysiempre.com\/web\/quienes-somos\/attachment\/119455455_319614722649144_5858986718322924812_n\" class=\"wp-image-7829\" srcset=\"https:\/\/sexysiempre.com\/web\/wp-content\/uploads\/119455455_319614722649144_5858986718322924812_n.jpg 375w, https:\/\/sexysiempre.com\/web\/wp-content\/uploads\/119455455_319614722649144_5858986718322924812_n-120x192.jpg 120w\" sizes=\"(max-width: 375px) 100vw, 375px\" \/><\/figure><\/li><\/ul><\/figure>\n\n\n\n<p>Es un placer contarlo entre nuestros visitantes y clientes, brindarles el asesoramiento necesario y de \u00e8sta manera,&nbsp; adquirir el producto deseado e ideal para cada uno.<\/p>\n\n\n\n<p>Nos caracterizamos por la calidad garantizada de los productos, seriedad, discreci\u00f3n, entrega inmediata y absoluta reserva, &nbsp;preservando el motor de nuestra empresa: USTED, Visitante, Cliente, Amigo.<\/p>\n","protected":false},"excerpt":{"rendered":"<p>Bienvenidos a nuestro espacio SEXY SIEMPRE USHUAIA Nos dedicamos a la venta de lencer\u00eca sexy y er\u00f2tica, en un mix de texturas, talles, dise\u00f1os y colores. Geles lubricantes saborizados y estimulantes; &nbsp;retardantes, dilatadores, aceites, juguetes para adultos, accesorios &nbsp;y productos de SEXSHOP.<\/p>\n","protected":false},"author":1,"featured_media":0,"parent":0,"menu_order":0,"comment_status":"open","ping_status":"closed","template":"","meta":{"footnotes":""},"class_list":["post-94","page","type-page","status-publish","hentry"],"_links":{"self":[{"href":"https:\/\/sexysiempre.com\/web\/wp-json\/wp\/v2\/pages\/94","targetHints":{"allow":["GET"]}}],"collection":[{"href":"https:\/\/sexysiempre.com\/web\/wp-json\/wp\/v2\/pages"}],"about":[{"href":"https:\/\/sexysiempre.com\/web\/wp-json\/wp\/v2\/types\/page"}],"author":[{"embeddable":true,"href":"https:\/\/sexysiempre.com\/web\/wp-json\/wp\/v2\/users\/1"}],"replies":[{"embeddable":true,"href":"https:\/\/sexysiempre.com\/web\/wp-json\/wp\/v2\/comments?post=94"}],"version-history":[{"count":10,"href":"https:\/\/sexysiempre.com\/web\/wp-json\/wp\/v2\/pages\/94\/revisions"}],"predecessor-version":[{"id":7830,"href":"https:\/\/sexysiempre.com\/web\/wp-json\/wp\/v2\/pages\/94\/revisions\/7830"}],"wp:attachment":[{"href":"https:\/\/sexysiempre.com\/web\/wp-json\/wp\/v2\/media?parent=94"}],"curies":[{"name":"wp","href":"https:\/\/api.w.org\/{rel}","templated":true}]}}