{"id":10030,"date":"2022-11-11T22:14:11","date_gmt":"2022-11-12T01:14:11","guid":{"rendered":"https:\/\/sexysiempre.com\/web\/?post_type=product&#038;p=10030"},"modified":"2022-11-11T22:14:11","modified_gmt":"2022-11-12T01:14:11","slug":"jaula-de-castidad-en-metal","status":"publish","type":"product","link":"https:\/\/sexysiempre.com\/web\/producto\/jaula-de-castidad-en-metal","title":{"rendered":"Jaula de Castidad en Metal"},"content":{"rendered":"<p style=\"text-align: center;\">FT-SM001<\/p>\n<p style=\"text-align: center;\">Mas all\u00e0 de lo que imagin\u00e0s. Jaula en metal, incluye candado. Medidas aproximadas: <span class=\"colcolor2\">Di\u00e1metro mayor 5 cm.<\/span>\u00a0<span class=\"colcolor1\">\u00a0<\/span>\u00a0<span class=\"colcolor2\">Longitud total 9 cm.<img fetchpriority=\"high\" decoding=\"async\" class=\"aligncenter size-medium wp-image-10032\" src=\"https:\/\/sexysiempre.com\/web\/wp-content\/uploads\/ft-sm001-castidad-metal-cdecfd63b0ff4a6d8b3ee5a1fc91d1d3-650x650.jpg\" alt=\"\" width=\"300\" height=\"300\" srcset=\"https:\/\/sexysiempre.com\/web\/wp-content\/uploads\/ft-sm001-castidad-metal-cdecfd63b0ff4a6d8b3ee5a1fc91d1d3-650x650.jpg 650w, https:\/\/sexysiempre.com\/web\/wp-content\/uploads\/ft-sm001-castidad-metal-cdecfd63b0ff4a6d8b3ee5a1fc91d1d3-150x150.jpg 150w, https:\/\/sexysiempre.com\/web\/wp-content\/uploads\/ft-sm001-castidad-metal-cdecfd63b0ff4a6d8b3ee5a1fc91d1d3-768x768.jpg 768w, https:\/\/sexysiempre.com\/web\/wp-content\/uploads\/ft-sm001-castidad-metal-cdecfd63b0ff4a6d8b3ee5a1fc91d1d3-120x120.jpg 120w, https:\/\/sexysiempre.com\/web\/wp-content\/uploads\/ft-sm001-castidad-metal-cdecfd63b0ff4a6d8b3ee5a1fc91d1d3-300x300.jpg 300w, https:\/\/sexysiempre.com\/web\/wp-content\/uploads\/ft-sm001-castidad-metal-cdecfd63b0ff4a6d8b3ee5a1fc91d1d3-600x600.jpg 600w, https:\/\/sexysiempre.com\/web\/wp-content\/uploads\/ft-sm001-castidad-metal-cdecfd63b0ff4a6d8b3ee5a1fc91d1d3-100x100.jpg 100w, https:\/\/sexysiempre.com\/web\/wp-content\/uploads\/ft-sm001-castidad-metal-cdecfd63b0ff4a6d8b3ee5a1fc91d1d3.jpg 800w\" sizes=\"(max-width: 300px) 100vw, 300px\" \/><img decoding=\"async\" class=\"aligncenter size-medium wp-image-10033\" src=\"https:\/\/sexysiempre.com\/web\/wp-content\/uploads\/ft-sm001-castidad-metal-8dcfa16313ec4a5f8b20e068a8270d33-650x650.jpg\" alt=\"\" width=\"300\" height=\"300\" srcset=\"https:\/\/sexysiempre.com\/web\/wp-content\/uploads\/ft-sm001-castidad-metal-8dcfa16313ec4a5f8b20e068a8270d33-650x650.jpg 650w, https:\/\/sexysiempre.com\/web\/wp-content\/uploads\/ft-sm001-castidad-metal-8dcfa16313ec4a5f8b20e068a8270d33-150x150.jpg 150w, https:\/\/sexysiempre.com\/web\/wp-content\/uploads\/ft-sm001-castidad-metal-8dcfa16313ec4a5f8b20e068a8270d33-768x768.jpg 768w, https:\/\/sexysiempre.com\/web\/wp-content\/uploads\/ft-sm001-castidad-metal-8dcfa16313ec4a5f8b20e068a8270d33-120x120.jpg 120w, https:\/\/sexysiempre.com\/web\/wp-content\/uploads\/ft-sm001-castidad-metal-8dcfa16313ec4a5f8b20e068a8270d33-300x300.jpg 300w, https:\/\/sexysiempre.com\/web\/wp-content\/uploads\/ft-sm001-castidad-metal-8dcfa16313ec4a5f8b20e068a8270d33-600x600.jpg 600w, https:\/\/sexysiempre.com\/web\/wp-content\/uploads\/ft-sm001-castidad-metal-8dcfa16313ec4a5f8b20e068a8270d33-100x100.jpg 100w, https:\/\/sexysiempre.com\/web\/wp-content\/uploads\/ft-sm001-castidad-metal-8dcfa16313ec4a5f8b20e068a8270d33.jpg 800w\" sizes=\"(max-width: 300px) 100vw, 300px\" \/><img decoding=\"async\" class=\"aligncenter size-medium wp-image-10034\" src=\"https:\/\/sexysiempre.com\/web\/wp-content\/uploads\/ft-sm001-castidad-metal-b6f40be1242047dbb628a8af69ba7ad2-650x650.jpg\" alt=\"\" width=\"300\" height=\"300\" srcset=\"https:\/\/sexysiempre.com\/web\/wp-content\/uploads\/ft-sm001-castidad-metal-b6f40be1242047dbb628a8af69ba7ad2-650x650.jpg 650w, https:\/\/sexysiempre.com\/web\/wp-content\/uploads\/ft-sm001-castidad-metal-b6f40be1242047dbb628a8af69ba7ad2-150x150.jpg 150w, https:\/\/sexysiempre.com\/web\/wp-content\/uploads\/ft-sm001-castidad-metal-b6f40be1242047dbb628a8af69ba7ad2-768x768.jpg 768w, https:\/\/sexysiempre.com\/web\/wp-content\/uploads\/ft-sm001-castidad-metal-b6f40be1242047dbb628a8af69ba7ad2-120x120.jpg 120w, https:\/\/sexysiempre.com\/web\/wp-content\/uploads\/ft-sm001-castidad-metal-b6f40be1242047dbb628a8af69ba7ad2-300x300.jpg 300w, https:\/\/sexysiempre.com\/web\/wp-content\/uploads\/ft-sm001-castidad-metal-b6f40be1242047dbb628a8af69ba7ad2-600x600.jpg 600w, https:\/\/sexysiempre.com\/web\/wp-content\/uploads\/ft-sm001-castidad-metal-b6f40be1242047dbb628a8af69ba7ad2-100x100.jpg 100w, https:\/\/sexysiempre.com\/web\/wp-content\/uploads\/ft-sm001-castidad-metal-b6f40be1242047dbb628a8af69ba7ad2.jpg 800w\" sizes=\"(max-width: 300px) 100vw, 300px\" \/><\/span><\/p>\n","protected":false},"excerpt":{"rendered":"<p>FT-SM001 Mas all\u00e0 de lo que imagin\u00e0s. Jaula en metal, incluye candado. Medidas aproximadas: Di\u00e1metro mayor 5 cm.\u00a0\u00a0\u00a0Longitud total 9 cm.<\/p>\n","protected":false},"featured_media":10031,"template":"","meta":[],"product_brand":[],"product_cat":[6,53,37],"product_tag":[],"class_list":{"0":"post-10030","1":"product","2":"type-product","3":"status-publish","4":"has-post-thumbnail","6":"product_cat-juguetes-accesorios-y-sexshop","7":"product_cat-estimuladores-y-masturbadores-masculinos","8":"product_cat-protesis-extensiones-y-erectores","10":"first","11":"instock","12":"shipping-taxable","13":"product-type-simple"},"_links":{"self":[{"href":"https:\/\/sexysiempre.com\/web\/wp-json\/wp\/v2\/product\/10030","targetHints":{"allow":["GET"]}}],"collection":[{"href":"https:\/\/sexysiempre.com\/web\/wp-json\/wp\/v2\/product"}],"about":[{"href":"https:\/\/sexysiempre.com\/web\/wp-json\/wp\/v2\/types\/product"}],"wp:featuredmedia":[{"embeddable":true,"href":"https:\/\/sexysiempre.com\/web\/wp-json\/wp\/v2\/media\/10031"}],"wp:attachment":[{"href":"https:\/\/sexysiempre.com\/web\/wp-json\/wp\/v2\/media?parent=10030"}],"wp:term":[{"taxonomy":"product_brand","embeddable":true,"href":"https:\/\/sexysiempre.com\/web\/wp-json\/wp\/v2\/product_brand?post=10030"},{"taxonomy":"product_cat","embeddable":true,"href":"https:\/\/sexysiempre.com\/web\/wp-json\/wp\/v2\/product_cat?post=10030"},{"taxonomy":"product_tag","embeddable":true,"href":"https:\/\/sexysiempre.com\/web\/wp-json\/wp\/v2\/product_tag?post=10030"}],"curies":[{"name":"wp","href":"https:\/\/api.w.org\/{rel}","templated":true}]}}