{"id":10056,"date":"2022-11-18T19:35:26","date_gmt":"2022-11-18T22:35:26","guid":{"rendered":"https:\/\/sexysiempre.com\/web\/?post_type=product&#038;p=10056"},"modified":"2026-02-28T20:12:26","modified_gmt":"2026-02-28T23:12:26","slug":"bomba-de-vacio-penis-pump-8","status":"publish","type":"product","link":"https:\/\/sexysiempre.com\/web\/producto\/bomba-de-vacio-penis-pump-8","title":{"rendered":"Bomba de Vac\u00eco Penis Pump 8"},"content":{"rendered":"<p style=\"text-align: center;\">110628<\/p>\n<p style=\"text-align: center;\"><img fetchpriority=\"high\" decoding=\"async\" class=\"aligncenter size-medium wp-image-10058\" src=\"https:\/\/sexysiempre.com\/web\/wp-content\/uploads\/5daea44848f72-650x650.jpg\" alt=\"\" width=\"300\" height=\"300\" srcset=\"https:\/\/sexysiempre.com\/web\/wp-content\/uploads\/5daea44848f72-650x650.jpg 650w, https:\/\/sexysiempre.com\/web\/wp-content\/uploads\/5daea44848f72-800x800.jpg 800w, https:\/\/sexysiempre.com\/web\/wp-content\/uploads\/5daea44848f72-150x150.jpg 150w, https:\/\/sexysiempre.com\/web\/wp-content\/uploads\/5daea44848f72-768x768.jpg 768w, https:\/\/sexysiempre.com\/web\/wp-content\/uploads\/5daea44848f72-120x120.jpg 120w, https:\/\/sexysiempre.com\/web\/wp-content\/uploads\/5daea44848f72-300x300.jpg 300w, https:\/\/sexysiempre.com\/web\/wp-content\/uploads\/5daea44848f72-600x600.jpg 600w, https:\/\/sexysiempre.com\/web\/wp-content\/uploads\/5daea44848f72-100x100.jpg 100w, https:\/\/sexysiempre.com\/web\/wp-content\/uploads\/5daea44848f72.jpg 1000w\" sizes=\"(max-width: 300px) 100vw, 300px\" \/><img decoding=\"async\" class=\"aligncenter size-medium wp-image-10059\" src=\"https:\/\/sexysiempre.com\/web\/wp-content\/uploads\/5daea448016fd-650x650.jpg\" alt=\"\" width=\"300\" height=\"300\" srcset=\"https:\/\/sexysiempre.com\/web\/wp-content\/uploads\/5daea448016fd-650x650.jpg 650w, https:\/\/sexysiempre.com\/web\/wp-content\/uploads\/5daea448016fd-800x800.jpg 800w, https:\/\/sexysiempre.com\/web\/wp-content\/uploads\/5daea448016fd-150x150.jpg 150w, https:\/\/sexysiempre.com\/web\/wp-content\/uploads\/5daea448016fd-768x768.jpg 768w, https:\/\/sexysiempre.com\/web\/wp-content\/uploads\/5daea448016fd-120x120.jpg 120w, https:\/\/sexysiempre.com\/web\/wp-content\/uploads\/5daea448016fd-300x300.jpg 300w, https:\/\/sexysiempre.com\/web\/wp-content\/uploads\/5daea448016fd-600x600.jpg 600w, https:\/\/sexysiempre.com\/web\/wp-content\/uploads\/5daea448016fd-100x100.jpg 100w, https:\/\/sexysiempre.com\/web\/wp-content\/uploads\/5daea448016fd.jpg 1000w\" sizes=\"(max-width: 300px) 100vw, 300px\" \/><\/p>\n<p style=\"text-align: center;\">Dise\u00f1ada para adquirir m\u00e0xima erecci\u00f2n y prevenir la eyaculaci\u00f2n precoz con el uso frecuente, Tubo ABS m\u00e8dico, anti tiro y crack. Aspiraci\u00f2n el\u00e8ctrica, f\u00e0cil de operar. Succi\u00f2n multifrecuencia, satisface diferentes demandas.<\/p>\n<p style=\"text-align: center;\">Las Bombas de Vac\u00eco son productos placenteros y saludables.<\/p>\n<p style=\"text-align: center;\">Placenteros porque a trav\u00e8s de la succi\u00f2n, adem\u00e0s de adquirir la m\u00e0xima erecci\u00f2n juego el rol de masturbador.<\/p>\n<p style=\"text-align: center;\">Saludable porque colabora en mejorar la disfunci\u00f2n er\u00e8ctil, tambi\u00e8n recomendada por m\u00e8dicos luego de intervenci\u00f2n quir\u00f9rgica de pr\u00f2stata.<\/p>\n<p style=\"text-align: center;\">En Material ABS de calidad y seguro, PVC, silicona. Medidas aproximadas 250 mm x 70 mm. Bater\u00eca de iones de litio de 1500 mAh incorporada, carga 3 horas para 4 horas de uso. Incluye cable de carga.<\/p>\n","protected":false},"excerpt":{"rendered":"<p>110628 Dise\u00f1ada para adquirir m\u00e0xima erecci\u00f2n y prevenir la eyaculaci\u00f2n precoz con el uso frecuente, Tubo ABS m\u00e8dico, anti tiro y crack. Aspiraci\u00f2n el\u00e8ctrica, f\u00e0cil de operar. Succi\u00f2n multifrecuencia, satisface diferentes demandas. Las Bombas de Vac\u00eco son productos placenteros y saludables. Placenteros porque a trav\u00e8s de la succi\u00f2n, adem\u00e0s de adquirir la m\u00e0xima erecci\u00f2n juego [&hellip;]<\/p>\n","protected":false},"featured_media":10057,"template":"","meta":[],"product_brand":[],"product_cat":[6,53,37],"product_tag":[],"class_list":{"0":"post-10056","1":"product","2":"type-product","3":"status-publish","4":"has-post-thumbnail","6":"product_cat-juguetes-accesorios-y-sexshop","7":"product_cat-estimuladores-y-masturbadores-masculinos","8":"product_cat-protesis-extensiones-y-erectores","10":"first","11":"outofstock","12":"shipping-taxable","13":"product-type-simple"},"_links":{"self":[{"href":"https:\/\/sexysiempre.com\/web\/wp-json\/wp\/v2\/product\/10056","targetHints":{"allow":["GET"]}}],"collection":[{"href":"https:\/\/sexysiempre.com\/web\/wp-json\/wp\/v2\/product"}],"about":[{"href":"https:\/\/sexysiempre.com\/web\/wp-json\/wp\/v2\/types\/product"}],"wp:featuredmedia":[{"embeddable":true,"href":"https:\/\/sexysiempre.com\/web\/wp-json\/wp\/v2\/media\/10057"}],"wp:attachment":[{"href":"https:\/\/sexysiempre.com\/web\/wp-json\/wp\/v2\/media?parent=10056"}],"wp:term":[{"taxonomy":"product_brand","embeddable":true,"href":"https:\/\/sexysiempre.com\/web\/wp-json\/wp\/v2\/product_brand?post=10056"},{"taxonomy":"product_cat","embeddable":true,"href":"https:\/\/sexysiempre.com\/web\/wp-json\/wp\/v2\/product_cat?post=10056"},{"taxonomy":"product_tag","embeddable":true,"href":"https:\/\/sexysiempre.com\/web\/wp-json\/wp\/v2\/product_tag?post=10056"}],"curies":[{"name":"wp","href":"https:\/\/api.w.org\/{rel}","templated":true}]}}