{"id":10130,"date":"2023-01-09T21:03:38","date_gmt":"2023-01-10T00:03:38","guid":{"rendered":"https:\/\/sexysiempre.com\/web\/?post_type=product&#038;p=10130"},"modified":"2026-02-28T20:18:17","modified_gmt":"2026-02-28T23:18:17","slug":"bomba-erectora-powerpump","status":"publish","type":"product","link":"https:\/\/sexysiempre.com\/web\/producto\/bomba-erectora-powerpump","title":{"rendered":"Bomba Erectora Powerpump"},"content":{"rendered":"<p style=\"text-align: center;\">110828<\/p>\n<p>&nbsp;<\/p>\n<h1 style=\"text-align: center;\">Powerpump Men 2.0 Piston 25X7cm<\/h1>\n<p style=\"text-align: center;\">Aumenta el tama\u00f1o de tu confianza con esta Bomba, muy segura y f\u00e0cil de usar. Con cada tir\u00f2n del disparador, el pene se har\u00e0 mas grande y grueso adquiriendo su m\u00e0xima erecci\u00f2n. Es de material PVC tiene una v\u00e0lvula de liberaci\u00f2n r\u00e0pida que alivia la presi\u00f2n con solo apretar un bot\u00f2n. Largo del cilindro 25 cm, di\u00e0metro 7 cm.<\/p>\n","protected":false},"excerpt":{"rendered":"<p>110828 &nbsp; Powerpump Men 2.0 Piston 25X7cm Aumenta el tama\u00f1o de tu confianza con esta Bomba, muy segura y f\u00e0cil de usar. Con cada tir\u00f2n del disparador, el pene se har\u00e0 mas grande y grueso adquiriendo su m\u00e0xima erecci\u00f2n. Es de material PVC tiene una v\u00e0lvula de liberaci\u00f2n r\u00e0pida que alivia la presi\u00f2n con solo [&hellip;]<\/p>\n","protected":false},"featured_media":10131,"template":"","meta":[],"product_brand":[],"product_cat":[6,53,37],"product_tag":[217,147,446,146],"class_list":{"0":"post-10130","1":"product","2":"type-product","3":"status-publish","4":"has-post-thumbnail","6":"product_cat-juguetes-accesorios-y-sexshop","7":"product_cat-estimuladores-y-masturbadores-masculinos","8":"product_cat-protesis-extensiones-y-erectores","9":"product_tag-bombas-de-vacio","10":"product_tag-rio-grande","11":"product_tag-sexshop-ushuaia-2","12":"product_tag-tierra-del-fuego","14":"first","15":"outofstock","16":"shipping-taxable","17":"product-type-simple"},"_links":{"self":[{"href":"https:\/\/sexysiempre.com\/web\/wp-json\/wp\/v2\/product\/10130","targetHints":{"allow":["GET"]}}],"collection":[{"href":"https:\/\/sexysiempre.com\/web\/wp-json\/wp\/v2\/product"}],"about":[{"href":"https:\/\/sexysiempre.com\/web\/wp-json\/wp\/v2\/types\/product"}],"wp:featuredmedia":[{"embeddable":true,"href":"https:\/\/sexysiempre.com\/web\/wp-json\/wp\/v2\/media\/10131"}],"wp:attachment":[{"href":"https:\/\/sexysiempre.com\/web\/wp-json\/wp\/v2\/media?parent=10130"}],"wp:term":[{"taxonomy":"product_brand","embeddable":true,"href":"https:\/\/sexysiempre.com\/web\/wp-json\/wp\/v2\/product_brand?post=10130"},{"taxonomy":"product_cat","embeddable":true,"href":"https:\/\/sexysiempre.com\/web\/wp-json\/wp\/v2\/product_cat?post=10130"},{"taxonomy":"product_tag","embeddable":true,"href":"https:\/\/sexysiempre.com\/web\/wp-json\/wp\/v2\/product_tag?post=10130"}],"curies":[{"name":"wp","href":"https:\/\/api.w.org\/{rel}","templated":true}]}}