{"id":10133,"date":"2023-01-09T21:09:43","date_gmt":"2023-01-10T00:09:43","guid":{"rendered":"https:\/\/sexysiempre.com\/web\/?post_type=product&#038;p=10133"},"modified":"2026-02-25T19:08:05","modified_gmt":"2026-02-25T22:08:05","slug":"pouch-oh-yes-stimulation","status":"publish","type":"product","link":"https:\/\/sexysiempre.com\/web\/producto\/pouch-oh-yes-stimulation","title":{"rendered":"Pouch Oh Yes! Stimulation"},"content":{"rendered":"<div style=\"text-align: center;\">CREMA \u00cdNTIMA ORGASMICA ESTIMULANTE<\/div>\n<div style=\"text-align: center;\"><\/div>\n<div style=\"text-align: center;\">\u00a1Orgasmos m\u00e1s potentes!<\/div>\n<div><img fetchpriority=\"high\" decoding=\"async\" class=\"aligncenter size-medium wp-image-10136\" src=\"https:\/\/sexysiempre.com\/web\/wp-content\/uploads\/pbd03-pouch-oh-yes-stimulation-44-unidades-1d666d2eb9764790b318312fd871b628-1-650x650.jpg\" alt=\"\" width=\"300\" height=\"300\" srcset=\"https:\/\/sexysiempre.com\/web\/wp-content\/uploads\/pbd03-pouch-oh-yes-stimulation-44-unidades-1d666d2eb9764790b318312fd871b628-1-650x650.jpg 650w, https:\/\/sexysiempre.com\/web\/wp-content\/uploads\/pbd03-pouch-oh-yes-stimulation-44-unidades-1d666d2eb9764790b318312fd871b628-1-150x150.jpg 150w, https:\/\/sexysiempre.com\/web\/wp-content\/uploads\/pbd03-pouch-oh-yes-stimulation-44-unidades-1d666d2eb9764790b318312fd871b628-1-768x768.jpg 768w, https:\/\/sexysiempre.com\/web\/wp-content\/uploads\/pbd03-pouch-oh-yes-stimulation-44-unidades-1d666d2eb9764790b318312fd871b628-1-120x120.jpg 120w, https:\/\/sexysiempre.com\/web\/wp-content\/uploads\/pbd03-pouch-oh-yes-stimulation-44-unidades-1d666d2eb9764790b318312fd871b628-1-300x300.jpg 300w, https:\/\/sexysiempre.com\/web\/wp-content\/uploads\/pbd03-pouch-oh-yes-stimulation-44-unidades-1d666d2eb9764790b318312fd871b628-1-600x600.jpg 600w, https:\/\/sexysiempre.com\/web\/wp-content\/uploads\/pbd03-pouch-oh-yes-stimulation-44-unidades-1d666d2eb9764790b318312fd871b628-1-100x100.jpg 100w, https:\/\/sexysiempre.com\/web\/wp-content\/uploads\/pbd03-pouch-oh-yes-stimulation-44-unidades-1d666d2eb9764790b318312fd871b628-1.jpg 800w\" sizes=\"(max-width: 300px) 100vw, 300px\" \/><\/div>\n<div style=\"text-align: center;\"><\/div>\n<div style=\"text-align: center;\">Con tan solo un poco de crema sobre la zona genital,\u00a0 sentir\u00e1 como se intensifica cada caricia, roce, beso y juego sexual que pueda imaginar.<\/div>\n<div style=\"text-align: center;\"><\/div>\n<div style=\"text-align: center;\">Multiplicando el placer, lubricaci\u00f3n, deseo e incrementando el grado de goce en momentos de cl\u00edmax.<\/div>\n<div style=\"text-align: center;\"><\/div>\n<div style=\"text-align: center;\">Ya sea a solas o en pareja, sin duda esta es una crema m\u00e1gica para experiencias y juegos imposible dejar pasar&#8230;<\/div>\n","protected":false},"excerpt":{"rendered":"<p>CREMA \u00cdNTIMA ORGASMICA ESTIMULANTE \u00a1Orgasmos m\u00e1s potentes! Con tan solo un poco de crema sobre la zona genital,\u00a0 sentir\u00e1 como se intensifica cada caricia, roce, beso y juego sexual que pueda imaginar. Multiplicando el placer, lubricaci\u00f3n, deseo e incrementando el grado de goce en momentos de cl\u00edmax. Ya sea a solas o en pareja, sin [&hellip;]<\/p>\n","protected":false},"featured_media":10134,"template":"","meta":[],"product_brand":[],"product_cat":[6,20],"product_tag":[494,147,446,146],"class_list":{"0":"post-10133","1":"product","2":"type-product","3":"status-publish","4":"has-post-thumbnail","6":"product_cat-juguetes-accesorios-y-sexshop","7":"product_cat-aceites-geles-y-lubricantes","8":"product_tag-lubricante","9":"product_tag-rio-grande","10":"product_tag-sexshop-ushuaia-2","11":"product_tag-tierra-del-fuego","13":"first","14":"outofstock","15":"shipping-taxable","16":"product-type-simple"},"_links":{"self":[{"href":"https:\/\/sexysiempre.com\/web\/wp-json\/wp\/v2\/product\/10133","targetHints":{"allow":["GET"]}}],"collection":[{"href":"https:\/\/sexysiempre.com\/web\/wp-json\/wp\/v2\/product"}],"about":[{"href":"https:\/\/sexysiempre.com\/web\/wp-json\/wp\/v2\/types\/product"}],"wp:featuredmedia":[{"embeddable":true,"href":"https:\/\/sexysiempre.com\/web\/wp-json\/wp\/v2\/media\/10134"}],"wp:attachment":[{"href":"https:\/\/sexysiempre.com\/web\/wp-json\/wp\/v2\/media?parent=10133"}],"wp:term":[{"taxonomy":"product_brand","embeddable":true,"href":"https:\/\/sexysiempre.com\/web\/wp-json\/wp\/v2\/product_brand?post=10133"},{"taxonomy":"product_cat","embeddable":true,"href":"https:\/\/sexysiempre.com\/web\/wp-json\/wp\/v2\/product_cat?post=10133"},{"taxonomy":"product_tag","embeddable":true,"href":"https:\/\/sexysiempre.com\/web\/wp-json\/wp\/v2\/product_tag?post=10133"}],"curies":[{"name":"wp","href":"https:\/\/api.w.org\/{rel}","templated":true}]}}