{"id":10181,"date":"2023-02-27T17:50:16","date_gmt":"2023-02-27T20:50:16","guid":{"rendered":"https:\/\/sexysiempre.com\/web\/?post_type=product&#038;p=10181"},"modified":"2026-02-26T15:03:45","modified_gmt":"2026-02-26T18:03:45","slug":"ciber-suck-actor-kris-lord-4","status":"publish","type":"product","link":"https:\/\/sexysiempre.com\/web\/producto\/ciber-suck-actor-kris-lord-4","title":{"rendered":"Ciber Suck Actor Kris Lord 4"},"content":{"rendered":"<p>3808-5<\/p>\n<p><img fetchpriority=\"high\" decoding=\"async\" class=\"aligncenter size-medium wp-image-10184\" src=\"https:\/\/sexysiempre.com\/web\/wp-content\/uploads\/30-804-31-ciber-suck-actor-kris-lord-n4-240e01281b3642fb8e2b5765ddf51a8f-650x650.jpg\" alt=\"\" width=\"300\" height=\"300\" srcset=\"https:\/\/sexysiempre.com\/web\/wp-content\/uploads\/30-804-31-ciber-suck-actor-kris-lord-n4-240e01281b3642fb8e2b5765ddf51a8f-650x650.jpg 650w, https:\/\/sexysiempre.com\/web\/wp-content\/uploads\/30-804-31-ciber-suck-actor-kris-lord-n4-240e01281b3642fb8e2b5765ddf51a8f-150x150.jpg 150w, https:\/\/sexysiempre.com\/web\/wp-content\/uploads\/30-804-31-ciber-suck-actor-kris-lord-n4-240e01281b3642fb8e2b5765ddf51a8f-768x768.jpg 768w, https:\/\/sexysiempre.com\/web\/wp-content\/uploads\/30-804-31-ciber-suck-actor-kris-lord-n4-240e01281b3642fb8e2b5765ddf51a8f-120x120.jpg 120w, https:\/\/sexysiempre.com\/web\/wp-content\/uploads\/30-804-31-ciber-suck-actor-kris-lord-n4-240e01281b3642fb8e2b5765ddf51a8f-300x300.jpg 300w, https:\/\/sexysiempre.com\/web\/wp-content\/uploads\/30-804-31-ciber-suck-actor-kris-lord-n4-240e01281b3642fb8e2b5765ddf51a8f-600x600.jpg 600w, https:\/\/sexysiempre.com\/web\/wp-content\/uploads\/30-804-31-ciber-suck-actor-kris-lord-n4-240e01281b3642fb8e2b5765ddf51a8f-100x100.jpg 100w, https:\/\/sexysiempre.com\/web\/wp-content\/uploads\/30-804-31-ciber-suck-actor-kris-lord-n4-240e01281b3642fb8e2b5765ddf51a8f.jpg 800w\" sizes=\"(max-width: 300px) 100vw, 300px\" \/><\/p>\n<div style=\"text-align: center;\">NATURE NUMBER 4<\/div>\n<div style=\"text-align: center;\">CYBER REAL\u00cdSTICO CON SOPAPA Y TEST\u00cdCULOS<\/div>\n<div style=\"text-align: center;\"><\/div>\n<div style=\"text-align: center;\">Pene real\u00edstico hecho de un material hipoalerg\u00e9nico, con textura suave y s\u00edmil a la piel.<\/div>\n<div style=\"text-align: center;\"><\/div>\n<div style=\"text-align: center;\">El Suck posee sopapa, lo que permite su adhesi\u00f3n\u00a0a la superficie.<\/div>\n<div style=\"text-align: center;\"><\/div>\n<div style=\"text-align: center;\">Este art\u00edculo es resistente al agua.<\/div>\n<div style=\"text-align: center;\"><\/div>\n<div style=\"text-align: center;\">Se recomienda el uso de lubricantes<\/div>\n<div style=\"text-align: center;\"><\/div>\n<div>\n<div style=\"text-align: center;\">\n<div>\n<div>MEDIDA:\u00a019 x 3.5 \u00d8 CM<\/div>\n<\/div>\n<\/div>\n<div style=\"text-align: center;\"><\/div>\n<div>\n<div style=\"text-align: center;\"><i>Phthalate free \/ Libre de Ftalato.<\/i><\/div>\n<div style=\"text-align: center;\"><i>Las medidas y color del art\u00edculo pueden diferir dependiendo la partida.<\/i><\/div>\n<\/div>\n<\/div>\n","protected":false},"excerpt":{"rendered":"<p>3808-5 NATURE NUMBER 4 CYBER REAL\u00cdSTICO CON SOPAPA Y TEST\u00cdCULOS Pene real\u00edstico hecho de un material hipoalerg\u00e9nico, con textura suave y s\u00edmil a la piel. El Suck posee sopapa, lo que permite su adhesi\u00f3n\u00a0a la superficie. Este art\u00edculo es resistente al agua. Se recomienda el uso de lubricantes MEDIDA:\u00a019 x 3.5 \u00d8 CM Phthalate free [&hellip;]<\/p>\n","protected":false},"featured_media":10183,"template":"","meta":[],"product_brand":[],"product_cat":[6,18],"product_tag":[90,147,446,146],"class_list":{"0":"post-10181","1":"product","2":"type-product","3":"status-publish","4":"has-post-thumbnail","6":"product_cat-juguetes-accesorios-y-sexshop","7":"product_cat-vibradores-jelly-ventosas-y-macizos","8":"product_tag-consoladores-2","9":"product_tag-rio-grande","10":"product_tag-sexshop-ushuaia-2","11":"product_tag-tierra-del-fuego","13":"first","14":"outofstock","15":"shipping-taxable","16":"product-type-simple"},"_links":{"self":[{"href":"https:\/\/sexysiempre.com\/web\/wp-json\/wp\/v2\/product\/10181","targetHints":{"allow":["GET"]}}],"collection":[{"href":"https:\/\/sexysiempre.com\/web\/wp-json\/wp\/v2\/product"}],"about":[{"href":"https:\/\/sexysiempre.com\/web\/wp-json\/wp\/v2\/types\/product"}],"wp:featuredmedia":[{"embeddable":true,"href":"https:\/\/sexysiempre.com\/web\/wp-json\/wp\/v2\/media\/10183"}],"wp:attachment":[{"href":"https:\/\/sexysiempre.com\/web\/wp-json\/wp\/v2\/media?parent=10181"}],"wp:term":[{"taxonomy":"product_brand","embeddable":true,"href":"https:\/\/sexysiempre.com\/web\/wp-json\/wp\/v2\/product_brand?post=10181"},{"taxonomy":"product_cat","embeddable":true,"href":"https:\/\/sexysiempre.com\/web\/wp-json\/wp\/v2\/product_cat?post=10181"},{"taxonomy":"product_tag","embeddable":true,"href":"https:\/\/sexysiempre.com\/web\/wp-json\/wp\/v2\/product_tag?post=10181"}],"curies":[{"name":"wp","href":"https:\/\/api.w.org\/{rel}","templated":true}]}}