{"id":10277,"date":"2023-03-21T16:59:51","date_gmt":"2023-03-21T19:59:51","guid":{"rendered":"https:\/\/sexysiempre.com\/web\/?post_type=product&#038;p=10277"},"modified":"2023-03-27T15:29:22","modified_gmt":"2023-03-27T18:29:22","slug":"black-dragon-50-ml","status":"publish","type":"product","link":"https:\/\/sexysiempre.com\/web\/producto\/black-dragon-50-ml","title":{"rendered":"Black Dragon,  50 ml."},"content":{"rendered":"<div style=\"text-align: center;\">Intensific\u00e0 las sensaciones y descubr\u00ed algo totalmente nuevo.<\/div>\n<div style=\"text-align: center;\"><\/div>\n<div style=\"text-align: center;\">Crema potenciadora de la erecci\u00f3n que adem\u00e1s sensibiliza el \u00e1rea genital femenino para alcanzar m\u00faltiples orgasmos.<\/div>\n<div style=\"text-align: center;\"><\/div>\n<div style=\"text-align: center;\">M\u00e1s resistencia, vitalidad y erecciones m\u00e1s intensas, son los efectos que Black Dragon otorga a la pareja.<\/div>\n<div style=\"text-align: center;\"><\/div>\n<div style=\"text-align: center;\">Ideal para garantizar una relaci\u00f3n sexual de alto voltaje y gran sensibilidad\u00a0 gracias a sus vitalizantes efectos.<\/div>\n<div style=\"text-align: center;\"><\/div>\n<div style=\"text-align: center;\"><b>PRINCIPALES CARACTER\u00cdSTICAS<\/b><\/div>\n<div style=\"text-align: center;\">Potencia la erecci\u00f3n.<\/div>\n<div style=\"text-align: center;\">Compuesta con una exclusiva f\u00f3rmula a base de extractos naturales.<\/div>\n<div style=\"text-align: center;\">Efecto hielo-fuego intenso.<\/div>\n<div style=\"text-align: center;\">AMBOS SEXOS<\/div>\n<div style=\"text-align: center;\"><\/div>\n<div>\n<div style=\"text-align: center;\">Cuenta la leyenda que antiguamente en Jap\u00f3n, durante las guerras del Imperio del Sol Naciente, las mujeres daban la bienvenida a sus amados guerreros untando una potente crema en su miembro que los convert\u00eda en verdaderos dragones, pudiendo satisfacerlas durante toda una noche hasta llevarlas al m\u00e1ximo de los placeres. Hoy, esta crema es\u00a0 BLACK DRAGON. Creada a partir de extractos de plantas y hierbas naturales, solo hay que poner una gota de BLACK DRAGON en el pene, con suaves masajes sobre el glande y los laterales del tronco para empezar a disfrutar de inmediato.<\/div>\n<div style=\"text-align: center;\"><\/div>\n<div style=\"text-align: center;\">A los pocos segundos la persona empezar\u00e1 a sentir un efecto calor intenso que se apoderar\u00e1 de ella.\u00a0 Al empezar a jugar con su pareja este efecto tambi\u00e9n se transmitir\u00e1 a la otra persona, asegurando as\u00ed los orgasmos m\u00e1s intensos e inolvidables para ambos.<\/div>\n<div style=\"text-align: center;\"><\/div>\n<div style=\"text-align: center;\">\u00a1Dejate llevar por el fuego del drag\u00f3n!<\/div>\n<div style=\"text-align: center;\"><\/div>\n<div>\n<div style=\"text-align: center;\"><b>CONDOM FRIENDLY<\/b><\/div>\n<div style=\"text-align: center;\"><b>\u00a0<\/b><\/div>\n<div style=\"text-align: center;\"><b>SIN PARABENOS<\/b><\/div>\n<\/div>\n<\/div>\n","protected":false},"excerpt":{"rendered":"<p>Intensific\u00e0 las sensaciones y descubr\u00ed algo totalmente nuevo. Crema potenciadora de la erecci\u00f3n que adem\u00e1s sensibiliza el \u00e1rea genital femenino para alcanzar m\u00faltiples orgasmos. M\u00e1s resistencia, vitalidad y erecciones m\u00e1s intensas, son los efectos que Black Dragon otorga a la pareja. Ideal para garantizar una relaci\u00f3n sexual de alto voltaje y gran sensibilidad\u00a0 gracias a [&hellip;]<\/p>\n","protected":false},"featured_media":10278,"template":"","meta":[],"product_brand":[],"product_cat":[6,20],"product_tag":[550,446,146],"class_list":{"0":"post-10277","1":"product","2":"type-product","3":"status-publish","4":"has-post-thumbnail","6":"product_cat-juguetes-accesorios-y-sexshop","7":"product_cat-aceites-geles-y-lubricantes","8":"product_tag-intensificantes-de","9":"product_tag-sexshop-ushuaia-2","10":"product_tag-tierra-del-fuego","12":"first","13":"instock","14":"shipping-taxable","15":"product-type-simple"},"_links":{"self":[{"href":"https:\/\/sexysiempre.com\/web\/wp-json\/wp\/v2\/product\/10277","targetHints":{"allow":["GET"]}}],"collection":[{"href":"https:\/\/sexysiempre.com\/web\/wp-json\/wp\/v2\/product"}],"about":[{"href":"https:\/\/sexysiempre.com\/web\/wp-json\/wp\/v2\/types\/product"}],"wp:featuredmedia":[{"embeddable":true,"href":"https:\/\/sexysiempre.com\/web\/wp-json\/wp\/v2\/media\/10278"}],"wp:attachment":[{"href":"https:\/\/sexysiempre.com\/web\/wp-json\/wp\/v2\/media?parent=10277"}],"wp:term":[{"taxonomy":"product_brand","embeddable":true,"href":"https:\/\/sexysiempre.com\/web\/wp-json\/wp\/v2\/product_brand?post=10277"},{"taxonomy":"product_cat","embeddable":true,"href":"https:\/\/sexysiempre.com\/web\/wp-json\/wp\/v2\/product_cat?post=10277"},{"taxonomy":"product_tag","embeddable":true,"href":"https:\/\/sexysiempre.com\/web\/wp-json\/wp\/v2\/product_tag?post=10277"}],"curies":[{"name":"wp","href":"https:\/\/api.w.org\/{rel}","templated":true}]}}