{"id":10289,"date":"2023-03-25T18:58:16","date_gmt":"2023-03-25T21:58:16","guid":{"rendered":"https:\/\/sexysiempre.com\/web\/?post_type=product&#038;p=10289"},"modified":"2024-10-29T18:59:19","modified_gmt":"2024-10-29T21:59:19","slug":"x5-men-vibrating-realistic-ass-beige","status":"publish","type":"product","link":"https:\/\/sexysiempre.com\/web\/producto\/x5-men-vibrating-realistic-ass-beige","title":{"rendered":"X5 Men &#8211; Vibrating Realistic Ass &#8211; Beige"},"content":{"rendered":"<p style=\"text-align: center;\">BM-90233<\/p>\n<div style=\"text-align: center;\">Es tan exquisito que puede confundirlo con el real!<\/div>\n<div style=\"text-align: center;\">Se puede calentar en agua tibia para disfrutar de una sensaci\u00f3n realista.\u00a0 Se coloca la bala vibradora en uno de los orificios, brindando m\u00f9ltiples y variadas velocidades de vibraci\u00f2n.<\/div>\n<div style=\"text-align: center;\"><\/div>\n<div style=\"text-align: center;\">Elaborado en un revolucionario material X5 realista que permite penetraciones ajustadas, con orificios acanalados listos para lubricar y entregarse a placeres intensos.<\/div>\n<div style=\"text-align: center;\"><img fetchpriority=\"high\" decoding=\"async\" class=\"aligncenter size-medium wp-image-10291\" src=\"https:\/\/sexysiempre.com\/web\/wp-content\/uploads\/bm-90233-x5-men-vibrating-realistic-ass-beige-698c6659b5c344a98d1396f4a4c76b09-650x650.jpg\" alt=\"\" width=\"300\" height=\"300\" srcset=\"https:\/\/sexysiempre.com\/web\/wp-content\/uploads\/bm-90233-x5-men-vibrating-realistic-ass-beige-698c6659b5c344a98d1396f4a4c76b09-650x650.jpg 650w, https:\/\/sexysiempre.com\/web\/wp-content\/uploads\/bm-90233-x5-men-vibrating-realistic-ass-beige-698c6659b5c344a98d1396f4a4c76b09-150x150.jpg 150w, https:\/\/sexysiempre.com\/web\/wp-content\/uploads\/bm-90233-x5-men-vibrating-realistic-ass-beige-698c6659b5c344a98d1396f4a4c76b09-768x768.jpg 768w, https:\/\/sexysiempre.com\/web\/wp-content\/uploads\/bm-90233-x5-men-vibrating-realistic-ass-beige-698c6659b5c344a98d1396f4a4c76b09-120x120.jpg 120w, https:\/\/sexysiempre.com\/web\/wp-content\/uploads\/bm-90233-x5-men-vibrating-realistic-ass-beige-698c6659b5c344a98d1396f4a4c76b09-300x300.jpg 300w, https:\/\/sexysiempre.com\/web\/wp-content\/uploads\/bm-90233-x5-men-vibrating-realistic-ass-beige-698c6659b5c344a98d1396f4a4c76b09-600x600.jpg 600w, https:\/\/sexysiempre.com\/web\/wp-content\/uploads\/bm-90233-x5-men-vibrating-realistic-ass-beige-698c6659b5c344a98d1396f4a4c76b09-100x100.jpg 100w, https:\/\/sexysiempre.com\/web\/wp-content\/uploads\/bm-90233-x5-men-vibrating-realistic-ass-beige-698c6659b5c344a98d1396f4a4c76b09.jpg 800w\" sizes=\"(max-width: 300px) 100vw, 300px\" \/><\/div>\n<div style=\"text-align: center;\">\u00a0Libre de fthalatos, parafinas y l\u00e1tex.\u00a0 F\u00e0cil de higienizar con agua tibia y jab\u00f2n blanco para una diversi\u00f3n segura. Requiere de\u00a0 2 pilas AA, no incluidas.<\/div>\n<div style=\"text-align: center;\"><\/div>\n<div style=\"text-align: center;\">9 pulgadas de profundidad insertable.<\/div>\n<div style=\"text-align: center;\">Dos agradables orificios acanalados,\u00a0 suaves y realistas del tama\u00f1o de la vida.<\/div>\n<div style=\"text-align: center;\">Sumergible IPX8\u00a0 a prueba de agua para una limpieza conveniente<\/div>\n<div style=\"text-align: center;\">Medidas aproximadas:<\/div>\n<div style=\"text-align: center;\"><\/div>\n<div>\n<div style=\"text-align: center;\">Longitud (pulgadas): 9\u00a0 \u00a0Ancho (pulgadas): 10.25\u00a0 \u00a0Circunferencia (pulgadas): 32,19<\/div>\n<div><\/div>\n<\/div>\n<ul>\n<li><\/li>\n<\/ul>\n","protected":false},"excerpt":{"rendered":"<p>BM-90233 Es tan exquisito que puede confundirlo con el real! Se puede calentar en agua tibia para disfrutar de una sensaci\u00f3n realista.\u00a0 Se coloca la bala vibradora en uno de los orificios, brindando m\u00f9ltiples y variadas velocidades de vibraci\u00f2n. Elaborado en un revolucionario material X5 realista que permite penetraciones ajustadas, con orificios acanalados listos para [&hellip;]<\/p>\n","protected":false},"featured_media":10290,"template":"","meta":[],"product_brand":[],"product_cat":[6,53],"product_tag":[261,147,446,146],"class_list":{"0":"post-10289","1":"product","2":"type-product","3":"status-publish","4":"has-post-thumbnail","6":"product_cat-juguetes-accesorios-y-sexshop","7":"product_cat-estimuladores-y-masturbadores-masculinos","8":"product_tag-masturbadores-masculinos","9":"product_tag-rio-grande","10":"product_tag-sexshop-ushuaia-2","11":"product_tag-tierra-del-fuego","13":"first","14":"outofstock","15":"shipping-taxable","16":"product-type-simple"},"_links":{"self":[{"href":"https:\/\/sexysiempre.com\/web\/wp-json\/wp\/v2\/product\/10289","targetHints":{"allow":["GET"]}}],"collection":[{"href":"https:\/\/sexysiempre.com\/web\/wp-json\/wp\/v2\/product"}],"about":[{"href":"https:\/\/sexysiempre.com\/web\/wp-json\/wp\/v2\/types\/product"}],"wp:featuredmedia":[{"embeddable":true,"href":"https:\/\/sexysiempre.com\/web\/wp-json\/wp\/v2\/media\/10290"}],"wp:attachment":[{"href":"https:\/\/sexysiempre.com\/web\/wp-json\/wp\/v2\/media?parent=10289"}],"wp:term":[{"taxonomy":"product_brand","embeddable":true,"href":"https:\/\/sexysiempre.com\/web\/wp-json\/wp\/v2\/product_brand?post=10289"},{"taxonomy":"product_cat","embeddable":true,"href":"https:\/\/sexysiempre.com\/web\/wp-json\/wp\/v2\/product_cat?post=10289"},{"taxonomy":"product_tag","embeddable":true,"href":"https:\/\/sexysiempre.com\/web\/wp-json\/wp\/v2\/product_tag?post=10289"}],"curies":[{"name":"wp","href":"https:\/\/api.w.org\/{rel}","templated":true}]}}