{"id":10319,"date":"2023-03-25T21:23:02","date_gmt":"2023-03-26T00:23:02","guid":{"rendered":"https:\/\/sexysiempre.com\/web\/?post_type=product&#038;p=10319"},"modified":"2023-04-29T20:10:41","modified_gmt":"2023-04-29T23:10:41","slug":"men-heat-con-vibration-y-calor-satisfyer","status":"publish","type":"product","link":"https:\/\/sexysiempre.com\/web\/producto\/men-heat-con-vibration-y-calor-satisfyer","title":{"rendered":"Men Heat con vibration y calor &#8211; Satisfyer"},"content":{"rendered":"<p style=\"text-align: center;\">J80012<\/p>\n<p style=\"text-align: center;\"><b>Satisfyer Men Heat Vibration\u00a0<\/b>combina una excitante funci\u00f3n de vibraci\u00f3n y calor, llegando a un orgasmo explosivo, de hasta 40\u00b0.<br \/>\nCon vibraciones intensas, estimula el glande y brinda una experiencia de placer aut\u00e9ntica.<\/p>\n<p style=\"text-align: center;\">Fabricado con silicona de grado m\u00e9dico super suave, agradable para la piel, suave al tacto y extremadamente higi\u00e9nica.<\/p>\n<p style=\"text-align: center;\">Gracias a su acabado impermeable (IPX7), este juguete se puede usar de forma segura en el agua, adem\u00e1s de ser f\u00e1cil de limpiar.<\/p>\n<p style=\"text-align: left;\"><img fetchpriority=\"high\" decoding=\"async\" class=\"aligncenter size-medium wp-image-10321\" src=\"https:\/\/sexysiempre.com\/web\/wp-content\/uploads\/j80012-men-heat-vibration-c1a77064b7754c589870958fc0bd8cc5-650x650.jpg\" alt=\"\" width=\"300\" height=\"300\" srcset=\"https:\/\/sexysiempre.com\/web\/wp-content\/uploads\/j80012-men-heat-vibration-c1a77064b7754c589870958fc0bd8cc5-650x650.jpg 650w, https:\/\/sexysiempre.com\/web\/wp-content\/uploads\/j80012-men-heat-vibration-c1a77064b7754c589870958fc0bd8cc5-150x150.jpg 150w, https:\/\/sexysiempre.com\/web\/wp-content\/uploads\/j80012-men-heat-vibration-c1a77064b7754c589870958fc0bd8cc5-768x768.jpg 768w, https:\/\/sexysiempre.com\/web\/wp-content\/uploads\/j80012-men-heat-vibration-c1a77064b7754c589870958fc0bd8cc5-120x120.jpg 120w, https:\/\/sexysiempre.com\/web\/wp-content\/uploads\/j80012-men-heat-vibration-c1a77064b7754c589870958fc0bd8cc5-300x300.jpg 300w, https:\/\/sexysiempre.com\/web\/wp-content\/uploads\/j80012-men-heat-vibration-c1a77064b7754c589870958fc0bd8cc5-600x600.jpg 600w, https:\/\/sexysiempre.com\/web\/wp-content\/uploads\/j80012-men-heat-vibration-c1a77064b7754c589870958fc0bd8cc5-100x100.jpg 100w, https:\/\/sexysiempre.com\/web\/wp-content\/uploads\/j80012-men-heat-vibration-c1a77064b7754c589870958fc0bd8cc5.jpg 800w\" sizes=\"(max-width: 300px) 100vw, 300px\" \/><img decoding=\"async\" class=\"aligncenter size-medium wp-image-10322\" src=\"https:\/\/sexysiempre.com\/web\/wp-content\/uploads\/j80012-men-heat-vibration-33386e9b78f7482680394d271cae1caa-650x650.jpg\" alt=\"\" width=\"300\" height=\"300\" srcset=\"https:\/\/sexysiempre.com\/web\/wp-content\/uploads\/j80012-men-heat-vibration-33386e9b78f7482680394d271cae1caa-650x650.jpg 650w, https:\/\/sexysiempre.com\/web\/wp-content\/uploads\/j80012-men-heat-vibration-33386e9b78f7482680394d271cae1caa-150x150.jpg 150w, https:\/\/sexysiempre.com\/web\/wp-content\/uploads\/j80012-men-heat-vibration-33386e9b78f7482680394d271cae1caa-768x768.jpg 768w, https:\/\/sexysiempre.com\/web\/wp-content\/uploads\/j80012-men-heat-vibration-33386e9b78f7482680394d271cae1caa-120x120.jpg 120w, https:\/\/sexysiempre.com\/web\/wp-content\/uploads\/j80012-men-heat-vibration-33386e9b78f7482680394d271cae1caa-300x300.jpg 300w, https:\/\/sexysiempre.com\/web\/wp-content\/uploads\/j80012-men-heat-vibration-33386e9b78f7482680394d271cae1caa-600x600.jpg 600w, https:\/\/sexysiempre.com\/web\/wp-content\/uploads\/j80012-men-heat-vibration-33386e9b78f7482680394d271cae1caa-100x100.jpg 100w, https:\/\/sexysiempre.com\/web\/wp-content\/uploads\/j80012-men-heat-vibration-33386e9b78f7482680394d271cae1caa.jpg 800w\" sizes=\"(max-width: 300px) 100vw, 300px\" \/><\/p>\n<ol>\n<li style=\"text-align: left;\">Modo de susurro<\/li>\n<li style=\"text-align: left;\">IPX7<\/li>\n<li style=\"text-align: left;\">Resistente al agua<\/li>\n<li style=\"text-align: left;\">Bater\u00eda de iones de litio<\/li>\n<li style=\"text-align: left;\">Cable de carga magn\u00e9tico por USB<\/li>\n<li style=\"text-align: left;\">11 programas de vibraci\u00f3n<\/li>\n<li style=\"text-align: left;\">Calor<\/li>\n<\/ol>\n","protected":false},"excerpt":{"rendered":"<p>J80012 Satisfyer Men Heat Vibration\u00a0combina una excitante funci\u00f3n de vibraci\u00f3n y calor, llegando a un orgasmo explosivo, de hasta 40\u00b0. Con vibraciones intensas, estimula el glande y brinda una experiencia de placer aut\u00e9ntica. Fabricado con silicona de grado m\u00e9dico super suave, agradable para la piel, suave al tacto y extremadamente higi\u00e9nica. Gracias a su acabado [&hellip;]<\/p>\n","protected":false},"featured_media":10320,"template":"","meta":[],"product_brand":[],"product_cat":[6,53],"product_tag":[260,147,446,146],"class_list":{"0":"post-10319","1":"product","2":"type-product","3":"status-publish","4":"has-post-thumbnail","6":"product_cat-juguetes-accesorios-y-sexshop","7":"product_cat-estimuladores-y-masturbadores-masculinos","8":"product_tag-masturbador-masculino","9":"product_tag-rio-grande","10":"product_tag-sexshop-ushuaia-2","11":"product_tag-tierra-del-fuego","13":"first","14":"outofstock","15":"shipping-taxable","16":"product-type-simple"},"_links":{"self":[{"href":"https:\/\/sexysiempre.com\/web\/wp-json\/wp\/v2\/product\/10319","targetHints":{"allow":["GET"]}}],"collection":[{"href":"https:\/\/sexysiempre.com\/web\/wp-json\/wp\/v2\/product"}],"about":[{"href":"https:\/\/sexysiempre.com\/web\/wp-json\/wp\/v2\/types\/product"}],"wp:featuredmedia":[{"embeddable":true,"href":"https:\/\/sexysiempre.com\/web\/wp-json\/wp\/v2\/media\/10320"}],"wp:attachment":[{"href":"https:\/\/sexysiempre.com\/web\/wp-json\/wp\/v2\/media?parent=10319"}],"wp:term":[{"taxonomy":"product_brand","embeddable":true,"href":"https:\/\/sexysiempre.com\/web\/wp-json\/wp\/v2\/product_brand?post=10319"},{"taxonomy":"product_cat","embeddable":true,"href":"https:\/\/sexysiempre.com\/web\/wp-json\/wp\/v2\/product_cat?post=10319"},{"taxonomy":"product_tag","embeddable":true,"href":"https:\/\/sexysiempre.com\/web\/wp-json\/wp\/v2\/product_tag?post=10319"}],"curies":[{"name":"wp","href":"https:\/\/api.w.org\/{rel}","templated":true}]}}