{"id":10384,"date":"2023-04-25T19:40:08","date_gmt":"2023-04-25T22:40:08","guid":{"rendered":"https:\/\/sexysiempre.com\/web\/?post_type=product&#038;p=10384"},"modified":"2023-04-25T19:40:08","modified_gmt":"2023-04-25T22:40:08","slug":"lucky-lovers-your-connection-raspa-y-juga","status":"publish","type":"product","link":"https:\/\/sexysiempre.com\/web\/producto\/lucky-lovers-your-connection-raspa-y-juga","title":{"rendered":"Lucky Lovers, Your Connection- Rasp\u00e1 Y Jug\u00e1"},"content":{"rendered":"<p style=\"text-align: center;\">\u00bfC\u00d3MO SE JUEGA?<\/p>\n<p style=\"text-align: center;\">Separ\u00e1 las cartas LUCKY, de las cartas LOVERS.<\/p>\n<p style=\"text-align: center;\">El dado LUCKY LOVERS te indicar\u00e1 c\u00f3mo fue tu suerte y con qu\u00e9 mazo vas a jugar.<\/p>\n<p style=\"text-align: center;\">El dado NUM\u00c9RICO te indicar\u00e1 con qu\u00e9 carta del mazo vas a jugar.<\/p>\n<p style=\"text-align: center;\">Ya ten\u00e9s tu carta, el dado S\u00cdMBOLOS te indicar\u00e1 cu\u00e1l sector vas a raspar para realizar la acci\u00f3n.<img fetchpriority=\"high\" decoding=\"async\" class=\"aligncenter size-medium wp-image-10386\" src=\"https:\/\/sexysiempre.com\/web\/wp-content\/uploads\/glo17-lucky-lovers-your-connection-rasp-jug-60b75b9ce5a24685a335739ef296ad72-650x650.jpeg\" alt=\"\" width=\"300\" height=\"300\" srcset=\"https:\/\/sexysiempre.com\/web\/wp-content\/uploads\/glo17-lucky-lovers-your-connection-rasp-jug-60b75b9ce5a24685a335739ef296ad72-650x650.jpeg 650w, https:\/\/sexysiempre.com\/web\/wp-content\/uploads\/glo17-lucky-lovers-your-connection-rasp-jug-60b75b9ce5a24685a335739ef296ad72-150x150.jpeg 150w, https:\/\/sexysiempre.com\/web\/wp-content\/uploads\/glo17-lucky-lovers-your-connection-rasp-jug-60b75b9ce5a24685a335739ef296ad72-768x768.jpeg 768w, https:\/\/sexysiempre.com\/web\/wp-content\/uploads\/glo17-lucky-lovers-your-connection-rasp-jug-60b75b9ce5a24685a335739ef296ad72-120x120.jpeg 120w, https:\/\/sexysiempre.com\/web\/wp-content\/uploads\/glo17-lucky-lovers-your-connection-rasp-jug-60b75b9ce5a24685a335739ef296ad72-300x300.jpeg 300w, https:\/\/sexysiempre.com\/web\/wp-content\/uploads\/glo17-lucky-lovers-your-connection-rasp-jug-60b75b9ce5a24685a335739ef296ad72-600x600.jpeg 600w, https:\/\/sexysiempre.com\/web\/wp-content\/uploads\/glo17-lucky-lovers-your-connection-rasp-jug-60b75b9ce5a24685a335739ef296ad72-100x100.jpeg 100w, https:\/\/sexysiempre.com\/web\/wp-content\/uploads\/glo17-lucky-lovers-your-connection-rasp-jug-60b75b9ce5a24685a335739ef296ad72.jpeg 800w\" sizes=\"(max-width: 300px) 100vw, 300px\" \/><img decoding=\"async\" class=\"aligncenter size-medium wp-image-10387\" src=\"https:\/\/sexysiempre.com\/web\/wp-content\/uploads\/glo17-lucky-lovers-your-connection-rasp-jug-2f9d8d9da33240a697a704e8fb41823a-650x650.jpg\" alt=\"\" width=\"300\" height=\"300\" srcset=\"https:\/\/sexysiempre.com\/web\/wp-content\/uploads\/glo17-lucky-lovers-your-connection-rasp-jug-2f9d8d9da33240a697a704e8fb41823a-650x650.jpg 650w, https:\/\/sexysiempre.com\/web\/wp-content\/uploads\/glo17-lucky-lovers-your-connection-rasp-jug-2f9d8d9da33240a697a704e8fb41823a-150x150.jpg 150w, https:\/\/sexysiempre.com\/web\/wp-content\/uploads\/glo17-lucky-lovers-your-connection-rasp-jug-2f9d8d9da33240a697a704e8fb41823a-768x768.jpg 768w, https:\/\/sexysiempre.com\/web\/wp-content\/uploads\/glo17-lucky-lovers-your-connection-rasp-jug-2f9d8d9da33240a697a704e8fb41823a-120x120.jpg 120w, https:\/\/sexysiempre.com\/web\/wp-content\/uploads\/glo17-lucky-lovers-your-connection-rasp-jug-2f9d8d9da33240a697a704e8fb41823a-300x300.jpg 300w, https:\/\/sexysiempre.com\/web\/wp-content\/uploads\/glo17-lucky-lovers-your-connection-rasp-jug-2f9d8d9da33240a697a704e8fb41823a-600x600.jpg 600w, https:\/\/sexysiempre.com\/web\/wp-content\/uploads\/glo17-lucky-lovers-your-connection-rasp-jug-2f9d8d9da33240a697a704e8fb41823a-100x100.jpg 100w, https:\/\/sexysiempre.com\/web\/wp-content\/uploads\/glo17-lucky-lovers-your-connection-rasp-jug-2f9d8d9da33240a697a704e8fb41823a.jpg 800w\" sizes=\"(max-width: 300px) 100vw, 300px\" \/><\/p>\n","protected":false},"excerpt":{"rendered":"<p>\u00bfC\u00d3MO SE JUEGA? Separ\u00e1 las cartas LUCKY, de las cartas LOVERS. El dado LUCKY LOVERS te indicar\u00e1 c\u00f3mo fue tu suerte y con qu\u00e9 mazo vas a jugar. El dado NUM\u00c9RICO te indicar\u00e1 con qu\u00e9 carta del mazo vas a jugar. Ya ten\u00e9s tu carta, el dado S\u00cdMBOLOS te indicar\u00e1 cu\u00e1l sector vas a raspar [&hellip;]<\/p>\n","protected":false},"featured_media":10385,"template":"","meta":[],"product_brand":[],"product_cat":[6,277],"product_tag":[244,147,446,146],"class_list":{"0":"post-10384","1":"product","2":"type-product","3":"status-publish","4":"has-post-thumbnail","6":"product_cat-juguetes-accesorios-y-sexshop","7":"product_cat-vigorizantes-feromonas-juegos-y-cotillon","8":"product_tag-juegos-eroticos","9":"product_tag-rio-grande","10":"product_tag-sexshop-ushuaia-2","11":"product_tag-tierra-del-fuego","13":"first","14":"instock","15":"shipping-taxable","16":"product-type-simple"},"_links":{"self":[{"href":"https:\/\/sexysiempre.com\/web\/wp-json\/wp\/v2\/product\/10384","targetHints":{"allow":["GET"]}}],"collection":[{"href":"https:\/\/sexysiempre.com\/web\/wp-json\/wp\/v2\/product"}],"about":[{"href":"https:\/\/sexysiempre.com\/web\/wp-json\/wp\/v2\/types\/product"}],"wp:featuredmedia":[{"embeddable":true,"href":"https:\/\/sexysiempre.com\/web\/wp-json\/wp\/v2\/media\/10385"}],"wp:attachment":[{"href":"https:\/\/sexysiempre.com\/web\/wp-json\/wp\/v2\/media?parent=10384"}],"wp:term":[{"taxonomy":"product_brand","embeddable":true,"href":"https:\/\/sexysiempre.com\/web\/wp-json\/wp\/v2\/product_brand?post=10384"},{"taxonomy":"product_cat","embeddable":true,"href":"https:\/\/sexysiempre.com\/web\/wp-json\/wp\/v2\/product_cat?post=10384"},{"taxonomy":"product_tag","embeddable":true,"href":"https:\/\/sexysiempre.com\/web\/wp-json\/wp\/v2\/product_tag?post=10384"}],"curies":[{"name":"wp","href":"https:\/\/api.w.org\/{rel}","templated":true}]}}