{"id":10531,"date":"2023-08-09T21:57:43","date_gmt":"2023-08-10T00:57:43","guid":{"rendered":"https:\/\/sexysiempre.com\/web\/?post_type=product&#038;p=10531"},"modified":"2023-08-09T22:00:51","modified_gmt":"2023-08-10T01:00:51","slug":"vibrador-realistico-con-ventosa","status":"publish","type":"product","link":"https:\/\/sexysiempre.com\/web\/producto\/vibrador-realistico-con-ventosa","title":{"rendered":"Vibrador real\u00ecstico con ventosa"},"content":{"rendered":"<p style=\"text-align: center;\">32303-4<\/p>\n<p style=\"text-align: center;\">Vibrador con test\u00ecculos, ventosa y control remoto para regular las vibraciones, real\u00ecstico l\u00ecnea XL con medidas aproximadas de 20 x 5,5 cm.<\/p>\n<p>&nbsp;<\/p>\n","protected":false},"excerpt":{"rendered":"<p>32303-4 Vibrador con test\u00ecculos, ventosa y control remoto para regular las vibraciones, real\u00ecstico l\u00ecnea XL con medidas aproximadas de 20 x 5,5 cm. &nbsp;<\/p>\n","protected":false},"featured_media":10532,"template":"","meta":[],"product_brand":[],"product_cat":[6,39],"product_tag":[147,446,146,557],"class_list":{"0":"post-10531","1":"product","2":"type-product","3":"status-publish","4":"has-post-thumbnail","6":"product_cat-juguetes-accesorios-y-sexshop","7":"product_cat-realisticos-xl","8":"product_tag-rio-grande","9":"product_tag-sexshop-ushuaia-2","10":"product_tag-tierra-del-fuego","11":"product_tag-vibradores-realisticos","13":"first","14":"instock","15":"shipping-taxable","16":"product-type-simple"},"_links":{"self":[{"href":"https:\/\/sexysiempre.com\/web\/wp-json\/wp\/v2\/product\/10531","targetHints":{"allow":["GET"]}}],"collection":[{"href":"https:\/\/sexysiempre.com\/web\/wp-json\/wp\/v2\/product"}],"about":[{"href":"https:\/\/sexysiempre.com\/web\/wp-json\/wp\/v2\/types\/product"}],"wp:featuredmedia":[{"embeddable":true,"href":"https:\/\/sexysiempre.com\/web\/wp-json\/wp\/v2\/media\/10532"}],"wp:attachment":[{"href":"https:\/\/sexysiempre.com\/web\/wp-json\/wp\/v2\/media?parent=10531"}],"wp:term":[{"taxonomy":"product_brand","embeddable":true,"href":"https:\/\/sexysiempre.com\/web\/wp-json\/wp\/v2\/product_brand?post=10531"},{"taxonomy":"product_cat","embeddable":true,"href":"https:\/\/sexysiempre.com\/web\/wp-json\/wp\/v2\/product_cat?post=10531"},{"taxonomy":"product_tag","embeddable":true,"href":"https:\/\/sexysiempre.com\/web\/wp-json\/wp\/v2\/product_tag?post=10531"}],"curies":[{"name":"wp","href":"https:\/\/api.w.org\/{rel}","templated":true}]}}