{"id":10534,"date":"2023-08-09T22:28:42","date_gmt":"2023-08-10T01:28:42","guid":{"rendered":"https:\/\/sexysiempre.com\/web\/?post_type=product&#038;p=10534"},"modified":"2023-08-09T22:32:32","modified_gmt":"2023-08-10T01:32:32","slug":"corpino-aro-y-collar-regulable","status":"publish","type":"product","link":"https:\/\/sexysiempre.com\/web\/producto\/corpino-aro-y-collar-regulable","title":{"rendered":"Corpi\u00f1o Aro Y Collar Regulable"},"content":{"rendered":"<p style=\"text-align: center;\">FA-0565-01-1<\/p>\n<div style=\"text-align: center;\">SACUDIR FUERTE &#8211; VESTIR PARA LA GUERRA<\/div>\n<div style=\"text-align: center;\">Para cuando se necesite jugar duro, arrancar en un juego donde agitar y sacudir ser\u00e1 parte de la aventura sexual. Con esta pechera los gemidos ser\u00e1n el recuerdo m\u00e1s lindo de haberla usado&#8230;<\/div>\n<div style=\"text-align: center;\"><\/div>\n<div style=\"text-align: center;\">Dominar el placer&#8230;<\/div>\n<div style=\"text-align: center;\">SER AMA Y SE\u00d1ORA EN LO QUE DESEES TRANSFORMARTE.<\/div>\n<div style=\"text-align: center;\"><\/div>\n<div><b>LA PECHERA SEDUCE CON SOLO TENERLA PUESTA. PREDISPONE A UN SEXO FUERTE, ARDIENTE.\u00a0<\/b><\/p>\n<p>Un dise\u00f1o que enmarca y sostiene.<\/p>\n<div><span style=\"font-family: arial, helvetica, sans-serif; font-size: large;\">Dos aros frontales de los cuales podr\u00e1s enganchar esposas con mosquet\u00f3n y hacer de la pechera un arn\u00e9s.<\/p>\n<p><\/span><\/p>\n<div style=\"text-align: center;\">Regulable a todas las medidas para que sea pr\u00e1ctico y adaptable a cualquier tipo de cuerpo.<\/div>\n<div style=\"text-align: center;\"><\/div>\n<div style=\"text-align: center;\">EL BDSM SE VISTE PARA QUE TODO PASE.<\/div>\n<div style=\"text-align: center;\"><\/div>\n<div style=\"text-align: center;\">Con tachas y remaches en color plata, para dar una buena terminaci\u00f3n y estilo.<\/p>\n<p>Realizada en cuero ecol\u00f3gico,\u00a0y todo el contorno completamente cosido y reforzado en hilo, manteniendo una confecci\u00f3n de calidad en el tiempo.<\/p><\/div>\n<\/div>\n<\/div>\n","protected":false},"excerpt":{"rendered":"<p>FA-0565-01-1 SACUDIR FUERTE &#8211; VESTIR PARA LA GUERRA Para cuando se necesite jugar duro, arrancar en un juego donde agitar y sacudir ser\u00e1 parte de la aventura sexual. Con esta pechera los gemidos ser\u00e1n el recuerdo m\u00e1s lindo de haberla usado&#8230; Dominar el placer&#8230; SER AMA Y SE\u00d1ORA EN LO QUE DESEES TRANSFORMARTE. LA PECHERA [&hellip;]<\/p>\n","protected":false},"featured_media":10535,"template":"","meta":[],"product_brand":[],"product_cat":[6,14],"product_tag":[558,147,446,146],"class_list":{"0":"post-10534","1":"product","2":"type-product","3":"status-publish","4":"has-post-thumbnail","6":"product_cat-juguetes-accesorios-y-sexshop","7":"product_cat-arnes","8":"product_tag-arnes-en-cuero","9":"product_tag-rio-grande","10":"product_tag-sexshop-ushuaia-2","11":"product_tag-tierra-del-fuego","13":"first","14":"instock","15":"shipping-taxable","16":"product-type-simple"},"_links":{"self":[{"href":"https:\/\/sexysiempre.com\/web\/wp-json\/wp\/v2\/product\/10534","targetHints":{"allow":["GET"]}}],"collection":[{"href":"https:\/\/sexysiempre.com\/web\/wp-json\/wp\/v2\/product"}],"about":[{"href":"https:\/\/sexysiempre.com\/web\/wp-json\/wp\/v2\/types\/product"}],"wp:featuredmedia":[{"embeddable":true,"href":"https:\/\/sexysiempre.com\/web\/wp-json\/wp\/v2\/media\/10535"}],"wp:attachment":[{"href":"https:\/\/sexysiempre.com\/web\/wp-json\/wp\/v2\/media?parent=10534"}],"wp:term":[{"taxonomy":"product_brand","embeddable":true,"href":"https:\/\/sexysiempre.com\/web\/wp-json\/wp\/v2\/product_brand?post=10534"},{"taxonomy":"product_cat","embeddable":true,"href":"https:\/\/sexysiempre.com\/web\/wp-json\/wp\/v2\/product_cat?post=10534"},{"taxonomy":"product_tag","embeddable":true,"href":"https:\/\/sexysiempre.com\/web\/wp-json\/wp\/v2\/product_tag?post=10534"}],"curies":[{"name":"wp","href":"https:\/\/api.w.org\/{rel}","templated":true}]}}