{"id":10561,"date":"2023-08-20T19:56:08","date_gmt":"2023-08-20T22:56:08","guid":{"rendered":"https:\/\/sexysiempre.com\/web\/?post_type=product&#038;p=10561"},"modified":"2023-08-20T20:02:06","modified_gmt":"2023-08-20T23:02:06","slug":"osborn","status":"publish","type":"product","link":"https:\/\/sexysiempre.com\/web\/producto\/osborn","title":{"rendered":"Osborn"},"content":{"rendered":"<p style=\"text-align: center;\">BI-210170<\/p>\n<p>&nbsp;<\/p>\n<p style=\"text-align: center;\">Anillo vibrador\u00a0 en silicona libre de fhtalatos, con aro ancho acanalado que colabora con la erecci\u00f2n, prolonga la eyaculaci\u00f2n y brinda sensaciones diferentes que disfrutar\u00e0n ambas personas.<\/p>\n","protected":false},"excerpt":{"rendered":"<p>BI-210170 &nbsp; Anillo vibrador\u00a0 en silicona libre de fhtalatos, con aro ancho acanalado que colabora con la erecci\u00f2n, prolonga la eyaculaci\u00f2n y brinda sensaciones diferentes que disfrutar\u00e0n ambas personas.<\/p>\n","protected":false},"featured_media":10562,"template":"","meta":[],"product_brand":[],"product_cat":[6,31],"product_tag":[281,147,446,146],"class_list":{"0":"post-10561","1":"product","2":"type-product","3":"status-publish","4":"has-post-thumbnail","6":"product_cat-juguetes-accesorios-y-sexshop","7":"product_cat-anillos-vibradores","8":"product_tag-anillos-vibradores-2","9":"product_tag-rio-grande","10":"product_tag-sexshop-ushuaia-2","11":"product_tag-tierra-del-fuego","13":"first","14":"instock","15":"shipping-taxable","16":"product-type-simple"},"_links":{"self":[{"href":"https:\/\/sexysiempre.com\/web\/wp-json\/wp\/v2\/product\/10561","targetHints":{"allow":["GET"]}}],"collection":[{"href":"https:\/\/sexysiempre.com\/web\/wp-json\/wp\/v2\/product"}],"about":[{"href":"https:\/\/sexysiempre.com\/web\/wp-json\/wp\/v2\/types\/product"}],"wp:featuredmedia":[{"embeddable":true,"href":"https:\/\/sexysiempre.com\/web\/wp-json\/wp\/v2\/media\/10562"}],"wp:attachment":[{"href":"https:\/\/sexysiempre.com\/web\/wp-json\/wp\/v2\/media?parent=10561"}],"wp:term":[{"taxonomy":"product_brand","embeddable":true,"href":"https:\/\/sexysiempre.com\/web\/wp-json\/wp\/v2\/product_brand?post=10561"},{"taxonomy":"product_cat","embeddable":true,"href":"https:\/\/sexysiempre.com\/web\/wp-json\/wp\/v2\/product_cat?post=10561"},{"taxonomy":"product_tag","embeddable":true,"href":"https:\/\/sexysiempre.com\/web\/wp-json\/wp\/v2\/product_tag?post=10561"}],"curies":[{"name":"wp","href":"https:\/\/api.w.org\/{rel}","templated":true}]}}