{"id":10591,"date":"2023-08-20T20:58:03","date_gmt":"2023-08-20T23:58:03","guid":{"rendered":"https:\/\/sexysiempre.com\/web\/?post_type=product&#038;p=10591"},"modified":"2023-08-20T21:02:51","modified_gmt":"2023-08-21T00:02:51","slug":"moth","status":"publish","type":"product","link":"https:\/\/sexysiempre.com\/web\/producto\/moth","title":{"rendered":"Moth"},"content":{"rendered":"<p style=\"text-align: center;\">BI-014943<\/p>\n<p>&nbsp;<\/p>\n<p style=\"text-align: center;\">Estos dise\u00f1os que cada d\u00eca ofrecen mas placer, s\u00f2lo los puede brindar Pretty Love. Moth posee 12 vibraciones diferentes que permiten estimular punto G y otras 3 vibraciones que sacuden esa \u00abmariposita\u00bb que har\u00e0 estallar de placer justito ah\u00ec donde mas te gusta. Libre de fhtalatos, garant\u00eca total de calidad.<\/p>\n","protected":false},"excerpt":{"rendered":"<p>BI-014943 &nbsp; Estos dise\u00f1os que cada d\u00eca ofrecen mas placer, s\u00f2lo los puede brindar Pretty Love. Moth posee 12 vibraciones diferentes que permiten estimular punto G y otras 3 vibraciones que sacuden esa \u00abmariposita\u00bb que har\u00e0 estallar de placer justito ah\u00ec donde mas te gusta. Libre de fhtalatos, garant\u00eca total de calidad.<\/p>\n","protected":false},"featured_media":10592,"template":"","meta":[],"product_brand":[],"product_cat":[6,275],"product_tag":[466,147,446,146,89],"class_list":{"0":"post-10591","1":"product","2":"type-product","3":"status-publish","4":"has-post-thumbnail","6":"product_cat-juguetes-accesorios-y-sexshop","7":"product_cat-alta-gama-rotadores-y-otros","8":"product_tag-pretty-love","9":"product_tag-rio-grande","10":"product_tag-sexshop-ushuaia-2","11":"product_tag-tierra-del-fuego","12":"product_tag-vibradores-2","14":"first","15":"instock","16":"shipping-taxable","17":"product-type-simple"},"_links":{"self":[{"href":"https:\/\/sexysiempre.com\/web\/wp-json\/wp\/v2\/product\/10591","targetHints":{"allow":["GET"]}}],"collection":[{"href":"https:\/\/sexysiempre.com\/web\/wp-json\/wp\/v2\/product"}],"about":[{"href":"https:\/\/sexysiempre.com\/web\/wp-json\/wp\/v2\/types\/product"}],"wp:featuredmedia":[{"embeddable":true,"href":"https:\/\/sexysiempre.com\/web\/wp-json\/wp\/v2\/media\/10592"}],"wp:attachment":[{"href":"https:\/\/sexysiempre.com\/web\/wp-json\/wp\/v2\/media?parent=10591"}],"wp:term":[{"taxonomy":"product_brand","embeddable":true,"href":"https:\/\/sexysiempre.com\/web\/wp-json\/wp\/v2\/product_brand?post=10591"},{"taxonomy":"product_cat","embeddable":true,"href":"https:\/\/sexysiempre.com\/web\/wp-json\/wp\/v2\/product_cat?post=10591"},{"taxonomy":"product_tag","embeddable":true,"href":"https:\/\/sexysiempre.com\/web\/wp-json\/wp\/v2\/product_tag?post=10591"}],"curies":[{"name":"wp","href":"https:\/\/api.w.org\/{rel}","templated":true}]}}