{"id":10616,"date":"2023-08-21T18:09:54","date_gmt":"2023-08-21T21:09:54","guid":{"rendered":"https:\/\/sexysiempre.com\/web\/?post_type=product&#038;p=10616"},"modified":"2026-02-28T20:16:51","modified_gmt":"2026-02-28T23:16:51","slug":"bomba-erectora-motor-30cm-x-7cm","status":"publish","type":"product","link":"https:\/\/sexysiempre.com\/web\/producto\/bomba-erectora-motor-30cm-x-7cm","title":{"rendered":"Bomba Erectora Motor 30Cm X 7Cm"},"content":{"rendered":"<p style=\"text-align: center;\">CW110068<\/p>\n<p><img fetchpriority=\"high\" decoding=\"async\" class=\"aligncenter size-medium wp-image-10618\" src=\"https:\/\/sexysiempre.com\/web\/wp-content\/uploads\/cw110068-bomba-erectora-motor-30cm-x-7cm-f36be985458f410c834ffe63f3dd9795-650x650.jpg\" alt=\"\" width=\"300\" height=\"300\" srcset=\"https:\/\/sexysiempre.com\/web\/wp-content\/uploads\/cw110068-bomba-erectora-motor-30cm-x-7cm-f36be985458f410c834ffe63f3dd9795-650x650.jpg 650w, https:\/\/sexysiempre.com\/web\/wp-content\/uploads\/cw110068-bomba-erectora-motor-30cm-x-7cm-f36be985458f410c834ffe63f3dd9795-150x150.jpg 150w, https:\/\/sexysiempre.com\/web\/wp-content\/uploads\/cw110068-bomba-erectora-motor-30cm-x-7cm-f36be985458f410c834ffe63f3dd9795-768x768.jpg 768w, https:\/\/sexysiempre.com\/web\/wp-content\/uploads\/cw110068-bomba-erectora-motor-30cm-x-7cm-f36be985458f410c834ffe63f3dd9795-120x120.jpg 120w, https:\/\/sexysiempre.com\/web\/wp-content\/uploads\/cw110068-bomba-erectora-motor-30cm-x-7cm-f36be985458f410c834ffe63f3dd9795-300x300.jpg 300w, https:\/\/sexysiempre.com\/web\/wp-content\/uploads\/cw110068-bomba-erectora-motor-30cm-x-7cm-f36be985458f410c834ffe63f3dd9795-600x600.jpg 600w, https:\/\/sexysiempre.com\/web\/wp-content\/uploads\/cw110068-bomba-erectora-motor-30cm-x-7cm-f36be985458f410c834ffe63f3dd9795-100x100.jpg 100w, https:\/\/sexysiempre.com\/web\/wp-content\/uploads\/cw110068-bomba-erectora-motor-30cm-x-7cm-f36be985458f410c834ffe63f3dd9795.jpg 800w\" sizes=\"(max-width: 300px) 100vw, 300px\" \/><img decoding=\"async\" class=\"aligncenter size-medium wp-image-10619\" src=\"https:\/\/sexysiempre.com\/web\/wp-content\/uploads\/cw110068-bomba-erectora-motor-30cm-x-7cm-292a54da4ec346cf84619c2aa066f940-650x650.jpg\" alt=\"\" width=\"300\" height=\"300\" srcset=\"https:\/\/sexysiempre.com\/web\/wp-content\/uploads\/cw110068-bomba-erectora-motor-30cm-x-7cm-292a54da4ec346cf84619c2aa066f940-650x650.jpg 650w, https:\/\/sexysiempre.com\/web\/wp-content\/uploads\/cw110068-bomba-erectora-motor-30cm-x-7cm-292a54da4ec346cf84619c2aa066f940-150x150.jpg 150w, https:\/\/sexysiempre.com\/web\/wp-content\/uploads\/cw110068-bomba-erectora-motor-30cm-x-7cm-292a54da4ec346cf84619c2aa066f940-768x768.jpg 768w, https:\/\/sexysiempre.com\/web\/wp-content\/uploads\/cw110068-bomba-erectora-motor-30cm-x-7cm-292a54da4ec346cf84619c2aa066f940-120x120.jpg 120w, https:\/\/sexysiempre.com\/web\/wp-content\/uploads\/cw110068-bomba-erectora-motor-30cm-x-7cm-292a54da4ec346cf84619c2aa066f940-300x300.jpg 300w, https:\/\/sexysiempre.com\/web\/wp-content\/uploads\/cw110068-bomba-erectora-motor-30cm-x-7cm-292a54da4ec346cf84619c2aa066f940-600x600.jpg 600w, https:\/\/sexysiempre.com\/web\/wp-content\/uploads\/cw110068-bomba-erectora-motor-30cm-x-7cm-292a54da4ec346cf84619c2aa066f940-100x100.jpg 100w, https:\/\/sexysiempre.com\/web\/wp-content\/uploads\/cw110068-bomba-erectora-motor-30cm-x-7cm-292a54da4ec346cf84619c2aa066f940.jpg 800w\" sizes=\"(max-width: 300px) 100vw, 300px\" \/><\/p>\n<div class=\"xdj266r x11i5rnm xat24cr x1mh8g0r x1vvkbs x126k92a\" style=\"text-align: center;\">\n<div dir=\"auto\">BOMBA DE VACI\u00d2: Qu\u00e8 es y para qu\u00e8 sirve..??<\/div>\n<div dir=\"auto\">Es un dispositivo de vac\u00edo que se utiliza para ayudar a los hombres con disfunci\u00f3n er\u00e9ctil a que consigan y mantengan una erecci\u00f3n . Estos dispositivos tambi\u00e9n se denominan dispositivos de constricci\u00f3n de vac\u00edo o bombas peneanas.<\/div>\n<\/div>\n<div class=\"x11i5rnm xat24cr x1mh8g0r x1vvkbs xtlvy1s x126k92a\" style=\"text-align: center;\">\n<div dir=\"auto\">Es recomendada por m\u00e8dicos ante disfunci\u00f2n er\u00e8ctil y\/o luego de intervenci\u00f2n quir\u00f9rgica prost\u00e0tica a fin de retomar paulatina y normalmente la erecci\u00f2n.<\/div>\n<\/div>\n<div class=\"x11i5rnm xat24cr x1mh8g0r x1vvkbs xtlvy1s x126k92a\" style=\"text-align: center;\">\n<div dir=\"auto\">Generalmente, la erecci\u00f3n durar\u00e1 el tiempo suficiente para mantener relaciones sexuales. No obstante, no se recomienda el uso del anillo de constricci\u00f3n durante m\u00e1s de 30 minutos.<\/div>\n<\/div>\n<div class=\"x11i5rnm xat24cr x1mh8g0r x1vvkbs xtlvy1s x126k92a\" style=\"text-align: center;\">\n<div dir=\"auto\">Los ejercicios con la bomba de vac\u00edo, tienen adem\u00e0s, el objetivo de realizar estiramientos del pene pero no consiguen un alargamiento real del mismo .<\/div>\n<div dir=\"auto\">Esta Bomba de Vac\u00eco adem\u00e0s, posee succi\u00f2n por cuanto facilita la erecci\u00f2n y tambi\u00e8n puede conducir a la eyaculaci\u00f2n. Con <span class=\"colcolor1\">\u00a0Control de<\/span><span class=\"colcolor2\">\u00a0Led indicador<\/span>\u00a0<span class=\"colcolor1\">\u00a0<\/span>\u00a0<span class=\"colcolor2\">Digital.<\/span><\/div>\n<\/div>\n<div class=\"x11i5rnm xat24cr x1mh8g0r x1vvkbs xtlvy1s x126k92a\">\n<div dir=\"auto\" style=\"text-align: center;\">Excelente producto saludable y placentero.<\/div>\n<\/div>\n","protected":false},"excerpt":{"rendered":"<p>CW110068 BOMBA DE VACI\u00d2: Qu\u00e8 es y para qu\u00e8 sirve..?? Es un dispositivo de vac\u00edo que se utiliza para ayudar a los hombres con disfunci\u00f3n er\u00e9ctil a que consigan y mantengan una erecci\u00f3n . Estos dispositivos tambi\u00e9n se denominan dispositivos de constricci\u00f3n de vac\u00edo o bombas peneanas. Es recomendada por m\u00e8dicos ante disfunci\u00f2n er\u00e8ctil y\/o [&hellip;]<\/p>\n","protected":false},"featured_media":10617,"template":"","meta":[],"product_brand":[],"product_cat":[583,6,37],"product_tag":[217,147,446,146],"class_list":{"0":"post-10616","1":"product","2":"type-product","3":"status-publish","4":"has-post-thumbnail","6":"product_cat-https-sexysiempre-com-web-categoria-producto-juguetes-accesorios-y-sexshop","7":"product_cat-juguetes-accesorios-y-sexshop","8":"product_cat-protesis-extensiones-y-erectores","9":"product_tag-bombas-de-vacio","10":"product_tag-rio-grande","11":"product_tag-sexshop-ushuaia-2","12":"product_tag-tierra-del-fuego","14":"first","15":"outofstock","16":"shipping-taxable","17":"product-type-simple"},"_links":{"self":[{"href":"https:\/\/sexysiempre.com\/web\/wp-json\/wp\/v2\/product\/10616","targetHints":{"allow":["GET"]}}],"collection":[{"href":"https:\/\/sexysiempre.com\/web\/wp-json\/wp\/v2\/product"}],"about":[{"href":"https:\/\/sexysiempre.com\/web\/wp-json\/wp\/v2\/types\/product"}],"wp:featuredmedia":[{"embeddable":true,"href":"https:\/\/sexysiempre.com\/web\/wp-json\/wp\/v2\/media\/10617"}],"wp:attachment":[{"href":"https:\/\/sexysiempre.com\/web\/wp-json\/wp\/v2\/media?parent=10616"}],"wp:term":[{"taxonomy":"product_brand","embeddable":true,"href":"https:\/\/sexysiempre.com\/web\/wp-json\/wp\/v2\/product_brand?post=10616"},{"taxonomy":"product_cat","embeddable":true,"href":"https:\/\/sexysiempre.com\/web\/wp-json\/wp\/v2\/product_cat?post=10616"},{"taxonomy":"product_tag","embeddable":true,"href":"https:\/\/sexysiempre.com\/web\/wp-json\/wp\/v2\/product_tag?post=10616"}],"curies":[{"name":"wp","href":"https:\/\/api.w.org\/{rel}","templated":true}]}}