{"id":10635,"date":"2023-08-21T18:45:27","date_gmt":"2023-08-21T21:45:27","guid":{"rendered":"https:\/\/sexysiempre.com\/web\/?post_type=product&#038;p=10635"},"modified":"2026-02-28T20:16:11","modified_gmt":"2026-02-28T23:16:11","slug":"powerpump-automatic-motor-25x7cm","status":"publish","type":"product","link":"https:\/\/sexysiempre.com\/web\/producto\/powerpump-automatic-motor-25x7cm","title":{"rendered":"Powerpump Automatic Motor 25X7cm"},"content":{"rendered":"<p style=\"text-align: center;\">CW110407<\/p>\n<p>&nbsp;<\/p>\n<div class=\"xdj266r x11i5rnm xat24cr x1mh8g0r x1vvkbs x126k92a\" style=\"text-align: center;\">\n<div dir=\"auto\">Dispositivo de vac\u00edo que\u00a0 utilizan\u00a0 los hombres con disfunci\u00f3n er\u00e9ctil,\u00a0 a fin de\u00a0 conseguir y mantener una erecci\u00f3n . Estos dispositivos tambi\u00e9n se denominan dispositivos de constricci\u00f3n de vac\u00edo o bombas peneanas.<\/div>\n<\/div>\n<div class=\"x11i5rnm xat24cr x1mh8g0r x1vvkbs xtlvy1s x126k92a\" style=\"text-align: center;\">\n<div dir=\"auto\">Es recomendada por m\u00e8dicos ante disfunci\u00f2n er\u00e8ctil y\/o luego de intervenci\u00f2n quir\u00f9rgica prost\u00e0tica a fin de retomar paulatina y normalmente la erecci\u00f2n.<\/div>\n<\/div>\n<div class=\"x11i5rnm xat24cr x1mh8g0r x1vvkbs xtlvy1s x126k92a\" style=\"text-align: center;\">\n<div dir=\"auto\">Generalmente, la erecci\u00f3n durar\u00e1 el tiempo suficiente para mantener relaciones sexuales. No obstante, no se recomienda el uso del anillo de constricci\u00f3n durante m\u00e1s de 30 minutos.<\/div>\n<\/div>\n<div class=\"x11i5rnm xat24cr x1mh8g0r x1vvkbs xtlvy1s x126k92a\" style=\"text-align: center;\">\n<div dir=\"auto\">Los ejercicios con la bomba de vac\u00edo, tienen adem\u00e0s, el objetivo de realizar estiramientos del pene pero no consiguen un alargamiento real del mismo .<\/div>\n<div dir=\"auto\">Esta Bomba de Vac\u00eco adem\u00e0s, posee succi\u00f2n por cuanto facilita la erecci\u00f2n y tambi\u00e8n puede conducir a la eyaculaci\u00f2n. Cuenta con <span class=\"colcolor1\">\u00a0control de<\/span><span class=\"colcolor2\">\u00a0Led indicador<\/span>\u00a0<span class=\"colcolor1\">\u00a0<\/span>\u00a0<span class=\"colcolor2\">Digital. Medidas aproximadas: Di\u00e1metro mayor 7 cm.\u00a0<span class=\"colcolor1\">\u00a0<\/span>\u00a0Longitud total 25 cm.<\/span><\/div>\n<\/div>\n<div class=\"x11i5rnm xat24cr x1mh8g0r x1vvkbs xtlvy1s x126k92a\">\n<div dir=\"auto\" style=\"text-align: center;\">Excelente producto saludable y placentero.<\/div>\n<\/div>\n","protected":false},"excerpt":{"rendered":"<p>CW110407 &nbsp; Dispositivo de vac\u00edo que\u00a0 utilizan\u00a0 los hombres con disfunci\u00f3n er\u00e9ctil,\u00a0 a fin de\u00a0 conseguir y mantener una erecci\u00f3n . Estos dispositivos tambi\u00e9n se denominan dispositivos de constricci\u00f3n de vac\u00edo o bombas peneanas. Es recomendada por m\u00e8dicos ante disfunci\u00f2n er\u00e8ctil y\/o luego de intervenci\u00f2n quir\u00f9rgica prost\u00e0tica a fin de retomar paulatina y normalmente la [&hellip;]<\/p>\n","protected":false},"featured_media":10637,"template":"","meta":[],"product_brand":[],"product_cat":[583,6,37],"product_tag":[217,147,409,146],"class_list":{"0":"post-10635","1":"product","2":"type-product","3":"status-publish","4":"has-post-thumbnail","6":"product_cat-https-sexysiempre-com-web-categoria-producto-juguetes-accesorios-y-sexshop","7":"product_cat-juguetes-accesorios-y-sexshop","8":"product_cat-protesis-extensiones-y-erectores","9":"product_tag-bombas-de-vacio","10":"product_tag-rio-grande","11":"product_tag-sexshop-en-ushuaia","12":"product_tag-tierra-del-fuego","14":"first","15":"outofstock","16":"shipping-taxable","17":"product-type-simple"},"_links":{"self":[{"href":"https:\/\/sexysiempre.com\/web\/wp-json\/wp\/v2\/product\/10635","targetHints":{"allow":["GET"]}}],"collection":[{"href":"https:\/\/sexysiempre.com\/web\/wp-json\/wp\/v2\/product"}],"about":[{"href":"https:\/\/sexysiempre.com\/web\/wp-json\/wp\/v2\/types\/product"}],"wp:featuredmedia":[{"embeddable":true,"href":"https:\/\/sexysiempre.com\/web\/wp-json\/wp\/v2\/media\/10637"}],"wp:attachment":[{"href":"https:\/\/sexysiempre.com\/web\/wp-json\/wp\/v2\/media?parent=10635"}],"wp:term":[{"taxonomy":"product_brand","embeddable":true,"href":"https:\/\/sexysiempre.com\/web\/wp-json\/wp\/v2\/product_brand?post=10635"},{"taxonomy":"product_cat","embeddable":true,"href":"https:\/\/sexysiempre.com\/web\/wp-json\/wp\/v2\/product_cat?post=10635"},{"taxonomy":"product_tag","embeddable":true,"href":"https:\/\/sexysiempre.com\/web\/wp-json\/wp\/v2\/product_tag?post=10635"}],"curies":[{"name":"wp","href":"https:\/\/api.w.org\/{rel}","templated":true}]}}