{"id":10648,"date":"2023-10-08T20:02:57","date_gmt":"2023-10-08T23:02:57","guid":{"rendered":"https:\/\/sexysiempre.com\/web\/?post_type=product&#038;p=10648"},"modified":"2023-10-08T20:05:03","modified_gmt":"2023-10-08T23:05:03","slug":"juego-find-me","status":"publish","type":"product","link":"https:\/\/sexysiempre.com\/web\/producto\/juego-find-me","title":{"rendered":"Juego Find Me"},"content":{"rendered":"<p style=\"text-align: center;\">LLEG\u00d3 \u00a1\u00a1FIND ME!!<\/p>\n<div style=\"text-align: center;\"><\/div>\n<div>\n<p style=\"text-align: center;\">An\u00edmate a jugar con tu pareja, amig@s, o aprov\u00e9chalo para ir encendiendo la llama de tu pr\u00f3ximo encuentro.<\/p>\n<p style=\"text-align: center;\">Se puede jugar de a 2 o m\u00e1s y ac\u00e1 si gana quien es m\u00e1s r\u00e1pido.<\/p>\n<p style=\"text-align: center;\">El premio para quien gane lo eligen ustedes<\/p>\n<p style=\"text-align: center;\">\n<p style=\"text-align: center;\">FIND ME\u00a0consta de 55 cartas, cada una contiene 8 s\u00edmbolos sexuales.<\/p>\n<p style=\"text-align: center;\">Cada 2 cartas siempre hay SOLO 1 s\u00edmbolo sexual que se repite.<\/p>\n<p style=\"text-align: center;\"><b>\u00a1ENCONTRALO ANTES QUE LOS DEMAS Y GANA!<\/b><\/p>\n<p style=\"text-align: center;\">\u00bfC\u00f3mo jugar?<\/p>\n<p style=\"text-align: center;\">Tom\u00e1 2 cartas del mazo y col\u00f3calas boca arriba con los 8 s\u00edmbolos sexuales a la vista. El primer jugador que encuentre y mencione en voz alta el \u00fanico s\u00edmbolo sexual que coincide entre esas 2 cartas, se las lleva.<\/p>\n<p style=\"text-align: center;\">Luego coloca otras 2 nuevas cartas boca arriba para seguir jugando.<\/p>\n<p style=\"text-align: center;\">Gana el juego quien acumules m\u00e1s cartas.<\/p>\n<\/div>\n","protected":false},"excerpt":{"rendered":"<p>LLEG\u00d3 \u00a1\u00a1FIND ME!! An\u00edmate a jugar con tu pareja, amig@s, o aprov\u00e9chalo para ir encendiendo la llama de tu pr\u00f3ximo encuentro. Se puede jugar de a 2 o m\u00e1s y ac\u00e1 si gana quien es m\u00e1s r\u00e1pido. El premio para quien gane lo eligen ustedes FIND ME\u00a0consta de 55 cartas, cada una contiene 8 s\u00edmbolos [&hellip;]<\/p>\n","protected":false},"featured_media":10649,"template":"","meta":[],"product_brand":[],"product_cat":[6,277],"product_tag":[244,147,446,146],"class_list":{"0":"post-10648","1":"product","2":"type-product","3":"status-publish","4":"has-post-thumbnail","6":"product_cat-juguetes-accesorios-y-sexshop","7":"product_cat-vigorizantes-feromonas-juegos-y-cotillon","8":"product_tag-juegos-eroticos","9":"product_tag-rio-grande","10":"product_tag-sexshop-ushuaia-2","11":"product_tag-tierra-del-fuego","13":"first","14":"instock","15":"shipping-taxable","16":"product-type-simple"},"_links":{"self":[{"href":"https:\/\/sexysiempre.com\/web\/wp-json\/wp\/v2\/product\/10648","targetHints":{"allow":["GET"]}}],"collection":[{"href":"https:\/\/sexysiempre.com\/web\/wp-json\/wp\/v2\/product"}],"about":[{"href":"https:\/\/sexysiempre.com\/web\/wp-json\/wp\/v2\/types\/product"}],"wp:featuredmedia":[{"embeddable":true,"href":"https:\/\/sexysiempre.com\/web\/wp-json\/wp\/v2\/media\/10649"}],"wp:attachment":[{"href":"https:\/\/sexysiempre.com\/web\/wp-json\/wp\/v2\/media?parent=10648"}],"wp:term":[{"taxonomy":"product_brand","embeddable":true,"href":"https:\/\/sexysiempre.com\/web\/wp-json\/wp\/v2\/product_brand?post=10648"},{"taxonomy":"product_cat","embeddable":true,"href":"https:\/\/sexysiempre.com\/web\/wp-json\/wp\/v2\/product_cat?post=10648"},{"taxonomy":"product_tag","embeddable":true,"href":"https:\/\/sexysiempre.com\/web\/wp-json\/wp\/v2\/product_tag?post=10648"}],"curies":[{"name":"wp","href":"https:\/\/api.w.org\/{rel}","templated":true}]}}