{"id":10668,"date":"2023-10-08T21:31:20","date_gmt":"2023-10-09T00:31:20","guid":{"rendered":"https:\/\/sexysiempre.com\/web\/?post_type=product&#038;p=10668"},"modified":"2026-02-28T20:06:39","modified_gmt":"2026-02-28T23:06:39","slug":"arnes-de-cintura-con-muslera","status":"publish","type":"product","link":"https:\/\/sexysiempre.com\/web\/producto\/arnes-de-cintura-con-muslera","title":{"rendered":"Arn\u00e9s de Cintura  con Muslera"},"content":{"rendered":"<p style=\"text-align: center;\">FA-0117-01-1<\/p>\n<div style=\"text-align: center;\">ESTILO &#8211; MODA &#8211; MULTIPLES USOS &#8211; DETALLES PARA VESTIR<\/div>\n<div style=\"text-align: center;\">\n<p>El cintur\u00f3n Arn\u00e9s\u00a0 es un producto que la moda impuso para llevar a todos lados. Vestir con ese perspicaz detalle que realza una actitud audaz y provocativa.<\/p>\n<\/div>\n<div><\/div>\n<div style=\"text-align: center;\">CADENAS DE METAL CRUZADA A LOS MUSLOS, POR DELANTE Y DETR\u00c1S.<\/div>\n<div style=\"text-align: center;\"><\/div>\n<div style=\"text-align: center;\">Realizado en cuero ecol\u00f3gico. Prestando importancia al m\u00ednimo detalle para lograr que el usuario lo pueda disfrutar con total libertad.<\/div>\n<div style=\"text-align: center;\"><\/div>\n<div style=\"text-align: center;\">UN LINDO DETALLE PARA SEDUCIR EN BDSM<\/div>\n<div>\n<div style=\"text-align: center;\"><\/div>\n<div style=\"text-align: center;\">Su tama\u00f1o es ideal para guardar y disponer de \u00e9l f\u00e1cilmente.<\/div>\n<\/div>\n","protected":false},"excerpt":{"rendered":"<p>FA-0117-01-1 ESTILO &#8211; MODA &#8211; MULTIPLES USOS &#8211; DETALLES PARA VESTIR El cintur\u00f3n Arn\u00e9s\u00a0 es un producto que la moda impuso para llevar a todos lados. Vestir con ese perspicaz detalle que realza una actitud audaz y provocativa. CADENAS DE METAL CRUZADA A LOS MUSLOS, POR DELANTE Y DETR\u00c1S. Realizado en cuero ecol\u00f3gico. Prestando importancia [&hellip;]<\/p>\n","protected":false},"featured_media":10669,"template":"","meta":[],"product_brand":[],"product_cat":[6,14],"product_tag":[93,147,446,146],"class_list":{"0":"post-10668","1":"product","2":"type-product","3":"status-publish","4":"has-post-thumbnail","6":"product_cat-juguetes-accesorios-y-sexshop","7":"product_cat-arnes","8":"product_tag-arnes-2","9":"product_tag-rio-grande","10":"product_tag-sexshop-ushuaia-2","11":"product_tag-tierra-del-fuego","13":"first","14":"outofstock","15":"shipping-taxable","16":"product-type-simple"},"_links":{"self":[{"href":"https:\/\/sexysiempre.com\/web\/wp-json\/wp\/v2\/product\/10668","targetHints":{"allow":["GET"]}}],"collection":[{"href":"https:\/\/sexysiempre.com\/web\/wp-json\/wp\/v2\/product"}],"about":[{"href":"https:\/\/sexysiempre.com\/web\/wp-json\/wp\/v2\/types\/product"}],"wp:featuredmedia":[{"embeddable":true,"href":"https:\/\/sexysiempre.com\/web\/wp-json\/wp\/v2\/media\/10669"}],"wp:attachment":[{"href":"https:\/\/sexysiempre.com\/web\/wp-json\/wp\/v2\/media?parent=10668"}],"wp:term":[{"taxonomy":"product_brand","embeddable":true,"href":"https:\/\/sexysiempre.com\/web\/wp-json\/wp\/v2\/product_brand?post=10668"},{"taxonomy":"product_cat","embeddable":true,"href":"https:\/\/sexysiempre.com\/web\/wp-json\/wp\/v2\/product_cat?post=10668"},{"taxonomy":"product_tag","embeddable":true,"href":"https:\/\/sexysiempre.com\/web\/wp-json\/wp\/v2\/product_tag?post=10668"}],"curies":[{"name":"wp","href":"https:\/\/api.w.org\/{rel}","templated":true}]}}