{"id":10674,"date":"2023-10-08T21:41:48","date_gmt":"2023-10-09T00:41:48","guid":{"rendered":"https:\/\/sexysiempre.com\/web\/?post_type=product&#038;p=10674"},"modified":"2023-10-08T21:45:52","modified_gmt":"2023-10-09T00:45:52","slug":"corpino-con-monos","status":"publish","type":"product","link":"https:\/\/sexysiempre.com\/web\/producto\/corpino-con-monos","title":{"rendered":"Corpi\u00f1o con mo\u00f1os"},"content":{"rendered":"<p style=\"text-align: center;\">FA-0584-01-1<\/p>\n<p style=\"text-align: center;\">En cuero ecol\u00f2gico, corpi\u00f1o regulable, s\u00f2lo en color negro.<\/p>\n<p style=\"text-align: center;\">LUCIR DELICADA SENSUAL Y CON ESE TOQUE REBELDE.<\/p>\n<p>&nbsp;<\/p>\n<div style=\"text-align: center;\">El BDSM lleg\u00f3 para romper lo establecido. Llevar la seducci\u00f3n en todo momento.<\/div>\n<div style=\"text-align: center;\"><\/div>\n<div style=\"text-align: center;\">En tu intimidad y tambi\u00e9n en la calle, us\u00e1ndolo con la delicadeza de sentirte libre, audaz y mostrar ese SEX-APPEAL\u00a0que tanto amas.<\/div>\n<div style=\"text-align: center;\"><\/div>\n<div>\n<div style=\"text-align: center;\"><\/div>\n<div style=\"text-align: center;\">HACELO PARTE DE TU OUTFIT DIARIO Y MARC\u00c1 LA DIFERENCIA.<\/p>\n<\/div>\n<div style=\"text-align: center;\"><\/div>\n<div style=\"text-align: center;\"><span>Un Corpi\u00f1o &#8211; Arn\u00e9s que brinda la posibilidad de anexar otros productos y jugar en tu intimidad.\u00a0<\/span><\/div>\n<div style=\"text-align: center;\"><\/div>\n<div style=\"text-align: center;\">Sus argollas permiten enganchar esposas con mosquet\u00f3n para que el corpi\u00f1o se transforme inmediatamente en un firme agarre sexual.<\/div>\n<div>\n<div style=\"text-align: center;\"><\/div>\n<div style=\"text-align: center;\">\n<div>FASHION TRENDS ACOMPA\u00d1A TU ESTILO.<\/div>\n<div><\/div>\n<\/div>\n<div style=\"text-align: center;\">Interior gamuzado\u00a0para que se sienta suave, agradable y se pueda vestir c\u00f3modo.<\/div>\n<div style=\"text-align: center;\"><\/div>\n<div style=\"text-align: center;\">Regulable en medidas para que sea pr\u00e1ctico y adaptable a todo cuerpo.<\/div>\n<\/div>\n<\/div>\n","protected":false},"excerpt":{"rendered":"<p>FA-0584-01-1 En cuero ecol\u00f2gico, corpi\u00f1o regulable, s\u00f2lo en color negro. LUCIR DELICADA SENSUAL Y CON ESE TOQUE REBELDE. &nbsp; El BDSM lleg\u00f3 para romper lo establecido. Llevar la seducci\u00f3n en todo momento. En tu intimidad y tambi\u00e9n en la calle, us\u00e1ndolo con la delicadeza de sentirte libre, audaz y mostrar ese SEX-APPEAL\u00a0que tanto amas. HACELO [&hellip;]<\/p>\n","protected":false},"featured_media":10675,"template":"","meta":[],"product_brand":[],"product_cat":[6,14],"product_tag":[569,147,446,146],"class_list":{"0":"post-10674","1":"product","2":"type-product","3":"status-publish","4":"has-post-thumbnail","6":"product_cat-juguetes-accesorios-y-sexshop","7":"product_cat-arnes","8":"product_tag-corpino-arnes-en-cuero-eco","9":"product_tag-rio-grande","10":"product_tag-sexshop-ushuaia-2","11":"product_tag-tierra-del-fuego","13":"first","14":"instock","15":"shipping-taxable","16":"product-type-simple"},"_links":{"self":[{"href":"https:\/\/sexysiempre.com\/web\/wp-json\/wp\/v2\/product\/10674","targetHints":{"allow":["GET"]}}],"collection":[{"href":"https:\/\/sexysiempre.com\/web\/wp-json\/wp\/v2\/product"}],"about":[{"href":"https:\/\/sexysiempre.com\/web\/wp-json\/wp\/v2\/types\/product"}],"wp:featuredmedia":[{"embeddable":true,"href":"https:\/\/sexysiempre.com\/web\/wp-json\/wp\/v2\/media\/10675"}],"wp:attachment":[{"href":"https:\/\/sexysiempre.com\/web\/wp-json\/wp\/v2\/media?parent=10674"}],"wp:term":[{"taxonomy":"product_brand","embeddable":true,"href":"https:\/\/sexysiempre.com\/web\/wp-json\/wp\/v2\/product_brand?post=10674"},{"taxonomy":"product_cat","embeddable":true,"href":"https:\/\/sexysiempre.com\/web\/wp-json\/wp\/v2\/product_cat?post=10674"},{"taxonomy":"product_tag","embeddable":true,"href":"https:\/\/sexysiempre.com\/web\/wp-json\/wp\/v2\/product_tag?post=10674"}],"curies":[{"name":"wp","href":"https:\/\/api.w.org\/{rel}","templated":true}]}}