{"id":10706,"date":"2023-10-10T19:13:07","date_gmt":"2023-10-10T22:13:07","guid":{"rendered":"https:\/\/sexysiempre.com\/web\/?post_type=product&#038;p=10706"},"modified":"2023-10-10T19:15:42","modified_gmt":"2023-10-10T22:15:42","slug":"inmovilizador-mano-y-tobillo-con-collar-correa-en-eco-cuero","status":"publish","type":"product","link":"https:\/\/sexysiempre.com\/web\/producto\/inmovilizador-mano-y-tobillo-con-collar-correa-en-eco-cuero","title":{"rendered":"Inmovilizador Mano y Tobillo Con Collar,  correa en Eco-Cuero"},"content":{"rendered":"<p style=\"text-align: center;\">FA-0131-01-1<\/p>\n<div style=\"text-align: center;\">ESPOSAS MANO Y TOBILLO + COLLAR<\/div>\n<div style=\"text-align: center;\">Para esos juegos intensos&#8230; Para el deseo de probar miles de experiencias a flor de piel.<\/div>\n<div style=\"text-align: center;\"><\/div>\n<div><\/div>\n<div style=\"text-align: center;\">EL INMOVILIZADOR ES UNA FANTAS\u00cdA EN LLAMAS.<\/div>\n<div style=\"text-align: center;\"><\/div>\n<div style=\"text-align: center;\">Usarlo por delante o por detr\u00e1s y tantas variables como se desee.<\/div>\n<div style=\"text-align: center;\"><\/div>\n<div style=\"text-align: center;\">Vers\u00e1til porque permitir\u00e1 desafiar al juego brusco y d\u00f3cil de llegar a esa explosi\u00f3n de placer conjunta.<\/div>\n<div style=\"text-align: center;\"><\/div>\n<div style=\"text-align: center;\">EL AMPLIO MUNDO DEL BDSM EST\u00c1 AC\u00c1.<\/div>\n<div style=\"text-align: center;\"><\/div>\n<div style=\"text-align: center;\">Las esposas son regulables, con precinto y de agarre firme.<\/div>\n<div style=\"text-align: center;\"><\/div>\n<div style=\"text-align: center;\">Una resistente correa para los divinos forcejeos que se producir\u00e1n durante el juego de roles.<\/div>\n<div style=\"text-align: center;\"><\/div>\n<div style=\"text-align: center;\">Interior gamuzado para que sean suaves, agradables y todo sea para disfrutar, gozar y sentir placer de mil formas&#8230;<\/div>\n<p>&nbsp;<\/p>\n","protected":false},"excerpt":{"rendered":"<p>FA-0131-01-1 ESPOSAS MANO Y TOBILLO + COLLAR Para esos juegos intensos&#8230; Para el deseo de probar miles de experiencias a flor de piel. EL INMOVILIZADOR ES UNA FANTAS\u00cdA EN LLAMAS. Usarlo por delante o por detr\u00e1s y tantas variables como se desee. Vers\u00e1til porque permitir\u00e1 desafiar al juego brusco y d\u00f3cil de llegar a esa [&hellip;]<\/p>\n","protected":false},"featured_media":10707,"template":"","meta":[],"product_brand":[],"product_cat":[6,273],"product_tag":[195,147,446,146],"class_list":{"0":"post-10706","1":"product","2":"type-product","3":"status-publish","4":"has-post-thumbnail","6":"product_cat-juguetes-accesorios-y-sexshop","7":"product_cat-inmobilizadores-latigos-y-palmetas","8":"product_tag-inmobilizadores","9":"product_tag-rio-grande","10":"product_tag-sexshop-ushuaia-2","11":"product_tag-tierra-del-fuego","13":"first","14":"instock","15":"shipping-taxable","16":"product-type-simple"},"_links":{"self":[{"href":"https:\/\/sexysiempre.com\/web\/wp-json\/wp\/v2\/product\/10706","targetHints":{"allow":["GET"]}}],"collection":[{"href":"https:\/\/sexysiempre.com\/web\/wp-json\/wp\/v2\/product"}],"about":[{"href":"https:\/\/sexysiempre.com\/web\/wp-json\/wp\/v2\/types\/product"}],"wp:featuredmedia":[{"embeddable":true,"href":"https:\/\/sexysiempre.com\/web\/wp-json\/wp\/v2\/media\/10707"}],"wp:attachment":[{"href":"https:\/\/sexysiempre.com\/web\/wp-json\/wp\/v2\/media?parent=10706"}],"wp:term":[{"taxonomy":"product_brand","embeddable":true,"href":"https:\/\/sexysiempre.com\/web\/wp-json\/wp\/v2\/product_brand?post=10706"},{"taxonomy":"product_cat","embeddable":true,"href":"https:\/\/sexysiempre.com\/web\/wp-json\/wp\/v2\/product_cat?post=10706"},{"taxonomy":"product_tag","embeddable":true,"href":"https:\/\/sexysiempre.com\/web\/wp-json\/wp\/v2\/product_tag?post=10706"}],"curies":[{"name":"wp","href":"https:\/\/api.w.org\/{rel}","templated":true}]}}