{"id":10715,"date":"2023-10-10T19:30:32","date_gmt":"2023-10-10T22:30:32","guid":{"rendered":"https:\/\/sexysiempre.com\/web\/?post_type=product&#038;p=10715"},"modified":"2023-10-10T19:33:54","modified_gmt":"2023-10-10T22:33:54","slug":"inmovilizador-mano-y-tobillo-con-correa-en-eco-cuero","status":"publish","type":"product","link":"https:\/\/sexysiempre.com\/web\/producto\/inmovilizador-mano-y-tobillo-con-correa-en-eco-cuero","title":{"rendered":"Inmovilizador Mano y Tobillo con Correa en Eco-Cuero"},"content":{"rendered":"<p style=\"text-align: center;\">FA-0132-01-1<\/p>\n<div style=\"text-align: center;\"><b>ESPOSAS MANO Y TOBILLO &#8211; DOS EN UNO<\/b><\/div>\n<div style=\"text-align: center;\">Para esos juegos intensos&#8230; Para ese enorme deseo de probar miles de experiencias y sensaciones que permitan transformar la fantas\u00eda de ser dominante o dominado&#8230;<\/div>\n<div style=\"text-align: center;\"><\/div>\n<div style=\"text-align: center;\">Vers\u00e1til porque permitir\u00e1 desafiar al juego brusco y d\u00f3cil de llegar a esa explosi\u00f3n de placer conjunta.<\/div>\n<div style=\"text-align: center;\"><\/div>\n<div style=\"text-align: center;\">Las esposas son regulables, con precinto y de agarre firme.<\/div>\n<div style=\"text-align: center;\"><\/div>\n<div style=\"text-align: center;\">Una resistente correa de eco cuero para aguantar los divinos forcejeos que se producir\u00e1n durante el cambio de roles o cuando la intensidad aumente.<\/div>\n<div style=\"text-align: center;\"><\/div>\n<div style=\"text-align: center;\"><b>EL BDSM DISFRUTA MUCHO USAR ESTE PRODUCTO<\/b><\/div>\n<div style=\"text-align: center;\"><\/div>\n<div style=\"text-align: center;\">Interior gamuzado para que sean suaves, agradables,\u00a0 se pueda gozar y sentir placer de mil formas.<\/div>\n","protected":false},"excerpt":{"rendered":"<p>FA-0132-01-1 ESPOSAS MANO Y TOBILLO &#8211; DOS EN UNO Para esos juegos intensos&#8230; Para ese enorme deseo de probar miles de experiencias y sensaciones que permitan transformar la fantas\u00eda de ser dominante o dominado&#8230; Vers\u00e1til porque permitir\u00e1 desafiar al juego brusco y d\u00f3cil de llegar a esa explosi\u00f3n de placer conjunta. Las esposas son regulables, [&hellip;]<\/p>\n","protected":false},"featured_media":10716,"template":"","meta":[],"product_brand":[],"product_cat":[6,273],"product_tag":[490,147,446,146],"class_list":{"0":"post-10715","1":"product","2":"type-product","3":"status-publish","4":"has-post-thumbnail","6":"product_cat-juguetes-accesorios-y-sexshop","7":"product_cat-inmobilizadores-latigos-y-palmetas","8":"product_tag-inmobilizador","9":"product_tag-rio-grande","10":"product_tag-sexshop-ushuaia-2","11":"product_tag-tierra-del-fuego","13":"first","14":"instock","15":"shipping-taxable","16":"product-type-simple"},"_links":{"self":[{"href":"https:\/\/sexysiempre.com\/web\/wp-json\/wp\/v2\/product\/10715","targetHints":{"allow":["GET"]}}],"collection":[{"href":"https:\/\/sexysiempre.com\/web\/wp-json\/wp\/v2\/product"}],"about":[{"href":"https:\/\/sexysiempre.com\/web\/wp-json\/wp\/v2\/types\/product"}],"wp:featuredmedia":[{"embeddable":true,"href":"https:\/\/sexysiempre.com\/web\/wp-json\/wp\/v2\/media\/10716"}],"wp:attachment":[{"href":"https:\/\/sexysiempre.com\/web\/wp-json\/wp\/v2\/media?parent=10715"}],"wp:term":[{"taxonomy":"product_brand","embeddable":true,"href":"https:\/\/sexysiempre.com\/web\/wp-json\/wp\/v2\/product_brand?post=10715"},{"taxonomy":"product_cat","embeddable":true,"href":"https:\/\/sexysiempre.com\/web\/wp-json\/wp\/v2\/product_cat?post=10715"},{"taxonomy":"product_tag","embeddable":true,"href":"https:\/\/sexysiempre.com\/web\/wp-json\/wp\/v2\/product_tag?post=10715"}],"curies":[{"name":"wp","href":"https:\/\/api.w.org\/{rel}","templated":true}]}}