{"id":10723,"date":"2023-10-10T19:49:39","date_gmt":"2023-10-10T22:49:39","guid":{"rendered":"https:\/\/sexysiempre.com\/web\/?post_type=product&#038;p=10723"},"modified":"2023-10-10T19:55:06","modified_gmt":"2023-10-10T22:55:06","slug":"endless-joy-pink","status":"publish","type":"product","link":"https:\/\/sexysiempre.com\/web\/producto\/endless-joy-pink","title":{"rendered":"Endless Joy Pink"},"content":{"rendered":"<p style=\"text-align: center;\">\u00a0J2018-30<\/p>\n<div style=\"text-align: center;\">\u00bfQu\u00e9 es el Satisfyer Endless Joy?<\/div>\n<div style=\"text-align: center;\">El Satisfyer Endless Joy es un vibrador para parejas que ofrece diversi\u00f3n y variedad infinitas con m\u00e1s de 14 funciones diferentes. El polivalente vibrador para parejas hecho de delicada silicona cuenta con 3 potentes motores que te acariciar\u00e1n con excitantes y profundas vibraciones en tus puntos calientes. El primer motor se esconde dentro del voluminoso cuerpo principal, mientras que el segundo y el tercero se esconden en los brazos m\u00e1s peque\u00f1os. Las vibraciones de las dos puntas se pueden controlar por separado del cuerpo principal, lo que ofrece unas combinaciones excitantes que se pueden utilizar de muchas maneras: Gracias a los dos botones podr\u00e1s regular 10 niveles de vibraci\u00f3n diferentes en cada uno de ellos y crear hasta 100 diferentes variaciones de emocionantes vibraciones.<\/div>\n<div style=\"text-align: center;\"><img fetchpriority=\"high\" decoding=\"async\" class=\"aligncenter size-medium wp-image-10725\" src=\"https:\/\/sexysiempre.com\/web\/wp-content\/uploads\/j2018-30-endless-joy-pink-15df12c3c3b54be38f90648614b999ff-650x650.jpg\" alt=\"\" width=\"300\" height=\"300\" srcset=\"https:\/\/sexysiempre.com\/web\/wp-content\/uploads\/j2018-30-endless-joy-pink-15df12c3c3b54be38f90648614b999ff-650x650.jpg 650w, https:\/\/sexysiempre.com\/web\/wp-content\/uploads\/j2018-30-endless-joy-pink-15df12c3c3b54be38f90648614b999ff-150x150.jpg 150w, https:\/\/sexysiempre.com\/web\/wp-content\/uploads\/j2018-30-endless-joy-pink-15df12c3c3b54be38f90648614b999ff-768x768.jpg 768w, https:\/\/sexysiempre.com\/web\/wp-content\/uploads\/j2018-30-endless-joy-pink-15df12c3c3b54be38f90648614b999ff-120x120.jpg 120w, https:\/\/sexysiempre.com\/web\/wp-content\/uploads\/j2018-30-endless-joy-pink-15df12c3c3b54be38f90648614b999ff-300x300.jpg 300w, https:\/\/sexysiempre.com\/web\/wp-content\/uploads\/j2018-30-endless-joy-pink-15df12c3c3b54be38f90648614b999ff-600x600.jpg 600w, https:\/\/sexysiempre.com\/web\/wp-content\/uploads\/j2018-30-endless-joy-pink-15df12c3c3b54be38f90648614b999ff-100x100.jpg 100w, https:\/\/sexysiempre.com\/web\/wp-content\/uploads\/j2018-30-endless-joy-pink-15df12c3c3b54be38f90648614b999ff.jpg 800w\" sizes=\"(max-width: 300px) 100vw, 300px\" \/><img decoding=\"async\" class=\"aligncenter size-medium wp-image-10726\" src=\"https:\/\/sexysiempre.com\/web\/wp-content\/uploads\/j2018-30-endless-joy-pink-8f5a8a8a53de48089ec96e5a9c036389-650x650.jpg\" alt=\"\" width=\"300\" height=\"300\" srcset=\"https:\/\/sexysiempre.com\/web\/wp-content\/uploads\/j2018-30-endless-joy-pink-8f5a8a8a53de48089ec96e5a9c036389-650x650.jpg 650w, https:\/\/sexysiempre.com\/web\/wp-content\/uploads\/j2018-30-endless-joy-pink-8f5a8a8a53de48089ec96e5a9c036389-150x150.jpg 150w, https:\/\/sexysiempre.com\/web\/wp-content\/uploads\/j2018-30-endless-joy-pink-8f5a8a8a53de48089ec96e5a9c036389-768x768.jpg 768w, https:\/\/sexysiempre.com\/web\/wp-content\/uploads\/j2018-30-endless-joy-pink-8f5a8a8a53de48089ec96e5a9c036389-120x120.jpg 120w, https:\/\/sexysiempre.com\/web\/wp-content\/uploads\/j2018-30-endless-joy-pink-8f5a8a8a53de48089ec96e5a9c036389-300x300.jpg 300w, https:\/\/sexysiempre.com\/web\/wp-content\/uploads\/j2018-30-endless-joy-pink-8f5a8a8a53de48089ec96e5a9c036389-600x600.jpg 600w, https:\/\/sexysiempre.com\/web\/wp-content\/uploads\/j2018-30-endless-joy-pink-8f5a8a8a53de48089ec96e5a9c036389-100x100.jpg 100w, https:\/\/sexysiempre.com\/web\/wp-content\/uploads\/j2018-30-endless-joy-pink-8f5a8a8a53de48089ec96e5a9c036389.jpg 800w\" sizes=\"(max-width: 300px) 100vw, 300px\" \/><img decoding=\"async\" class=\"aligncenter size-medium wp-image-10727\" src=\"https:\/\/sexysiempre.com\/web\/wp-content\/uploads\/j2018-30-endless-joy-pink-1f0c51cf6bf64750a99cee5c48011df2-650x650.jpg\" alt=\"\" width=\"300\" height=\"300\" srcset=\"https:\/\/sexysiempre.com\/web\/wp-content\/uploads\/j2018-30-endless-joy-pink-1f0c51cf6bf64750a99cee5c48011df2-650x650.jpg 650w, https:\/\/sexysiempre.com\/web\/wp-content\/uploads\/j2018-30-endless-joy-pink-1f0c51cf6bf64750a99cee5c48011df2-150x150.jpg 150w, https:\/\/sexysiempre.com\/web\/wp-content\/uploads\/j2018-30-endless-joy-pink-1f0c51cf6bf64750a99cee5c48011df2-768x768.jpg 768w, https:\/\/sexysiempre.com\/web\/wp-content\/uploads\/j2018-30-endless-joy-pink-1f0c51cf6bf64750a99cee5c48011df2-120x120.jpg 120w, https:\/\/sexysiempre.com\/web\/wp-content\/uploads\/j2018-30-endless-joy-pink-1f0c51cf6bf64750a99cee5c48011df2-300x300.jpg 300w, https:\/\/sexysiempre.com\/web\/wp-content\/uploads\/j2018-30-endless-joy-pink-1f0c51cf6bf64750a99cee5c48011df2-600x600.jpg 600w, https:\/\/sexysiempre.com\/web\/wp-content\/uploads\/j2018-30-endless-joy-pink-1f0c51cf6bf64750a99cee5c48011df2-100x100.jpg 100w, https:\/\/sexysiempre.com\/web\/wp-content\/uploads\/j2018-30-endless-joy-pink-1f0c51cf6bf64750a99cee5c48011df2.jpg 800w\" sizes=\"(max-width: 300px) 100vw, 300px\" \/><\/div>\n<div style=\"text-align: center;\">\u00bfC\u00f3mo utilizar el Satisfyer Endless Joy?<\/div>\n<div style=\"text-align: center;\">Las funciones del Endless Joy son muy vers\u00e1tiles: Por ejemplo, para la estimulaci\u00f3n simult\u00e1nea del cl\u00edtoris y de los test\u00edculos, coloca el multi-vibrador alrededor del pene por arriba y acomoda la parte inclinada de la cabeza con el lado articulado hacia adelante. Por supuesto, tambi\u00e9n puedes girar la pieza de joyer\u00eda de cualquier otra forma que desees, como te guste y de la manera que m\u00e1s te estimule.<\/div>\n<div style=\"text-align: center;\">Con las dos puntas puedes masajear los pezones, la perla de la alegr\u00eda o los labios durante los juegos preliminares, o cualquier otra zona que quieras acariciar. El mango m\u00e1s grande permite estimular f\u00e1cilmente el punto G y, gracias a su forma ergon\u00f3mica y a sus potentes vibraciones, tambi\u00e9n lo hace de una manera especialmente intensa. Pero eso no es ni de lejos todo lo que este multi-vibrador puede ofrecer: Tambi\u00e9n el glande o el tronco del hombre puede ser mimado por la potente vibraci\u00f3n seg\u00fan todas las reglas del arte. Adem\u00e1s, este aparato es impermeable (IPX7) y se puede utilizar libremente en la ba\u00f1era o en el jacuzzi. Por supuesto, Endless Joy no sirve solamente para divertirse en pareja, sino que tambi\u00e9n se puede utilizar a solas por ella o por \u00e9l. Despu\u00e9s de su uso, el Endless Joy se puede limpiar f\u00e1cilmente con un poco de agua tibia, jab\u00f3n y un limpiador de juguetes.<\/div>\n<div style=\"text-align: center;\">\u00a1Dec\u00eddete ahora por el Endless Joy y prep\u00e1rate para m\u00e1s variedad y diversi\u00f3n en la intimidad!<\/div>\n","protected":false},"excerpt":{"rendered":"<p>\u00a0J2018-30 \u00bfQu\u00e9 es el Satisfyer Endless Joy? El Satisfyer Endless Joy es un vibrador para parejas que ofrece diversi\u00f3n y variedad infinitas con m\u00e1s de 14 funciones diferentes. El polivalente vibrador para parejas hecho de delicada silicona cuenta con 3 potentes motores que te acariciar\u00e1n con excitantes y profundas vibraciones en tus puntos calientes. El [&hellip;]<\/p>\n","protected":false},"featured_media":10724,"template":"","meta":[],"product_brand":[],"product_cat":[6,275],"product_tag":[147,446,146],"class_list":{"0":"post-10723","1":"product","2":"type-product","3":"status-publish","4":"has-post-thumbnail","6":"product_cat-juguetes-accesorios-y-sexshop","7":"product_cat-alta-gama-rotadores-y-otros","8":"product_tag-rio-grande","9":"product_tag-sexshop-ushuaia-2","10":"product_tag-tierra-del-fuego","12":"first","13":"instock","14":"shipping-taxable","15":"product-type-simple"},"_links":{"self":[{"href":"https:\/\/sexysiempre.com\/web\/wp-json\/wp\/v2\/product\/10723","targetHints":{"allow":["GET"]}}],"collection":[{"href":"https:\/\/sexysiempre.com\/web\/wp-json\/wp\/v2\/product"}],"about":[{"href":"https:\/\/sexysiempre.com\/web\/wp-json\/wp\/v2\/types\/product"}],"wp:featuredmedia":[{"embeddable":true,"href":"https:\/\/sexysiempre.com\/web\/wp-json\/wp\/v2\/media\/10724"}],"wp:attachment":[{"href":"https:\/\/sexysiempre.com\/web\/wp-json\/wp\/v2\/media?parent=10723"}],"wp:term":[{"taxonomy":"product_brand","embeddable":true,"href":"https:\/\/sexysiempre.com\/web\/wp-json\/wp\/v2\/product_brand?post=10723"},{"taxonomy":"product_cat","embeddable":true,"href":"https:\/\/sexysiempre.com\/web\/wp-json\/wp\/v2\/product_cat?post=10723"},{"taxonomy":"product_tag","embeddable":true,"href":"https:\/\/sexysiempre.com\/web\/wp-json\/wp\/v2\/product_tag?post=10723"}],"curies":[{"name":"wp","href":"https:\/\/api.w.org\/{rel}","templated":true}]}}