{"id":10796,"date":"2023-11-07T21:16:27","date_gmt":"2023-11-08T00:16:27","guid":{"rendered":"https:\/\/sexysiempre.com\/web\/?post_type=product&#038;p=10796"},"modified":"2023-11-07T21:21:02","modified_gmt":"2023-11-08T00:21:02","slug":"pechera-cruzada-con-tachas-unisex-eco-cuero","status":"publish","type":"product","link":"https:\/\/sexysiempre.com\/web\/producto\/pechera-cruzada-con-tachas-unisex-eco-cuero","title":{"rendered":"Pechera Cruzada Con Tachas &#8211; Unisex &#8211; Eco Cuero"},"content":{"rendered":"<p style=\"text-align: center;\">FA-0573-01-1<\/p>\n<div style=\"text-align: center;\"><b>SACUDIR FUERTE &#8211; CALIENTE &#8211; VESTIR PARA LA GUERRA<\/b><\/div>\n<div style=\"text-align: center;\">Para cuando se necesite jugar duro, arrancar en un juego donde agitar y sacudir ser\u00e1 parte de la aventura sexual. Con esta pechera los gemidos ser\u00e1n el recuerdo m\u00e1s lindo de haberla usado&#8230;<\/div>\n<div><img fetchpriority=\"high\" decoding=\"async\" class=\"aligncenter size-medium wp-image-10798\" src=\"https:\/\/sexysiempre.com\/web\/wp-content\/uploads\/fa-0573-01-pechera-cruzada-con-tachas-unisex-eco-cuero-607f1ccff5a5444383591c4902de106c-650x650.jpg\" alt=\"\" width=\"300\" height=\"300\" srcset=\"https:\/\/sexysiempre.com\/web\/wp-content\/uploads\/fa-0573-01-pechera-cruzada-con-tachas-unisex-eco-cuero-607f1ccff5a5444383591c4902de106c-650x650.jpg 650w, https:\/\/sexysiempre.com\/web\/wp-content\/uploads\/fa-0573-01-pechera-cruzada-con-tachas-unisex-eco-cuero-607f1ccff5a5444383591c4902de106c-150x150.jpg 150w, https:\/\/sexysiempre.com\/web\/wp-content\/uploads\/fa-0573-01-pechera-cruzada-con-tachas-unisex-eco-cuero-607f1ccff5a5444383591c4902de106c-768x768.jpg 768w, https:\/\/sexysiempre.com\/web\/wp-content\/uploads\/fa-0573-01-pechera-cruzada-con-tachas-unisex-eco-cuero-607f1ccff5a5444383591c4902de106c-120x120.jpg 120w, https:\/\/sexysiempre.com\/web\/wp-content\/uploads\/fa-0573-01-pechera-cruzada-con-tachas-unisex-eco-cuero-607f1ccff5a5444383591c4902de106c-300x300.jpg 300w, https:\/\/sexysiempre.com\/web\/wp-content\/uploads\/fa-0573-01-pechera-cruzada-con-tachas-unisex-eco-cuero-607f1ccff5a5444383591c4902de106c-600x600.jpg 600w, https:\/\/sexysiempre.com\/web\/wp-content\/uploads\/fa-0573-01-pechera-cruzada-con-tachas-unisex-eco-cuero-607f1ccff5a5444383591c4902de106c-100x100.jpg 100w, https:\/\/sexysiempre.com\/web\/wp-content\/uploads\/fa-0573-01-pechera-cruzada-con-tachas-unisex-eco-cuero-607f1ccff5a5444383591c4902de106c.jpg 800w\" sizes=\"(max-width: 300px) 100vw, 300px\" \/><\/div>\n<div style=\"text-align: center;\"><\/div>\n<div style=\"text-align: center;\">Dominar el placer. Ser el verdugo&#8230;<\/div>\n<div style=\"text-align: center;\"><b>AMA O SE\u00d1OR, EN LO QUE DESEES TRANSFORMARTE.<\/b><\/div>\n<div style=\"text-align: center;\"><\/div>\n<div style=\"text-align: center;\"><b>LA PECHERA SEDUCE CON SOLO TENERLA PUESTA. PREDISPONE A UN SEXO FUERTE, ARDIENTE.<\/b><\/div>\n<div style=\"text-align: center;\"><b>\u00a0<\/b><\/div>\n<div style=\"text-align: center;\"><b>EL BDSM SE VISTE PARA QUE TODO PASE.<\/b><\/div>\n<div style=\"text-align: center;\"><\/div>\n<div style=\"text-align: center;\">Regulable a todas las medidas para que sea pr\u00e1ctico y adaptable a cualquier tipo de cuerpo.<\/div>\n<div style=\"text-align: center;\"><\/div>\n<div style=\"text-align: center;\">Con tachas y remaches en color plata, para dar una buena terminaci\u00f3n y estilo.<\/div>\n<div style=\"text-align: center;\"><\/div>\n<div style=\"text-align: center;\">Todo el contorno completamente cosido y reforzado en hilo, manteniendo una confecci\u00f3n de calidad en el tiempo.<\/div>\n<div style=\"text-align: center;\"><\/div>\n<div style=\"text-align: center;\">HECHO PARA FORCEJEAR DURO. NADA DETENDR\u00c1 LA EXCITACI\u00d3N DE USAR Y COMBINAR ESTE PRODUCTO CON OTROS PARA QUE TODO SE SIENTA CALIENTE.<\/div>\n","protected":false},"excerpt":{"rendered":"<p>FA-0573-01-1 SACUDIR FUERTE &#8211; CALIENTE &#8211; VESTIR PARA LA GUERRA Para cuando se necesite jugar duro, arrancar en un juego donde agitar y sacudir ser\u00e1 parte de la aventura sexual. Con esta pechera los gemidos ser\u00e1n el recuerdo m\u00e1s lindo de haberla usado&#8230; Dominar el placer. Ser el verdugo&#8230; AMA O SE\u00d1OR, EN LO QUE [&hellip;]<\/p>\n","protected":false},"featured_media":10797,"template":"","meta":[],"product_brand":[],"product_cat":[6,14],"product_tag":[93,147,409,146],"class_list":{"0":"post-10796","1":"product","2":"type-product","3":"status-publish","4":"has-post-thumbnail","6":"product_cat-juguetes-accesorios-y-sexshop","7":"product_cat-arnes","8":"product_tag-arnes-2","9":"product_tag-rio-grande","10":"product_tag-sexshop-en-ushuaia","11":"product_tag-tierra-del-fuego","13":"first","14":"instock","15":"shipping-taxable","16":"product-type-simple"},"_links":{"self":[{"href":"https:\/\/sexysiempre.com\/web\/wp-json\/wp\/v2\/product\/10796","targetHints":{"allow":["GET"]}}],"collection":[{"href":"https:\/\/sexysiempre.com\/web\/wp-json\/wp\/v2\/product"}],"about":[{"href":"https:\/\/sexysiempre.com\/web\/wp-json\/wp\/v2\/types\/product"}],"wp:featuredmedia":[{"embeddable":true,"href":"https:\/\/sexysiempre.com\/web\/wp-json\/wp\/v2\/media\/10797"}],"wp:attachment":[{"href":"https:\/\/sexysiempre.com\/web\/wp-json\/wp\/v2\/media?parent=10796"}],"wp:term":[{"taxonomy":"product_brand","embeddable":true,"href":"https:\/\/sexysiempre.com\/web\/wp-json\/wp\/v2\/product_brand?post=10796"},{"taxonomy":"product_cat","embeddable":true,"href":"https:\/\/sexysiempre.com\/web\/wp-json\/wp\/v2\/product_cat?post=10796"},{"taxonomy":"product_tag","embeddable":true,"href":"https:\/\/sexysiempre.com\/web\/wp-json\/wp\/v2\/product_tag?post=10796"}],"curies":[{"name":"wp","href":"https:\/\/api.w.org\/{rel}","templated":true}]}}