{"id":10803,"date":"2023-11-07T21:37:12","date_gmt":"2023-11-08T00:37:12","guid":{"rendered":"https:\/\/sexysiempre.com\/web\/?post_type=product&#038;p=10803"},"modified":"2023-11-07T21:44:26","modified_gmt":"2023-11-08T00:44:26","slug":"masturbador-boca-24cm-x-9cm","status":"publish","type":"product","link":"https:\/\/sexysiempre.com\/web\/producto\/masturbador-boca-24cm-x-9cm","title":{"rendered":"Masturbador Boca 24Cm X 9Cm"},"content":{"rendered":"<p style=\"text-align: center;\">BM-00900T27N-2<\/p>\n<p><img fetchpriority=\"high\" decoding=\"async\" class=\"aligncenter size-medium wp-image-10805\" src=\"https:\/\/sexysiempre.com\/web\/wp-content\/uploads\/bm-00900t27n-masturbador-boca-24cm-x-9cm-85b1d33975cb43b0921d49285ab09d21-650x650.jpg\" alt=\"\" width=\"300\" height=\"300\" srcset=\"https:\/\/sexysiempre.com\/web\/wp-content\/uploads\/bm-00900t27n-masturbador-boca-24cm-x-9cm-85b1d33975cb43b0921d49285ab09d21-650x650.jpg 650w, https:\/\/sexysiempre.com\/web\/wp-content\/uploads\/bm-00900t27n-masturbador-boca-24cm-x-9cm-85b1d33975cb43b0921d49285ab09d21-150x150.jpg 150w, https:\/\/sexysiempre.com\/web\/wp-content\/uploads\/bm-00900t27n-masturbador-boca-24cm-x-9cm-85b1d33975cb43b0921d49285ab09d21-768x768.jpg 768w, https:\/\/sexysiempre.com\/web\/wp-content\/uploads\/bm-00900t27n-masturbador-boca-24cm-x-9cm-85b1d33975cb43b0921d49285ab09d21-120x120.jpg 120w, https:\/\/sexysiempre.com\/web\/wp-content\/uploads\/bm-00900t27n-masturbador-boca-24cm-x-9cm-85b1d33975cb43b0921d49285ab09d21-300x300.jpg 300w, https:\/\/sexysiempre.com\/web\/wp-content\/uploads\/bm-00900t27n-masturbador-boca-24cm-x-9cm-85b1d33975cb43b0921d49285ab09d21-600x600.jpg 600w, https:\/\/sexysiempre.com\/web\/wp-content\/uploads\/bm-00900t27n-masturbador-boca-24cm-x-9cm-85b1d33975cb43b0921d49285ab09d21-100x100.jpg 100w, https:\/\/sexysiempre.com\/web\/wp-content\/uploads\/bm-00900t27n-masturbador-boca-24cm-x-9cm-85b1d33975cb43b0921d49285ab09d21.jpg 800w\" sizes=\"(max-width: 300px) 100vw, 300px\" \/><img decoding=\"async\" class=\"aligncenter size-medium wp-image-10806\" src=\"https:\/\/sexysiempre.com\/web\/wp-content\/uploads\/bm-00900t27n-masturbador-boca-24cm-x-9cm-4e08529abfbc4d3ca98b93667c2de5d9-650x650.jpg\" alt=\"\" width=\"300\" height=\"300\" srcset=\"https:\/\/sexysiempre.com\/web\/wp-content\/uploads\/bm-00900t27n-masturbador-boca-24cm-x-9cm-4e08529abfbc4d3ca98b93667c2de5d9-650x650.jpg 650w, https:\/\/sexysiempre.com\/web\/wp-content\/uploads\/bm-00900t27n-masturbador-boca-24cm-x-9cm-4e08529abfbc4d3ca98b93667c2de5d9-150x150.jpg 150w, https:\/\/sexysiempre.com\/web\/wp-content\/uploads\/bm-00900t27n-masturbador-boca-24cm-x-9cm-4e08529abfbc4d3ca98b93667c2de5d9-768x768.jpg 768w, https:\/\/sexysiempre.com\/web\/wp-content\/uploads\/bm-00900t27n-masturbador-boca-24cm-x-9cm-4e08529abfbc4d3ca98b93667c2de5d9-120x120.jpg 120w, https:\/\/sexysiempre.com\/web\/wp-content\/uploads\/bm-00900t27n-masturbador-boca-24cm-x-9cm-4e08529abfbc4d3ca98b93667c2de5d9-300x300.jpg 300w, https:\/\/sexysiempre.com\/web\/wp-content\/uploads\/bm-00900t27n-masturbador-boca-24cm-x-9cm-4e08529abfbc4d3ca98b93667c2de5d9-600x600.jpg 600w, https:\/\/sexysiempre.com\/web\/wp-content\/uploads\/bm-00900t27n-masturbador-boca-24cm-x-9cm-4e08529abfbc4d3ca98b93667c2de5d9-100x100.jpg 100w, https:\/\/sexysiempre.com\/web\/wp-content\/uploads\/bm-00900t27n-masturbador-boca-24cm-x-9cm-4e08529abfbc4d3ca98b93667c2de5d9.jpg 800w\" sizes=\"(max-width: 300px) 100vw, 300px\" \/><\/p>\n<p style=\"text-align: center;\">Boca masturbador masculino en material tan similar que te har\u00e0 volar de placer. Este masturbador tiene una entrada de sensaci\u00f3n realista acanalada y una funda interior para una mayor sensaci\u00f3n. Envuelto en una carcasa exterior compacta y ligera que le da un control total sobre su masturbador.<\/p>\n","protected":false},"excerpt":{"rendered":"<p>BM-00900T27N-2 Boca masturbador masculino en material tan similar que te har\u00e0 volar de placer. Este masturbador tiene una entrada de sensaci\u00f3n realista acanalada y una funda interior para una mayor sensaci\u00f3n. Envuelto en una carcasa exterior compacta y ligera que le da un control total sobre su masturbador.<\/p>\n","protected":false},"featured_media":10804,"template":"","meta":[],"product_brand":[],"product_cat":[6,53],"product_tag":[532,260,147,446,146],"class_list":{"0":"post-10803","1":"product","2":"type-product","3":"status-publish","4":"has-post-thumbnail","6":"product_cat-juguetes-accesorios-y-sexshop","7":"product_cat-estimuladores-y-masturbadores-masculinos","8":"product_tag-bocas","9":"product_tag-masturbador-masculino","10":"product_tag-rio-grande","11":"product_tag-sexshop-ushuaia-2","12":"product_tag-tierra-del-fuego","14":"first","15":"instock","16":"shipping-taxable","17":"product-type-simple"},"_links":{"self":[{"href":"https:\/\/sexysiempre.com\/web\/wp-json\/wp\/v2\/product\/10803","targetHints":{"allow":["GET"]}}],"collection":[{"href":"https:\/\/sexysiempre.com\/web\/wp-json\/wp\/v2\/product"}],"about":[{"href":"https:\/\/sexysiempre.com\/web\/wp-json\/wp\/v2\/types\/product"}],"wp:featuredmedia":[{"embeddable":true,"href":"https:\/\/sexysiempre.com\/web\/wp-json\/wp\/v2\/media\/10804"}],"wp:attachment":[{"href":"https:\/\/sexysiempre.com\/web\/wp-json\/wp\/v2\/media?parent=10803"}],"wp:term":[{"taxonomy":"product_brand","embeddable":true,"href":"https:\/\/sexysiempre.com\/web\/wp-json\/wp\/v2\/product_brand?post=10803"},{"taxonomy":"product_cat","embeddable":true,"href":"https:\/\/sexysiempre.com\/web\/wp-json\/wp\/v2\/product_cat?post=10803"},{"taxonomy":"product_tag","embeddable":true,"href":"https:\/\/sexysiempre.com\/web\/wp-json\/wp\/v2\/product_tag?post=10803"}],"curies":[{"name":"wp","href":"https:\/\/api.w.org\/{rel}","templated":true}]}}