{"id":10808,"date":"2023-11-07T21:46:33","date_gmt":"2023-11-08T00:46:33","guid":{"rendered":"https:\/\/sexysiempre.com\/web\/?post_type=product&#038;p=10808"},"modified":"2023-11-07T21:49:39","modified_gmt":"2023-11-08T00:49:39","slug":"body-de-encaje-con-manga-larga","status":"publish","type":"product","link":"https:\/\/sexysiempre.com\/web\/producto\/body-de-encaje-con-manga-larga","title":{"rendered":"Body De Encaje Con Manga Larga"},"content":{"rendered":"<div style=\"text-align: center;\">CL\u00c1SICO BODY DE ENCAJE CON MANGA LARGA.\u00a0\u00a0CUELLO CERRADO REDONDO.<\/div>\n<div style=\"text-align: center;\">Talle Unico adaptable hasta un L. S\u00f2lo en rojo.<\/div>\n<div style=\"text-align: center;\"><\/div>\n<div style=\"text-align: center;\"><i>Seducir con elegancia y suavidad en la piel. Vestir fantas\u00edas para desnudar placeres.<\/p>\n<p><\/i><\/div>\n<div style=\"text-align: center;\"><i>Estilizado y trasl\u00facido para presumir de esas miradas que desnudan.<\/i><\/div>\n","protected":false},"excerpt":{"rendered":"<p>CL\u00c1SICO BODY DE ENCAJE CON MANGA LARGA.\u00a0\u00a0CUELLO CERRADO REDONDO. Talle Unico adaptable hasta un L. S\u00f2lo en rojo. Seducir con elegancia y suavidad en la piel. Vestir fantas\u00edas para desnudar placeres. Estilizado y trasl\u00facido para presumir de esas miradas que desnudan.<\/p>\n","protected":false},"featured_media":10809,"template":"","meta":[],"product_brand":[],"product_cat":[5,9],"product_tag":[424,147,446,146],"class_list":{"0":"post-10808","1":"product","2":"type-product","3":"status-publish","4":"has-post-thumbnail","6":"product_cat-lenceria-erotica","7":"product_cat-baby-doll-catsuit-body","8":"product_tag-body","9":"product_tag-rio-grande","10":"product_tag-sexshop-ushuaia-2","11":"product_tag-tierra-del-fuego","13":"first","14":"instock","15":"shipping-taxable","16":"product-type-simple"},"_links":{"self":[{"href":"https:\/\/sexysiempre.com\/web\/wp-json\/wp\/v2\/product\/10808","targetHints":{"allow":["GET"]}}],"collection":[{"href":"https:\/\/sexysiempre.com\/web\/wp-json\/wp\/v2\/product"}],"about":[{"href":"https:\/\/sexysiempre.com\/web\/wp-json\/wp\/v2\/types\/product"}],"wp:featuredmedia":[{"embeddable":true,"href":"https:\/\/sexysiempre.com\/web\/wp-json\/wp\/v2\/media\/10809"}],"wp:attachment":[{"href":"https:\/\/sexysiempre.com\/web\/wp-json\/wp\/v2\/media?parent=10808"}],"wp:term":[{"taxonomy":"product_brand","embeddable":true,"href":"https:\/\/sexysiempre.com\/web\/wp-json\/wp\/v2\/product_brand?post=10808"},{"taxonomy":"product_cat","embeddable":true,"href":"https:\/\/sexysiempre.com\/web\/wp-json\/wp\/v2\/product_cat?post=10808"},{"taxonomy":"product_tag","embeddable":true,"href":"https:\/\/sexysiempre.com\/web\/wp-json\/wp\/v2\/product_tag?post=10808"}],"curies":[{"name":"wp","href":"https:\/\/api.w.org\/{rel}","templated":true}]}}