{"id":10839,"date":"2023-11-07T22:39:10","date_gmt":"2023-11-08T01:39:10","guid":{"rendered":"https:\/\/sexysiempre.com\/web\/?post_type=product&#038;p=10839"},"modified":"2023-11-07T22:42:10","modified_gmt":"2023-11-08T01:42:10","slug":"10839","status":"publish","type":"product","link":"https:\/\/sexysiempre.com\/web\/producto\/10839","title":{"rendered":"Pechera Luxury Cruzada Con Hebillas"},"content":{"rendered":"<div style=\"text-align: center;\">FA-0591-01-1<\/div>\n<div style=\"text-align: center;\"><img fetchpriority=\"high\" decoding=\"async\" class=\"aligncenter size-medium wp-image-10841\" src=\"https:\/\/sexysiempre.com\/web\/wp-content\/uploads\/fa-0591-01-pechera-luxury-cruzada-con-hebillas-21414770fb444558bcf5484d4602e1ee-1-650x650.jpg\" alt=\"\" width=\"300\" height=\"300\" srcset=\"https:\/\/sexysiempre.com\/web\/wp-content\/uploads\/fa-0591-01-pechera-luxury-cruzada-con-hebillas-21414770fb444558bcf5484d4602e1ee-1-650x650.jpg 650w, https:\/\/sexysiempre.com\/web\/wp-content\/uploads\/fa-0591-01-pechera-luxury-cruzada-con-hebillas-21414770fb444558bcf5484d4602e1ee-1-150x150.jpg 150w, https:\/\/sexysiempre.com\/web\/wp-content\/uploads\/fa-0591-01-pechera-luxury-cruzada-con-hebillas-21414770fb444558bcf5484d4602e1ee-1-768x768.jpg 768w, https:\/\/sexysiempre.com\/web\/wp-content\/uploads\/fa-0591-01-pechera-luxury-cruzada-con-hebillas-21414770fb444558bcf5484d4602e1ee-1-120x120.jpg 120w, https:\/\/sexysiempre.com\/web\/wp-content\/uploads\/fa-0591-01-pechera-luxury-cruzada-con-hebillas-21414770fb444558bcf5484d4602e1ee-1-300x300.jpg 300w, https:\/\/sexysiempre.com\/web\/wp-content\/uploads\/fa-0591-01-pechera-luxury-cruzada-con-hebillas-21414770fb444558bcf5484d4602e1ee-1-600x600.jpg 600w, https:\/\/sexysiempre.com\/web\/wp-content\/uploads\/fa-0591-01-pechera-luxury-cruzada-con-hebillas-21414770fb444558bcf5484d4602e1ee-1-100x100.jpg 100w, https:\/\/sexysiempre.com\/web\/wp-content\/uploads\/fa-0591-01-pechera-luxury-cruzada-con-hebillas-21414770fb444558bcf5484d4602e1ee-1.jpg 800w\" sizes=\"(max-width: 300px) 100vw, 300px\" \/><img decoding=\"async\" class=\"aligncenter size-medium wp-image-10842\" src=\"https:\/\/sexysiempre.com\/web\/wp-content\/uploads\/fa-0591-01-pechera-luxury-cruzada-con-hebillas-bc99d4a6e6ce44598584aa89d014b55b-1-650x650.jpg\" alt=\"\" width=\"300\" height=\"300\" srcset=\"https:\/\/sexysiempre.com\/web\/wp-content\/uploads\/fa-0591-01-pechera-luxury-cruzada-con-hebillas-bc99d4a6e6ce44598584aa89d014b55b-1-650x650.jpg 650w, https:\/\/sexysiempre.com\/web\/wp-content\/uploads\/fa-0591-01-pechera-luxury-cruzada-con-hebillas-bc99d4a6e6ce44598584aa89d014b55b-1-150x150.jpg 150w, https:\/\/sexysiempre.com\/web\/wp-content\/uploads\/fa-0591-01-pechera-luxury-cruzada-con-hebillas-bc99d4a6e6ce44598584aa89d014b55b-1-768x768.jpg 768w, https:\/\/sexysiempre.com\/web\/wp-content\/uploads\/fa-0591-01-pechera-luxury-cruzada-con-hebillas-bc99d4a6e6ce44598584aa89d014b55b-1-120x120.jpg 120w, https:\/\/sexysiempre.com\/web\/wp-content\/uploads\/fa-0591-01-pechera-luxury-cruzada-con-hebillas-bc99d4a6e6ce44598584aa89d014b55b-1-300x300.jpg 300w, https:\/\/sexysiempre.com\/web\/wp-content\/uploads\/fa-0591-01-pechera-luxury-cruzada-con-hebillas-bc99d4a6e6ce44598584aa89d014b55b-1-600x600.jpg 600w, https:\/\/sexysiempre.com\/web\/wp-content\/uploads\/fa-0591-01-pechera-luxury-cruzada-con-hebillas-bc99d4a6e6ce44598584aa89d014b55b-1-100x100.jpg 100w, https:\/\/sexysiempre.com\/web\/wp-content\/uploads\/fa-0591-01-pechera-luxury-cruzada-con-hebillas-bc99d4a6e6ce44598584aa89d014b55b-1.jpg 800w\" sizes=\"(max-width: 300px) 100vw, 300px\" \/><\/div>\n<div style=\"text-align: center;\"><\/div>\n<div style=\"text-align: center;\">Regulable a todas las medidas para que sea pr\u00e1ctico y adaptable a cualquier tipo de cuerpo.<\/div>\n<div style=\"text-align: center;\"><\/div>\n<div style=\"text-align: center;\">Con tachas y remaches en color plata, para dar una buena terminaci\u00f3n y estilo.<\/div>\n<div style=\"text-align: center;\"><\/div>\n<div style=\"text-align: center;\">Todo el contorno completamente cosido y reforzado en hilo, manteniendo una confecci\u00f3n de calidad en el tiempo.<\/div>\n<div style=\"text-align: center;\"><\/div>\n<div style=\"text-align: center;\">HECHO PARA FORCEJEAR DURO. NADA DETENDR\u00c1 LA EXCITACI\u00d3N DE USAR Y COMBINAR ESTE PRODUCTO CON OTROS PARA QUE TODO SE SIENTA CALIENTE.<\/div>\n","protected":false},"excerpt":{"rendered":"<p>FA-0591-01-1 Regulable a todas las medidas para que sea pr\u00e1ctico y adaptable a cualquier tipo de cuerpo. Con tachas y remaches en color plata, para dar una buena terminaci\u00f3n y estilo. Todo el contorno completamente cosido y reforzado en hilo, manteniendo una confecci\u00f3n de calidad en el tiempo. HECHO PARA FORCEJEAR DURO. NADA DETENDR\u00c1 LA [&hellip;]<\/p>\n","protected":false},"featured_media":10840,"template":"","meta":[],"product_brand":[],"product_cat":[6,14],"product_tag":[93,147,446,146],"class_list":{"0":"post-10839","1":"product","2":"type-product","3":"status-publish","4":"has-post-thumbnail","6":"product_cat-juguetes-accesorios-y-sexshop","7":"product_cat-arnes","8":"product_tag-arnes-2","9":"product_tag-rio-grande","10":"product_tag-sexshop-ushuaia-2","11":"product_tag-tierra-del-fuego","13":"first","14":"instock","15":"shipping-taxable","16":"product-type-simple"},"_links":{"self":[{"href":"https:\/\/sexysiempre.com\/web\/wp-json\/wp\/v2\/product\/10839","targetHints":{"allow":["GET"]}}],"collection":[{"href":"https:\/\/sexysiempre.com\/web\/wp-json\/wp\/v2\/product"}],"about":[{"href":"https:\/\/sexysiempre.com\/web\/wp-json\/wp\/v2\/types\/product"}],"wp:featuredmedia":[{"embeddable":true,"href":"https:\/\/sexysiempre.com\/web\/wp-json\/wp\/v2\/media\/10840"}],"wp:attachment":[{"href":"https:\/\/sexysiempre.com\/web\/wp-json\/wp\/v2\/media?parent=10839"}],"wp:term":[{"taxonomy":"product_brand","embeddable":true,"href":"https:\/\/sexysiempre.com\/web\/wp-json\/wp\/v2\/product_brand?post=10839"},{"taxonomy":"product_cat","embeddable":true,"href":"https:\/\/sexysiempre.com\/web\/wp-json\/wp\/v2\/product_cat?post=10839"},{"taxonomy":"product_tag","embeddable":true,"href":"https:\/\/sexysiempre.com\/web\/wp-json\/wp\/v2\/product_tag?post=10839"}],"curies":[{"name":"wp","href":"https:\/\/api.w.org\/{rel}","templated":true}]}}