{"id":10861,"date":"2024-01-04T15:41:08","date_gmt":"2024-01-04T18:41:08","guid":{"rendered":"https:\/\/sexysiempre.com\/web\/?post_type=product&#038;p=10861"},"modified":"2024-01-04T15:44:16","modified_gmt":"2024-01-04T18:44:16","slug":"consolador-realistico-real-deal-28cm-x-4-2cm","status":"publish","type":"product","link":"https:\/\/sexysiempre.com\/web\/producto\/consolador-realistico-real-deal-28cm-x-4-2cm","title":{"rendered":"Consolador Realistico Real Deal 28Cm X 4.2Cm"},"content":{"rendered":"<p style=\"text-align: center;\">BW-008038NR<\/p>\n<div style=\"text-align: center;\">UN CHICO DURO REBELDE<\/div>\n<div><img fetchpriority=\"high\" decoding=\"async\" class=\"aligncenter size-medium wp-image-10863\" src=\"https:\/\/sexysiempre.com\/web\/wp-content\/uploads\/bw-008038nr-consolador-realistico-deal-28cm-x-42cm-dbb98e76aa72422381e431bc7375bfa9-650x650.jpg\" alt=\"\" width=\"300\" height=\"300\" srcset=\"https:\/\/sexysiempre.com\/web\/wp-content\/uploads\/bw-008038nr-consolador-realistico-deal-28cm-x-42cm-dbb98e76aa72422381e431bc7375bfa9-650x650.jpg 650w, https:\/\/sexysiempre.com\/web\/wp-content\/uploads\/bw-008038nr-consolador-realistico-deal-28cm-x-42cm-dbb98e76aa72422381e431bc7375bfa9-150x150.jpg 150w, https:\/\/sexysiempre.com\/web\/wp-content\/uploads\/bw-008038nr-consolador-realistico-deal-28cm-x-42cm-dbb98e76aa72422381e431bc7375bfa9-768x768.jpg 768w, https:\/\/sexysiempre.com\/web\/wp-content\/uploads\/bw-008038nr-consolador-realistico-deal-28cm-x-42cm-dbb98e76aa72422381e431bc7375bfa9-120x120.jpg 120w, https:\/\/sexysiempre.com\/web\/wp-content\/uploads\/bw-008038nr-consolador-realistico-deal-28cm-x-42cm-dbb98e76aa72422381e431bc7375bfa9-300x300.jpg 300w, https:\/\/sexysiempre.com\/web\/wp-content\/uploads\/bw-008038nr-consolador-realistico-deal-28cm-x-42cm-dbb98e76aa72422381e431bc7375bfa9-600x600.jpg 600w, https:\/\/sexysiempre.com\/web\/wp-content\/uploads\/bw-008038nr-consolador-realistico-deal-28cm-x-42cm-dbb98e76aa72422381e431bc7375bfa9-100x100.jpg 100w, https:\/\/sexysiempre.com\/web\/wp-content\/uploads\/bw-008038nr-consolador-realistico-deal-28cm-x-42cm-dbb98e76aa72422381e431bc7375bfa9.jpg 800w\" sizes=\"(max-width: 300px) 100vw, 300px\" \/><img decoding=\"async\" class=\"aligncenter size-medium wp-image-10864\" src=\"https:\/\/sexysiempre.com\/web\/wp-content\/uploads\/bw-008038nr-consolador-realistico-deal-28cm-x-42cm-a13be99a261148a4969cb2e3e8deaa0b-650x650.gif\" alt=\"\" width=\"300\" height=\"300\" srcset=\"https:\/\/sexysiempre.com\/web\/wp-content\/uploads\/bw-008038nr-consolador-realistico-deal-28cm-x-42cm-a13be99a261148a4969cb2e3e8deaa0b-650x650.gif 650w, https:\/\/sexysiempre.com\/web\/wp-content\/uploads\/bw-008038nr-consolador-realistico-deal-28cm-x-42cm-a13be99a261148a4969cb2e3e8deaa0b-150x150.gif 150w, https:\/\/sexysiempre.com\/web\/wp-content\/uploads\/bw-008038nr-consolador-realistico-deal-28cm-x-42cm-a13be99a261148a4969cb2e3e8deaa0b-120x120.gif 120w, https:\/\/sexysiempre.com\/web\/wp-content\/uploads\/bw-008038nr-consolador-realistico-deal-28cm-x-42cm-a13be99a261148a4969cb2e3e8deaa0b-300x300.gif 300w, https:\/\/sexysiempre.com\/web\/wp-content\/uploads\/bw-008038nr-consolador-realistico-deal-28cm-x-42cm-a13be99a261148a4969cb2e3e8deaa0b-600x600.gif 600w, https:\/\/sexysiempre.com\/web\/wp-content\/uploads\/bw-008038nr-consolador-realistico-deal-28cm-x-42cm-a13be99a261148a4969cb2e3e8deaa0b-100x100.gif 100w\" sizes=\"(max-width: 300px) 100vw, 300px\" \/><img decoding=\"async\" class=\"aligncenter size-medium wp-image-10865\" src=\"https:\/\/sexysiempre.com\/web\/wp-content\/uploads\/bw-008038nr-consolador-realistico-deal-28cm-x-42cm-5ec5f10ff2c84ce1866429b40bead3d3-650x650.gif\" alt=\"\" width=\"300\" height=\"300\" srcset=\"https:\/\/sexysiempre.com\/web\/wp-content\/uploads\/bw-008038nr-consolador-realistico-deal-28cm-x-42cm-5ec5f10ff2c84ce1866429b40bead3d3-650x650.gif 650w, https:\/\/sexysiempre.com\/web\/wp-content\/uploads\/bw-008038nr-consolador-realistico-deal-28cm-x-42cm-5ec5f10ff2c84ce1866429b40bead3d3-150x150.gif 150w, https:\/\/sexysiempre.com\/web\/wp-content\/uploads\/bw-008038nr-consolador-realistico-deal-28cm-x-42cm-5ec5f10ff2c84ce1866429b40bead3d3-120x120.gif 120w, https:\/\/sexysiempre.com\/web\/wp-content\/uploads\/bw-008038nr-consolador-realistico-deal-28cm-x-42cm-5ec5f10ff2c84ce1866429b40bead3d3-300x300.gif 300w, https:\/\/sexysiempre.com\/web\/wp-content\/uploads\/bw-008038nr-consolador-realistico-deal-28cm-x-42cm-5ec5f10ff2c84ce1866429b40bead3d3-600x600.gif 600w, https:\/\/sexysiempre.com\/web\/wp-content\/uploads\/bw-008038nr-consolador-realistico-deal-28cm-x-42cm-5ec5f10ff2c84ce1866429b40bead3d3-100x100.gif 100w\" sizes=\"(max-width: 300px) 100vw, 300px\" \/><\/div>\n<div style=\"text-align: center;\"><\/div>\n<div style=\"text-align: center;\">Nuestra gama de consoladores realistas ha sido dise\u00f1ada para proporcionarte una experiencia inolvidable casi tan real como la de verdad.<\/div>\n<div style=\"text-align: center;\"><\/div>\n<div style=\"text-align: center;\">Un superh\u00e9roe entre los consoladores realistas, el consolador esculpido grande y carnoso presume de una profundidad de inserci\u00f3n de 15 cm para sesiones de sexo caliente y salvaje en solitario o en pareja.<\/div>\n<div style=\"text-align: center;\"><\/div>\n<div style=\"text-align: center;\">Este delicioso consolador se sostiene por s\u00ed solo gracias a la ventosa de la base, dise\u00f1ada para darte toda la estabilidad y penetraci\u00f3n que deseas, este chico malo nunca se cansa y tiene m\u00e1s que suficiente para satisfacer todos tus puntos dulces.<\/div>\n<div style=\"text-align: center;\"><\/div>\n<div style=\"text-align: center;\">Un consolador realista muy recomendable.<\/div>\n<div><\/div>\n<div><\/div>\n<div><\/div>\n<div><b>PESO:<\/b>\u00a0453gr.<\/div>\n<div><\/div>\n<div><b>MATERIAL:<\/b>\u00a0TPR<\/div>\n<div><b>\u00a0<\/b><\/div>\n<div><b>TAMA\u00d1O:<\/b>\u00a028cm Largo X 4.2cm grosor<\/div>\n","protected":false},"excerpt":{"rendered":"<p>BW-008038NR UN CHICO DURO REBELDE Nuestra gama de consoladores realistas ha sido dise\u00f1ada para proporcionarte una experiencia inolvidable casi tan real como la de verdad. Un superh\u00e9roe entre los consoladores realistas, el consolador esculpido grande y carnoso presume de una profundidad de inserci\u00f3n de 15 cm para sesiones de sexo caliente y salvaje en solitario [&hellip;]<\/p>\n","protected":false},"featured_media":10862,"template":"","meta":[],"product_brand":[],"product_cat":[6,39],"product_tag":[90,91,147,446,146],"class_list":{"0":"post-10861","1":"product","2":"type-product","3":"status-publish","4":"has-post-thumbnail","6":"product_cat-juguetes-accesorios-y-sexshop","7":"product_cat-realisticos-xl","8":"product_tag-consoladores-2","9":"product_tag-realisticos-2","10":"product_tag-rio-grande","11":"product_tag-sexshop-ushuaia-2","12":"product_tag-tierra-del-fuego","14":"first","15":"instock","16":"shipping-taxable","17":"product-type-simple"},"_links":{"self":[{"href":"https:\/\/sexysiempre.com\/web\/wp-json\/wp\/v2\/product\/10861","targetHints":{"allow":["GET"]}}],"collection":[{"href":"https:\/\/sexysiempre.com\/web\/wp-json\/wp\/v2\/product"}],"about":[{"href":"https:\/\/sexysiempre.com\/web\/wp-json\/wp\/v2\/types\/product"}],"wp:featuredmedia":[{"embeddable":true,"href":"https:\/\/sexysiempre.com\/web\/wp-json\/wp\/v2\/media\/10862"}],"wp:attachment":[{"href":"https:\/\/sexysiempre.com\/web\/wp-json\/wp\/v2\/media?parent=10861"}],"wp:term":[{"taxonomy":"product_brand","embeddable":true,"href":"https:\/\/sexysiempre.com\/web\/wp-json\/wp\/v2\/product_brand?post=10861"},{"taxonomy":"product_cat","embeddable":true,"href":"https:\/\/sexysiempre.com\/web\/wp-json\/wp\/v2\/product_cat?post=10861"},{"taxonomy":"product_tag","embeddable":true,"href":"https:\/\/sexysiempre.com\/web\/wp-json\/wp\/v2\/product_tag?post=10861"}],"curies":[{"name":"wp","href":"https:\/\/api.w.org\/{rel}","templated":true}]}}