{"id":10950,"date":"2024-03-29T18:55:55","date_gmt":"2024-03-29T21:55:55","guid":{"rendered":"https:\/\/sexysiempre.com\/web\/?post_type=product&#038;p=10950"},"modified":"2024-03-29T19:19:04","modified_gmt":"2024-03-29T22:19:04","slug":"huevo-bala-debby-estimulador-control-remoto","status":"publish","type":"product","link":"https:\/\/sexysiempre.com\/web\/producto\/huevo-bala-debby-estimulador-control-remoto","title":{"rendered":"Huevo\/Bala Debby Estimulador  Control Remoto"},"content":{"rendered":"<p style=\"text-align: center;\">BI-014405W<\/p>\n<p style=\"text-align: center;\">Con este huevo\/bala,\u00a0 compacto y f\u00e1cil de usar con control remoto de 12 funciones, puede agregar un poco de estimulaci\u00f3n adicional a su vida sexual. Posee contornos magn\u00edficamente redondeados para una textura perfecta contra la piel. Incluye control remoto inal\u00e1mbrico de mano para que pueda cambiar la intensidad durante el uso.<\/p>\n<p style=\"text-align: center;\"><img fetchpriority=\"high\" decoding=\"async\" class=\"aligncenter size-medium wp-image-10952\" src=\"https:\/\/sexysiempre.com\/web\/wp-content\/uploads\/bi-014405w-vibrador-debby-estimulador-clitoris-control-remoto-cd54f831b66a4404aa9f2ddaa835b837-650x650.jpg\" alt=\"\" width=\"300\" height=\"300\" srcset=\"https:\/\/sexysiempre.com\/web\/wp-content\/uploads\/bi-014405w-vibrador-debby-estimulador-clitoris-control-remoto-cd54f831b66a4404aa9f2ddaa835b837-650x650.jpg 650w, https:\/\/sexysiempre.com\/web\/wp-content\/uploads\/bi-014405w-vibrador-debby-estimulador-clitoris-control-remoto-cd54f831b66a4404aa9f2ddaa835b837-150x150.jpg 150w, https:\/\/sexysiempre.com\/web\/wp-content\/uploads\/bi-014405w-vibrador-debby-estimulador-clitoris-control-remoto-cd54f831b66a4404aa9f2ddaa835b837-768x768.jpg 768w, https:\/\/sexysiempre.com\/web\/wp-content\/uploads\/bi-014405w-vibrador-debby-estimulador-clitoris-control-remoto-cd54f831b66a4404aa9f2ddaa835b837-120x120.jpg 120w, https:\/\/sexysiempre.com\/web\/wp-content\/uploads\/bi-014405w-vibrador-debby-estimulador-clitoris-control-remoto-cd54f831b66a4404aa9f2ddaa835b837-300x300.jpg 300w, https:\/\/sexysiempre.com\/web\/wp-content\/uploads\/bi-014405w-vibrador-debby-estimulador-clitoris-control-remoto-cd54f831b66a4404aa9f2ddaa835b837-600x600.jpg 600w, https:\/\/sexysiempre.com\/web\/wp-content\/uploads\/bi-014405w-vibrador-debby-estimulador-clitoris-control-remoto-cd54f831b66a4404aa9f2ddaa835b837-100x100.jpg 100w, https:\/\/sexysiempre.com\/web\/wp-content\/uploads\/bi-014405w-vibrador-debby-estimulador-clitoris-control-remoto-cd54f831b66a4404aa9f2ddaa835b837.jpg 800w\" sizes=\"(max-width: 300px) 100vw, 300px\" \/><img decoding=\"async\" class=\"aligncenter size-medium wp-image-10953\" src=\"https:\/\/sexysiempre.com\/web\/wp-content\/uploads\/bi-014405w-vibrador-debby-estimulador-clitoris-control-remoto-8638cc8d2d4241c7b5c63385eac6ee8c-650x650.jpg\" alt=\"\" width=\"300\" height=\"300\" srcset=\"https:\/\/sexysiempre.com\/web\/wp-content\/uploads\/bi-014405w-vibrador-debby-estimulador-clitoris-control-remoto-8638cc8d2d4241c7b5c63385eac6ee8c-650x650.jpg 650w, https:\/\/sexysiempre.com\/web\/wp-content\/uploads\/bi-014405w-vibrador-debby-estimulador-clitoris-control-remoto-8638cc8d2d4241c7b5c63385eac6ee8c-150x150.jpg 150w, https:\/\/sexysiempre.com\/web\/wp-content\/uploads\/bi-014405w-vibrador-debby-estimulador-clitoris-control-remoto-8638cc8d2d4241c7b5c63385eac6ee8c-768x768.jpg 768w, https:\/\/sexysiempre.com\/web\/wp-content\/uploads\/bi-014405w-vibrador-debby-estimulador-clitoris-control-remoto-8638cc8d2d4241c7b5c63385eac6ee8c-120x120.jpg 120w, https:\/\/sexysiempre.com\/web\/wp-content\/uploads\/bi-014405w-vibrador-debby-estimulador-clitoris-control-remoto-8638cc8d2d4241c7b5c63385eac6ee8c-300x300.jpg 300w, https:\/\/sexysiempre.com\/web\/wp-content\/uploads\/bi-014405w-vibrador-debby-estimulador-clitoris-control-remoto-8638cc8d2d4241c7b5c63385eac6ee8c-600x600.jpg 600w, https:\/\/sexysiempre.com\/web\/wp-content\/uploads\/bi-014405w-vibrador-debby-estimulador-clitoris-control-remoto-8638cc8d2d4241c7b5c63385eac6ee8c-100x100.jpg 100w, https:\/\/sexysiempre.com\/web\/wp-content\/uploads\/bi-014405w-vibrador-debby-estimulador-clitoris-control-remoto-8638cc8d2d4241c7b5c63385eac6ee8c.jpg 800w\" sizes=\"(max-width: 300px) 100vw, 300px\" \/><\/p>\n","protected":false},"excerpt":{"rendered":"<p>BI-014405W Con este huevo\/bala,\u00a0 compacto y f\u00e1cil de usar con control remoto de 12 funciones, puede agregar un poco de estimulaci\u00f3n adicional a su vida sexual. Posee contornos magn\u00edficamente redondeados para una textura perfecta contra la piel. Incluye control remoto inal\u00e1mbrico de mano para que pueda cambiar la intensidad durante el uso.<\/p>\n","protected":false},"featured_media":10951,"template":"","meta":[],"product_brand":[],"product_cat":[6,275],"product_tag":[579,580,147,446,146],"class_list":{"0":"post-10950","1":"product","2":"type-product","3":"status-publish","4":"has-post-thumbnail","6":"product_cat-juguetes-accesorios-y-sexshop","7":"product_cat-alta-gama-rotadores-y-otros","8":"product_tag-balas-vibradoras","9":"product_tag-huevos-vibradores-inalambricos","10":"product_tag-rio-grande","11":"product_tag-sexshop-ushuaia-2","12":"product_tag-tierra-del-fuego","14":"first","15":"instock","16":"shipping-taxable","17":"product-type-simple"},"_links":{"self":[{"href":"https:\/\/sexysiempre.com\/web\/wp-json\/wp\/v2\/product\/10950","targetHints":{"allow":["GET"]}}],"collection":[{"href":"https:\/\/sexysiempre.com\/web\/wp-json\/wp\/v2\/product"}],"about":[{"href":"https:\/\/sexysiempre.com\/web\/wp-json\/wp\/v2\/types\/product"}],"wp:featuredmedia":[{"embeddable":true,"href":"https:\/\/sexysiempre.com\/web\/wp-json\/wp\/v2\/media\/10951"}],"wp:attachment":[{"href":"https:\/\/sexysiempre.com\/web\/wp-json\/wp\/v2\/media?parent=10950"}],"wp:term":[{"taxonomy":"product_brand","embeddable":true,"href":"https:\/\/sexysiempre.com\/web\/wp-json\/wp\/v2\/product_brand?post=10950"},{"taxonomy":"product_cat","embeddable":true,"href":"https:\/\/sexysiempre.com\/web\/wp-json\/wp\/v2\/product_cat?post=10950"},{"taxonomy":"product_tag","embeddable":true,"href":"https:\/\/sexysiempre.com\/web\/wp-json\/wp\/v2\/product_tag?post=10950"}],"curies":[{"name":"wp","href":"https:\/\/api.w.org\/{rel}","templated":true}]}}