{"id":10980,"date":"2024-05-31T00:22:25","date_gmt":"2024-05-31T03:22:25","guid":{"rendered":"https:\/\/sexysiempre.com\/web\/?post_type=product&#038;p=10980"},"modified":"2025-06-21T20:45:37","modified_gmt":"2025-06-21T23:45:37","slug":"funda-extensora-con-anillo-vibrador-12cm-x-4cm","status":"publish","type":"product","link":"https:\/\/sexysiempre.com\/web\/producto\/funda-extensora-con-anillo-vibrador-12cm-x-4cm","title":{"rendered":"Funda Extensora Con Anillo Vibrador 12Cm X 4Cm"},"content":{"rendered":"<p>BI-026225Z<\/p>\n<p><img fetchpriority=\"high\" decoding=\"async\" class=\"aligncenter size-medium wp-image-10982\" src=\"https:\/\/sexysiempre.com\/web\/wp-content\/uploads\/bi-026225z-funda-extension-con-anillo-vibrador-12cm-4cm-4e14a76c28d44651a650a1ea532c3658-1-650x650.jpg\" alt=\"\" width=\"300\" height=\"300\" srcset=\"https:\/\/sexysiempre.com\/web\/wp-content\/uploads\/bi-026225z-funda-extension-con-anillo-vibrador-12cm-4cm-4e14a76c28d44651a650a1ea532c3658-1-650x650.jpg 650w, https:\/\/sexysiempre.com\/web\/wp-content\/uploads\/bi-026225z-funda-extension-con-anillo-vibrador-12cm-4cm-4e14a76c28d44651a650a1ea532c3658-1-150x150.jpg 150w, https:\/\/sexysiempre.com\/web\/wp-content\/uploads\/bi-026225z-funda-extension-con-anillo-vibrador-12cm-4cm-4e14a76c28d44651a650a1ea532c3658-1-768x768.jpg 768w, https:\/\/sexysiempre.com\/web\/wp-content\/uploads\/bi-026225z-funda-extension-con-anillo-vibrador-12cm-4cm-4e14a76c28d44651a650a1ea532c3658-1-120x120.jpg 120w, https:\/\/sexysiempre.com\/web\/wp-content\/uploads\/bi-026225z-funda-extension-con-anillo-vibrador-12cm-4cm-4e14a76c28d44651a650a1ea532c3658-1-300x300.jpg 300w, https:\/\/sexysiempre.com\/web\/wp-content\/uploads\/bi-026225z-funda-extension-con-anillo-vibrador-12cm-4cm-4e14a76c28d44651a650a1ea532c3658-1-600x600.jpg 600w, https:\/\/sexysiempre.com\/web\/wp-content\/uploads\/bi-026225z-funda-extension-con-anillo-vibrador-12cm-4cm-4e14a76c28d44651a650a1ea532c3658-1-100x100.jpg 100w, https:\/\/sexysiempre.com\/web\/wp-content\/uploads\/bi-026225z-funda-extension-con-anillo-vibrador-12cm-4cm-4e14a76c28d44651a650a1ea532c3658-1.jpg 800w\" sizes=\"(max-width: 300px) 100vw, 300px\" \/><img decoding=\"async\" class=\"aligncenter size-medium wp-image-10983\" src=\"https:\/\/sexysiempre.com\/web\/wp-content\/uploads\/bi-026225z-funda-extension-con-anillo-vibrador-12cm-4cm-78fed4756cad4cc59fe99ac5b4b064ad-650x650.jpg\" alt=\"\" width=\"300\" height=\"300\" srcset=\"https:\/\/sexysiempre.com\/web\/wp-content\/uploads\/bi-026225z-funda-extension-con-anillo-vibrador-12cm-4cm-78fed4756cad4cc59fe99ac5b4b064ad-650x650.jpg 650w, https:\/\/sexysiempre.com\/web\/wp-content\/uploads\/bi-026225z-funda-extension-con-anillo-vibrador-12cm-4cm-78fed4756cad4cc59fe99ac5b4b064ad-150x150.jpg 150w, https:\/\/sexysiempre.com\/web\/wp-content\/uploads\/bi-026225z-funda-extension-con-anillo-vibrador-12cm-4cm-78fed4756cad4cc59fe99ac5b4b064ad-768x768.jpg 768w, https:\/\/sexysiempre.com\/web\/wp-content\/uploads\/bi-026225z-funda-extension-con-anillo-vibrador-12cm-4cm-78fed4756cad4cc59fe99ac5b4b064ad-120x120.jpg 120w, https:\/\/sexysiempre.com\/web\/wp-content\/uploads\/bi-026225z-funda-extension-con-anillo-vibrador-12cm-4cm-78fed4756cad4cc59fe99ac5b4b064ad-300x300.jpg 300w, https:\/\/sexysiempre.com\/web\/wp-content\/uploads\/bi-026225z-funda-extension-con-anillo-vibrador-12cm-4cm-78fed4756cad4cc59fe99ac5b4b064ad-600x600.jpg 600w, https:\/\/sexysiempre.com\/web\/wp-content\/uploads\/bi-026225z-funda-extension-con-anillo-vibrador-12cm-4cm-78fed4756cad4cc59fe99ac5b4b064ad-100x100.jpg 100w, https:\/\/sexysiempre.com\/web\/wp-content\/uploads\/bi-026225z-funda-extension-con-anillo-vibrador-12cm-4cm-78fed4756cad4cc59fe99ac5b4b064ad.jpg 800w\" sizes=\"(max-width: 300px) 100vw, 300px\" \/><img decoding=\"async\" class=\"aligncenter size-medium wp-image-10984\" src=\"https:\/\/sexysiempre.com\/web\/wp-content\/uploads\/bi-026225z-funda-extension-con-anillo-vibrador-12cm-4cm-9d272dbb33664c90925dd5c7b88a7179-1-650x650.jpg\" alt=\"\" width=\"300\" height=\"300\" srcset=\"https:\/\/sexysiempre.com\/web\/wp-content\/uploads\/bi-026225z-funda-extension-con-anillo-vibrador-12cm-4cm-9d272dbb33664c90925dd5c7b88a7179-1-650x650.jpg 650w, https:\/\/sexysiempre.com\/web\/wp-content\/uploads\/bi-026225z-funda-extension-con-anillo-vibrador-12cm-4cm-9d272dbb33664c90925dd5c7b88a7179-1-150x150.jpg 150w, https:\/\/sexysiempre.com\/web\/wp-content\/uploads\/bi-026225z-funda-extension-con-anillo-vibrador-12cm-4cm-9d272dbb33664c90925dd5c7b88a7179-1-768x768.jpg 768w, https:\/\/sexysiempre.com\/web\/wp-content\/uploads\/bi-026225z-funda-extension-con-anillo-vibrador-12cm-4cm-9d272dbb33664c90925dd5c7b88a7179-1-120x120.jpg 120w, https:\/\/sexysiempre.com\/web\/wp-content\/uploads\/bi-026225z-funda-extension-con-anillo-vibrador-12cm-4cm-9d272dbb33664c90925dd5c7b88a7179-1-300x300.jpg 300w, https:\/\/sexysiempre.com\/web\/wp-content\/uploads\/bi-026225z-funda-extension-con-anillo-vibrador-12cm-4cm-9d272dbb33664c90925dd5c7b88a7179-1-600x600.jpg 600w, https:\/\/sexysiempre.com\/web\/wp-content\/uploads\/bi-026225z-funda-extension-con-anillo-vibrador-12cm-4cm-9d272dbb33664c90925dd5c7b88a7179-1-100x100.jpg 100w, https:\/\/sexysiempre.com\/web\/wp-content\/uploads\/bi-026225z-funda-extension-con-anillo-vibrador-12cm-4cm-9d272dbb33664c90925dd5c7b88a7179-1.jpg 800w\" sizes=\"(max-width: 300px) 100vw, 300px\" \/><\/p>\n<p>Extensor\u00a0 peneano con detalles realistas en silicona hipoalerg\u00e8nica, con aro para sujetar por test\u00ecculos y vibrador para m\u00e0ximo placer.<\/p>\n<p>10 modos de vibraci\u00f3n separados para una variedad de sensaciones y estimulaci\u00f3n.<\/p>\n","protected":false},"excerpt":{"rendered":"<p>BI-026225Z Extensor\u00a0 peneano con detalles realistas en silicona hipoalerg\u00e8nica, con aro para sujetar por test\u00ecculos y vibrador para m\u00e0ximo placer. 10 modos de vibraci\u00f3n separados para una variedad de sensaciones y estimulaci\u00f3n.<\/p>\n","protected":false},"featured_media":10981,"template":"","meta":[],"product_brand":[],"product_cat":[6,37],"product_tag":[198,147,446,146],"class_list":{"0":"post-10980","1":"product","2":"type-product","3":"status-publish","4":"has-post-thumbnail","6":"product_cat-juguetes-accesorios-y-sexshop","7":"product_cat-protesis-extensiones-y-erectores","8":"product_tag-extensor-peneano","9":"product_tag-rio-grande","10":"product_tag-sexshop-ushuaia-2","11":"product_tag-tierra-del-fuego","13":"first","14":"outofstock","15":"shipping-taxable","16":"product-type-simple"},"_links":{"self":[{"href":"https:\/\/sexysiempre.com\/web\/wp-json\/wp\/v2\/product\/10980","targetHints":{"allow":["GET"]}}],"collection":[{"href":"https:\/\/sexysiempre.com\/web\/wp-json\/wp\/v2\/product"}],"about":[{"href":"https:\/\/sexysiempre.com\/web\/wp-json\/wp\/v2\/types\/product"}],"wp:featuredmedia":[{"embeddable":true,"href":"https:\/\/sexysiempre.com\/web\/wp-json\/wp\/v2\/media\/10981"}],"wp:attachment":[{"href":"https:\/\/sexysiempre.com\/web\/wp-json\/wp\/v2\/media?parent=10980"}],"wp:term":[{"taxonomy":"product_brand","embeddable":true,"href":"https:\/\/sexysiempre.com\/web\/wp-json\/wp\/v2\/product_brand?post=10980"},{"taxonomy":"product_cat","embeddable":true,"href":"https:\/\/sexysiempre.com\/web\/wp-json\/wp\/v2\/product_cat?post=10980"},{"taxonomy":"product_tag","embeddable":true,"href":"https:\/\/sexysiempre.com\/web\/wp-json\/wp\/v2\/product_tag?post=10980"}],"curies":[{"name":"wp","href":"https:\/\/api.w.org\/{rel}","templated":true}]}}