{"id":10986,"date":"2024-05-31T00:30:39","date_gmt":"2024-05-31T03:30:39","guid":{"rendered":"https:\/\/sexysiempre.com\/web\/?post_type=product&#038;p=10986"},"modified":"2024-05-31T00:33:34","modified_gmt":"2024-05-31T03:33:34","slug":"ano-masturbador-baby-pussy-560grs-24cm-x-9cm","status":"publish","type":"product","link":"https:\/\/sexysiempre.com\/web\/producto\/ano-masturbador-baby-pussy-560grs-24cm-x-9cm","title":{"rendered":"Ano Masturbador  Baby Pussy 560Grs 24Cm X 9Cm"},"content":{"rendered":"<p style=\"text-align: center;\">BM-00900T27N-1<\/p>\n<p>&nbsp;<\/p>\n<p><img fetchpriority=\"high\" decoding=\"async\" class=\"aligncenter size-medium wp-image-10988\" src=\"https:\/\/sexysiempre.com\/web\/wp-content\/uploads\/bm-00900t27n-1-masturbador-ano-baby-pussy-560grs-24cm-x-9cm-89fe2ecf14b24de6a4a2545ce18c79eb-650x650.jpg\" alt=\"\" width=\"300\" height=\"300\" srcset=\"https:\/\/sexysiempre.com\/web\/wp-content\/uploads\/bm-00900t27n-1-masturbador-ano-baby-pussy-560grs-24cm-x-9cm-89fe2ecf14b24de6a4a2545ce18c79eb-650x650.jpg 650w, https:\/\/sexysiempre.com\/web\/wp-content\/uploads\/bm-00900t27n-1-masturbador-ano-baby-pussy-560grs-24cm-x-9cm-89fe2ecf14b24de6a4a2545ce18c79eb-150x150.jpg 150w, https:\/\/sexysiempre.com\/web\/wp-content\/uploads\/bm-00900t27n-1-masturbador-ano-baby-pussy-560grs-24cm-x-9cm-89fe2ecf14b24de6a4a2545ce18c79eb-768x768.jpg 768w, https:\/\/sexysiempre.com\/web\/wp-content\/uploads\/bm-00900t27n-1-masturbador-ano-baby-pussy-560grs-24cm-x-9cm-89fe2ecf14b24de6a4a2545ce18c79eb-120x120.jpg 120w, https:\/\/sexysiempre.com\/web\/wp-content\/uploads\/bm-00900t27n-1-masturbador-ano-baby-pussy-560grs-24cm-x-9cm-89fe2ecf14b24de6a4a2545ce18c79eb-300x300.jpg 300w, https:\/\/sexysiempre.com\/web\/wp-content\/uploads\/bm-00900t27n-1-masturbador-ano-baby-pussy-560grs-24cm-x-9cm-89fe2ecf14b24de6a4a2545ce18c79eb-600x600.jpg 600w, https:\/\/sexysiempre.com\/web\/wp-content\/uploads\/bm-00900t27n-1-masturbador-ano-baby-pussy-560grs-24cm-x-9cm-89fe2ecf14b24de6a4a2545ce18c79eb-100x100.jpg 100w, https:\/\/sexysiempre.com\/web\/wp-content\/uploads\/bm-00900t27n-1-masturbador-ano-baby-pussy-560grs-24cm-x-9cm-89fe2ecf14b24de6a4a2545ce18c79eb.jpg 800w\" sizes=\"(max-width: 300px) 100vw, 300px\" \/><img decoding=\"async\" class=\"aligncenter size-medium wp-image-10989\" src=\"https:\/\/sexysiempre.com\/web\/wp-content\/uploads\/bm-00900t27n-1-masturbador-ano-baby-pussy-560grs-24cm-x-9cm-4634341573f64142bd7374616f7d6136-650x650.jpg\" alt=\"\" width=\"300\" height=\"300\" srcset=\"https:\/\/sexysiempre.com\/web\/wp-content\/uploads\/bm-00900t27n-1-masturbador-ano-baby-pussy-560grs-24cm-x-9cm-4634341573f64142bd7374616f7d6136-650x650.jpg 650w, https:\/\/sexysiempre.com\/web\/wp-content\/uploads\/bm-00900t27n-1-masturbador-ano-baby-pussy-560grs-24cm-x-9cm-4634341573f64142bd7374616f7d6136-150x150.jpg 150w, https:\/\/sexysiempre.com\/web\/wp-content\/uploads\/bm-00900t27n-1-masturbador-ano-baby-pussy-560grs-24cm-x-9cm-4634341573f64142bd7374616f7d6136-768x768.jpg 768w, https:\/\/sexysiempre.com\/web\/wp-content\/uploads\/bm-00900t27n-1-masturbador-ano-baby-pussy-560grs-24cm-x-9cm-4634341573f64142bd7374616f7d6136-120x120.jpg 120w, https:\/\/sexysiempre.com\/web\/wp-content\/uploads\/bm-00900t27n-1-masturbador-ano-baby-pussy-560grs-24cm-x-9cm-4634341573f64142bd7374616f7d6136-300x300.jpg 300w, https:\/\/sexysiempre.com\/web\/wp-content\/uploads\/bm-00900t27n-1-masturbador-ano-baby-pussy-560grs-24cm-x-9cm-4634341573f64142bd7374616f7d6136-600x600.jpg 600w, https:\/\/sexysiempre.com\/web\/wp-content\/uploads\/bm-00900t27n-1-masturbador-ano-baby-pussy-560grs-24cm-x-9cm-4634341573f64142bd7374616f7d6136-100x100.jpg 100w, https:\/\/sexysiempre.com\/web\/wp-content\/uploads\/bm-00900t27n-1-masturbador-ano-baby-pussy-560grs-24cm-x-9cm-4634341573f64142bd7374616f7d6136.jpg 800w\" sizes=\"(max-width: 300px) 100vw, 300px\" \/><\/p>\n<p style=\"text-align: center;\"><b>Elegante y discreto, este masturbador con orificio anal, ha conquistado el mercado de los masturbadores masculinos!\u00a0<\/b><\/p>\n<div style=\"text-align: center;\"><\/div>\n<div style=\"text-align: center;\">Su entrada ultra realista, m\u00e1s la funda interna acanalada y estriada hace que la experiencia de penetraci\u00f3n sea perfecta, mientras que el estuche de dise\u00f1o ergon\u00f3mico le brinda el m\u00e1ximo agarre.<\/div>\n","protected":false},"excerpt":{"rendered":"<p>BM-00900T27N-1 &nbsp; Elegante y discreto, este masturbador con orificio anal, ha conquistado el mercado de los masturbadores masculinos!\u00a0 Su entrada ultra realista, m\u00e1s la funda interna acanalada y estriada hace que la experiencia de penetraci\u00f3n sea perfecta, mientras que el estuche de dise\u00f1o ergon\u00f3mico le brinda el m\u00e1ximo agarre.<\/p>\n","protected":false},"featured_media":10987,"template":"","meta":[],"product_brand":[],"product_cat":[6,53],"product_tag":[260,147,446,146],"class_list":{"0":"post-10986","1":"product","2":"type-product","3":"status-publish","4":"has-post-thumbnail","6":"product_cat-juguetes-accesorios-y-sexshop","7":"product_cat-estimuladores-y-masturbadores-masculinos","8":"product_tag-masturbador-masculino","9":"product_tag-rio-grande","10":"product_tag-sexshop-ushuaia-2","11":"product_tag-tierra-del-fuego","13":"first","14":"instock","15":"shipping-taxable","16":"product-type-simple"},"_links":{"self":[{"href":"https:\/\/sexysiempre.com\/web\/wp-json\/wp\/v2\/product\/10986","targetHints":{"allow":["GET"]}}],"collection":[{"href":"https:\/\/sexysiempre.com\/web\/wp-json\/wp\/v2\/product"}],"about":[{"href":"https:\/\/sexysiempre.com\/web\/wp-json\/wp\/v2\/types\/product"}],"wp:featuredmedia":[{"embeddable":true,"href":"https:\/\/sexysiempre.com\/web\/wp-json\/wp\/v2\/media\/10987"}],"wp:attachment":[{"href":"https:\/\/sexysiempre.com\/web\/wp-json\/wp\/v2\/media?parent=10986"}],"wp:term":[{"taxonomy":"product_brand","embeddable":true,"href":"https:\/\/sexysiempre.com\/web\/wp-json\/wp\/v2\/product_brand?post=10986"},{"taxonomy":"product_cat","embeddable":true,"href":"https:\/\/sexysiempre.com\/web\/wp-json\/wp\/v2\/product_cat?post=10986"},{"taxonomy":"product_tag","embeddable":true,"href":"https:\/\/sexysiempre.com\/web\/wp-json\/wp\/v2\/product_tag?post=10986"}],"curies":[{"name":"wp","href":"https:\/\/api.w.org\/{rel}","templated":true}]}}