{"id":11279,"date":"2024-10-15T20:40:29","date_gmt":"2024-10-15T23:40:29","guid":{"rendered":"https:\/\/sexysiempre.com\/web\/?post_type=product&#038;p=11279"},"modified":"2025-06-11T17:05:34","modified_gmt":"2025-06-11T20:05:34","slug":"double-flex-vibrador-satisfyer","status":"publish","type":"product","link":"https:\/\/sexysiempre.com\/web\/producto\/double-flex-vibrador-satisfyer","title":{"rendered":"Double Flex vibrador Satisfyer con control por APP"},"content":{"rendered":"<p style=\"text-align: center;\">SA-2620<\/p>\n<p>&nbsp;<\/p>\n<p style=\"text-align: center;\">Vibrador apto penetraci\u00f3n vaginal, estimulaci\u00f3n de punto G y clitoris. De textura suave en silicona hipoalerg\u00e9nica dermocompatible. Posee 3 motores superpotentes para llevar al m\u00e1ximo de placer. Se puede manejar desde el juguete o desde un celular mediante una aap gratuita, con bluetooth.<\/p>\n<p style=\"text-align: center;\">Es Satisfyer, l\u00edder en el mercado por su calidad, dise\u00f1o, variedad y\u00a0 multiplicidad de placeres.<\/p>\n","protected":false},"excerpt":{"rendered":"<p>SA-2620 &nbsp; Vibrador apto penetraci\u00f3n vaginal, estimulaci\u00f3n de punto G y clitoris. De textura suave en silicona hipoalerg\u00e9nica dermocompatible. Posee 3 motores superpotentes para llevar al m\u00e1ximo de placer. Se puede manejar desde el juguete o desde un celular mediante una aap gratuita, con bluetooth. Es Satisfyer, l\u00edder en el mercado por su calidad, dise\u00f1o, [&hellip;]<\/p>\n","protected":false},"featured_media":11280,"template":"","meta":[],"product_brand":[],"product_cat":[6,275],"product_tag":[473,446,146,25],"class_list":{"0":"post-11279","1":"product","2":"type-product","3":"status-publish","4":"has-post-thumbnail","6":"product_cat-juguetes-accesorios-y-sexshop","7":"product_cat-alta-gama-rotadores-y-otros","8":"product_tag-satisfyer","9":"product_tag-sexshop-ushuaia-2","10":"product_tag-tierra-del-fuego","11":"product_tag-vibrador","13":"first","14":"instock","15":"shipping-taxable","16":"product-type-simple"},"_links":{"self":[{"href":"https:\/\/sexysiempre.com\/web\/wp-json\/wp\/v2\/product\/11279","targetHints":{"allow":["GET"]}}],"collection":[{"href":"https:\/\/sexysiempre.com\/web\/wp-json\/wp\/v2\/product"}],"about":[{"href":"https:\/\/sexysiempre.com\/web\/wp-json\/wp\/v2\/types\/product"}],"wp:featuredmedia":[{"embeddable":true,"href":"https:\/\/sexysiempre.com\/web\/wp-json\/wp\/v2\/media\/11280"}],"wp:attachment":[{"href":"https:\/\/sexysiempre.com\/web\/wp-json\/wp\/v2\/media?parent=11279"}],"wp:term":[{"taxonomy":"product_brand","embeddable":true,"href":"https:\/\/sexysiempre.com\/web\/wp-json\/wp\/v2\/product_brand?post=11279"},{"taxonomy":"product_cat","embeddable":true,"href":"https:\/\/sexysiempre.com\/web\/wp-json\/wp\/v2\/product_cat?post=11279"},{"taxonomy":"product_tag","embeddable":true,"href":"https:\/\/sexysiempre.com\/web\/wp-json\/wp\/v2\/product_tag?post=11279"}],"curies":[{"name":"wp","href":"https:\/\/api.w.org\/{rel}","templated":true}]}}