{"id":11291,"date":"2024-10-15T21:03:30","date_gmt":"2024-10-16T00:03:30","guid":{"rendered":"https:\/\/sexysiempre.com\/web\/?post_type=product&#038;p=11291"},"modified":"2026-02-26T16:59:38","modified_gmt":"2026-02-26T19:59:38","slug":"cadera-crazy-bull-realistica-con-vibrador","status":"publish","type":"product","link":"https:\/\/sexysiempre.com\/web\/producto\/cadera-crazy-bull-realistica-con-vibrador","title":{"rendered":"Cadera \u00abCrazy Bull\u00bb real\u00edstica con vibrador"},"content":{"rendered":"<p style=\"text-align: center;\">PL-009023-1<\/p>\n<p>&nbsp;<\/p>\n<p style=\"text-align: center;\">Producto importado en silicona hipoalerg\u00e9nica, simil piel, de textura suave y firme a la vez, permite penetraci\u00f3n vaginal y anal, con vibraci\u00f3n.<\/p>\n","protected":false},"excerpt":{"rendered":"<p>PL-009023-1 &nbsp; Producto importado en silicona hipoalerg\u00e9nica, simil piel, de textura suave y firme a la vez, permite penetraci\u00f3n vaginal y anal, con vibraci\u00f3n.<\/p>\n","protected":false},"featured_media":11292,"template":"","meta":[],"product_brand":[],"product_cat":[6,53],"product_tag":[260,147,446,146],"class_list":{"0":"post-11291","1":"product","2":"type-product","3":"status-publish","4":"has-post-thumbnail","6":"product_cat-juguetes-accesorios-y-sexshop","7":"product_cat-estimuladores-y-masturbadores-masculinos","8":"product_tag-masturbador-masculino","9":"product_tag-rio-grande","10":"product_tag-sexshop-ushuaia-2","11":"product_tag-tierra-del-fuego","13":"first","14":"instock","15":"shipping-taxable","16":"product-type-simple"},"_links":{"self":[{"href":"https:\/\/sexysiempre.com\/web\/wp-json\/wp\/v2\/product\/11291","targetHints":{"allow":["GET"]}}],"collection":[{"href":"https:\/\/sexysiempre.com\/web\/wp-json\/wp\/v2\/product"}],"about":[{"href":"https:\/\/sexysiempre.com\/web\/wp-json\/wp\/v2\/types\/product"}],"wp:featuredmedia":[{"embeddable":true,"href":"https:\/\/sexysiempre.com\/web\/wp-json\/wp\/v2\/media\/11292"}],"wp:attachment":[{"href":"https:\/\/sexysiempre.com\/web\/wp-json\/wp\/v2\/media?parent=11291"}],"wp:term":[{"taxonomy":"product_brand","embeddable":true,"href":"https:\/\/sexysiempre.com\/web\/wp-json\/wp\/v2\/product_brand?post=11291"},{"taxonomy":"product_cat","embeddable":true,"href":"https:\/\/sexysiempre.com\/web\/wp-json\/wp\/v2\/product_cat?post=11291"},{"taxonomy":"product_tag","embeddable":true,"href":"https:\/\/sexysiempre.com\/web\/wp-json\/wp\/v2\/product_tag?post=11291"}],"curies":[{"name":"wp","href":"https:\/\/api.w.org\/{rel}","templated":true}]}}