{"id":11299,"date":"2024-10-15T21:45:24","date_gmt":"2024-10-16T00:45:24","guid":{"rendered":"https:\/\/sexysiempre.com\/web\/?post_type=product&#038;p=11299"},"modified":"2024-10-15T21:49:03","modified_gmt":"2024-10-16T00:49:03","slug":"snappy-azul-recargable","status":"publish","type":"product","link":"https:\/\/sexysiempre.com\/web\/producto\/snappy-azul-recargable","title":{"rendered":"Snappy Azul Recargable"},"content":{"rendered":"<p style=\"text-align: center;\">BI-014173L<\/p>\n<p style=\"text-align: center;\">Vibrador Pretty Love apto para penetraci\u00f3n vaginal y estimulaci\u00f3n clitorial, Recargable por puerto USB en silicona hipoalerg\u00e9nica extra suave.<\/p>\n","protected":false},"excerpt":{"rendered":"<p>BI-014173L Vibrador Pretty Love apto para penetraci\u00f3n vaginal y estimulaci\u00f3n clitorial, Recargable por puerto USB en silicona hipoalerg\u00e9nica extra suave.<\/p>\n","protected":false},"featured_media":11300,"template":"","meta":[],"product_brand":[],"product_cat":[6,275],"product_tag":[147,446,146,25],"class_list":{"0":"post-11299","1":"product","2":"type-product","3":"status-publish","4":"has-post-thumbnail","6":"product_cat-juguetes-accesorios-y-sexshop","7":"product_cat-alta-gama-rotadores-y-otros","8":"product_tag-rio-grande","9":"product_tag-sexshop-ushuaia-2","10":"product_tag-tierra-del-fuego","11":"product_tag-vibrador","13":"first","14":"instock","15":"shipping-taxable","16":"product-type-simple"},"_links":{"self":[{"href":"https:\/\/sexysiempre.com\/web\/wp-json\/wp\/v2\/product\/11299","targetHints":{"allow":["GET"]}}],"collection":[{"href":"https:\/\/sexysiempre.com\/web\/wp-json\/wp\/v2\/product"}],"about":[{"href":"https:\/\/sexysiempre.com\/web\/wp-json\/wp\/v2\/types\/product"}],"wp:featuredmedia":[{"embeddable":true,"href":"https:\/\/sexysiempre.com\/web\/wp-json\/wp\/v2\/media\/11300"}],"wp:attachment":[{"href":"https:\/\/sexysiempre.com\/web\/wp-json\/wp\/v2\/media?parent=11299"}],"wp:term":[{"taxonomy":"product_brand","embeddable":true,"href":"https:\/\/sexysiempre.com\/web\/wp-json\/wp\/v2\/product_brand?post=11299"},{"taxonomy":"product_cat","embeddable":true,"href":"https:\/\/sexysiempre.com\/web\/wp-json\/wp\/v2\/product_cat?post=11299"},{"taxonomy":"product_tag","embeddable":true,"href":"https:\/\/sexysiempre.com\/web\/wp-json\/wp\/v2\/product_tag?post=11299"}],"curies":[{"name":"wp","href":"https:\/\/api.w.org\/{rel}","templated":true}]}}