{"id":11315,"date":"2024-10-15T22:14:15","date_gmt":"2024-10-16T01:14:15","guid":{"rendered":"https:\/\/sexysiempre.com\/web\/?post_type=product&#038;p=11315"},"modified":"2024-10-15T22:20:47","modified_gmt":"2024-10-16T01:20:47","slug":"butterfly-kiss","status":"publish","type":"product","link":"https:\/\/sexysiempre.com\/web\/producto\/butterfly-kiss","title":{"rendered":"Butterfly Kiss"},"content":{"rendered":"<p style=\"text-align: center;\">BI-014927<\/p>\n<p>&nbsp;<\/p>\n<p style=\"text-align: center;\">Producto con 30 funciones de vibraci\u00f3n, penetraci\u00f3n vaginal, estimulaci\u00f3n de Punto G y estimulaci\u00f3n clitorial mediante una mariposita que no dejar\u00e1 de aletear brindando placeres impensados. Es Pretty Love..!!<\/p>\n<p>&nbsp;<\/p>\n","protected":false},"excerpt":{"rendered":"<p>BI-014927 &nbsp; Producto con 30 funciones de vibraci\u00f3n, penetraci\u00f3n vaginal, estimulaci\u00f3n de Punto G y estimulaci\u00f3n clitorial mediante una mariposita que no dejar\u00e1 de aletear brindando placeres impensados. Es Pretty Love..!! &nbsp;<\/p>\n","protected":false},"featured_media":11317,"template":"","meta":[],"product_brand":[],"product_cat":[6,275],"product_tag":[466,147,446,146,89],"class_list":{"0":"post-11315","1":"product","2":"type-product","3":"status-publish","4":"has-post-thumbnail","6":"product_cat-juguetes-accesorios-y-sexshop","7":"product_cat-alta-gama-rotadores-y-otros","8":"product_tag-pretty-love","9":"product_tag-rio-grande","10":"product_tag-sexshop-ushuaia-2","11":"product_tag-tierra-del-fuego","12":"product_tag-vibradores-2","14":"first","15":"instock","16":"shipping-taxable","17":"product-type-simple"},"_links":{"self":[{"href":"https:\/\/sexysiempre.com\/web\/wp-json\/wp\/v2\/product\/11315","targetHints":{"allow":["GET"]}}],"collection":[{"href":"https:\/\/sexysiempre.com\/web\/wp-json\/wp\/v2\/product"}],"about":[{"href":"https:\/\/sexysiempre.com\/web\/wp-json\/wp\/v2\/types\/product"}],"wp:featuredmedia":[{"embeddable":true,"href":"https:\/\/sexysiempre.com\/web\/wp-json\/wp\/v2\/media\/11317"}],"wp:attachment":[{"href":"https:\/\/sexysiempre.com\/web\/wp-json\/wp\/v2\/media?parent=11315"}],"wp:term":[{"taxonomy":"product_brand","embeddable":true,"href":"https:\/\/sexysiempre.com\/web\/wp-json\/wp\/v2\/product_brand?post=11315"},{"taxonomy":"product_cat","embeddable":true,"href":"https:\/\/sexysiempre.com\/web\/wp-json\/wp\/v2\/product_cat?post=11315"},{"taxonomy":"product_tag","embeddable":true,"href":"https:\/\/sexysiempre.com\/web\/wp-json\/wp\/v2\/product_tag?post=11315"}],"curies":[{"name":"wp","href":"https:\/\/api.w.org\/{rel}","templated":true}]}}