{"id":11324,"date":"2024-10-15T22:28:00","date_gmt":"2024-10-16T01:28:00","guid":{"rendered":"https:\/\/sexysiempre.com\/web\/?post_type=product&#038;p=11324"},"modified":"2024-10-15T22:34:29","modified_gmt":"2024-10-16T01:34:29","slug":"dylan","status":"publish","type":"product","link":"https:\/\/sexysiempre.com\/web\/producto\/dylan","title":{"rendered":"Dylan"},"content":{"rendered":"<p style=\"text-align: center;\">BI-068002<\/p>\n<p style=\"text-align: center;\">Pretty Love lanza este nuevo dise\u00f1o con 4 funciones de ondulaci\u00f3n en su punta y 7 funciones de vibraci\u00f3n en todo su jugute, recargable, en silicona suave, firme y flexible para placeres impensables.<\/p>\n","protected":false},"excerpt":{"rendered":"<p>BI-068002 Pretty Love lanza este nuevo dise\u00f1o con 4 funciones de ondulaci\u00f3n en su punta y 7 funciones de vibraci\u00f3n en todo su jugute, recargable, en silicona suave, firme y flexible para placeres impensables.<\/p>\n","protected":false},"featured_media":11326,"template":"","meta":[],"product_brand":[],"product_cat":[6,275],"product_tag":[466,147,209,446,146,25],"class_list":{"0":"post-11324","1":"product","2":"type-product","3":"status-publish","4":"has-post-thumbnail","6":"product_cat-juguetes-accesorios-y-sexshop","7":"product_cat-alta-gama-rotadores-y-otros","8":"product_tag-pretty-love","9":"product_tag-rio-grande","10":"product_tag-rotador","11":"product_tag-sexshop-ushuaia-2","12":"product_tag-tierra-del-fuego","13":"product_tag-vibrador","15":"first","16":"instock","17":"shipping-taxable","18":"product-type-simple"},"_links":{"self":[{"href":"https:\/\/sexysiempre.com\/web\/wp-json\/wp\/v2\/product\/11324","targetHints":{"allow":["GET"]}}],"collection":[{"href":"https:\/\/sexysiempre.com\/web\/wp-json\/wp\/v2\/product"}],"about":[{"href":"https:\/\/sexysiempre.com\/web\/wp-json\/wp\/v2\/types\/product"}],"wp:featuredmedia":[{"embeddable":true,"href":"https:\/\/sexysiempre.com\/web\/wp-json\/wp\/v2\/media\/11326"}],"wp:attachment":[{"href":"https:\/\/sexysiempre.com\/web\/wp-json\/wp\/v2\/media?parent=11324"}],"wp:term":[{"taxonomy":"product_brand","embeddable":true,"href":"https:\/\/sexysiempre.com\/web\/wp-json\/wp\/v2\/product_brand?post=11324"},{"taxonomy":"product_cat","embeddable":true,"href":"https:\/\/sexysiempre.com\/web\/wp-json\/wp\/v2\/product_cat?post=11324"},{"taxonomy":"product_tag","embeddable":true,"href":"https:\/\/sexysiempre.com\/web\/wp-json\/wp\/v2\/product_tag?post=11324"}],"curies":[{"name":"wp","href":"https:\/\/api.w.org\/{rel}","templated":true}]}}