{"id":11341,"date":"2024-10-15T22:52:03","date_gmt":"2024-10-16T01:52:03","guid":{"rendered":"https:\/\/sexysiempre.com\/web\/?post_type=product&#038;p=11341"},"modified":"2026-02-28T18:25:58","modified_gmt":"2026-02-28T21:25:58","slug":"cutie-heart-succionador-de-satisfyer","status":"publish","type":"product","link":"https:\/\/sexysiempre.com\/web\/producto\/cutie-heart-succionador-de-satisfyer","title":{"rendered":"Cutie Heart, Succionador de Satisfyer"},"content":{"rendered":"<p style=\"text-align: center;\">SA-1598<\/p>\n<p>&nbsp;<\/p>\n<p style=\"text-align: center;\">Este coraz\u00f3n vibrante succiona toda emoci\u00f3n y mucho mas que ello. Dise\u00f1o exclusivo, sutil y distinguido como todo producto de Satisfyer. Recargable.<\/p>\n","protected":false},"excerpt":{"rendered":"<p>SA-1598 &nbsp; Este coraz\u00f3n vibrante succiona toda emoci\u00f3n y mucho mas que ello. Dise\u00f1o exclusivo, sutil y distinguido como todo producto de Satisfyer. Recargable.<\/p>\n","protected":false},"featured_media":11342,"template":"","meta":[],"product_brand":[],"product_cat":[6,275],"product_tag":[473,446,357,146],"class_list":{"0":"post-11341","1":"product","2":"type-product","3":"status-publish","4":"has-post-thumbnail","6":"product_cat-juguetes-accesorios-y-sexshop","7":"product_cat-alta-gama-rotadores-y-otros","8":"product_tag-satisfyer","9":"product_tag-sexshop-ushuaia-2","10":"product_tag-succionador","11":"product_tag-tierra-del-fuego","13":"first","14":"outofstock","15":"shipping-taxable","16":"product-type-simple"},"_links":{"self":[{"href":"https:\/\/sexysiempre.com\/web\/wp-json\/wp\/v2\/product\/11341","targetHints":{"allow":["GET"]}}],"collection":[{"href":"https:\/\/sexysiempre.com\/web\/wp-json\/wp\/v2\/product"}],"about":[{"href":"https:\/\/sexysiempre.com\/web\/wp-json\/wp\/v2\/types\/product"}],"wp:featuredmedia":[{"embeddable":true,"href":"https:\/\/sexysiempre.com\/web\/wp-json\/wp\/v2\/media\/11342"}],"wp:attachment":[{"href":"https:\/\/sexysiempre.com\/web\/wp-json\/wp\/v2\/media?parent=11341"}],"wp:term":[{"taxonomy":"product_brand","embeddable":true,"href":"https:\/\/sexysiempre.com\/web\/wp-json\/wp\/v2\/product_brand?post=11341"},{"taxonomy":"product_cat","embeddable":true,"href":"https:\/\/sexysiempre.com\/web\/wp-json\/wp\/v2\/product_cat?post=11341"},{"taxonomy":"product_tag","embeddable":true,"href":"https:\/\/sexysiempre.com\/web\/wp-json\/wp\/v2\/product_tag?post=11341"}],"curies":[{"name":"wp","href":"https:\/\/api.w.org\/{rel}","templated":true}]}}