{"id":11345,"date":"2024-10-15T22:57:33","date_gmt":"2024-10-16T01:57:33","guid":{"rendered":"https:\/\/sexysiempre.com\/web\/?post_type=product&#038;p=11345"},"modified":"2024-10-15T23:01:03","modified_gmt":"2024-10-16T02:01:03","slug":"ward-pretty-love","status":"publish","type":"product","link":"https:\/\/sexysiempre.com\/web\/producto\/ward-pretty-love","title":{"rendered":"Ward, Pretty Love"},"content":{"rendered":"<p style=\"text-align: center;\">BI&#8211;014399<\/p>\n<p>&nbsp;<\/p>\n<p style=\"text-align: center;\">Producto importado con 4 funciones de rotaci\u00f3n, 12 funciones de vibraci\u00f3n y la irresistible funci\u00f3n de subir y bajar que conduce a orgasmos \u00fanicos. Recargable.<\/p>\n","protected":false},"excerpt":{"rendered":"<p>BI&#8211;014399 &nbsp; Producto importado con 4 funciones de rotaci\u00f3n, 12 funciones de vibraci\u00f3n y la irresistible funci\u00f3n de subir y bajar que conduce a orgasmos \u00fanicos. Recargable.<\/p>\n","protected":false},"featured_media":11346,"template":"","meta":[],"product_brand":[],"product_cat":[6,275],"product_tag":[466,596,446,146,25],"class_list":{"0":"post-11345","1":"product","2":"type-product","3":"status-publish","4":"has-post-thumbnail","6":"product_cat-juguetes-accesorios-y-sexshop","7":"product_cat-alta-gama-rotadores-y-otros","8":"product_tag-pretty-love","9":"product_tag-rotacion","10":"product_tag-sexshop-ushuaia-2","11":"product_tag-tierra-del-fuego","12":"product_tag-vibrador","14":"first","15":"instock","16":"shipping-taxable","17":"product-type-simple"},"_links":{"self":[{"href":"https:\/\/sexysiempre.com\/web\/wp-json\/wp\/v2\/product\/11345","targetHints":{"allow":["GET"]}}],"collection":[{"href":"https:\/\/sexysiempre.com\/web\/wp-json\/wp\/v2\/product"}],"about":[{"href":"https:\/\/sexysiempre.com\/web\/wp-json\/wp\/v2\/types\/product"}],"wp:featuredmedia":[{"embeddable":true,"href":"https:\/\/sexysiempre.com\/web\/wp-json\/wp\/v2\/media\/11346"}],"wp:attachment":[{"href":"https:\/\/sexysiempre.com\/web\/wp-json\/wp\/v2\/media?parent=11345"}],"wp:term":[{"taxonomy":"product_brand","embeddable":true,"href":"https:\/\/sexysiempre.com\/web\/wp-json\/wp\/v2\/product_brand?post=11345"},{"taxonomy":"product_cat","embeddable":true,"href":"https:\/\/sexysiempre.com\/web\/wp-json\/wp\/v2\/product_cat?post=11345"},{"taxonomy":"product_tag","embeddable":true,"href":"https:\/\/sexysiempre.com\/web\/wp-json\/wp\/v2\/product_tag?post=11345"}],"curies":[{"name":"wp","href":"https:\/\/api.w.org\/{rel}","templated":true}]}}