{"id":11516,"date":"2025-01-29T15:42:22","date_gmt":"2025-01-29T18:42:22","guid":{"rendered":"https:\/\/sexysiempre.com\/web\/?post_type=product&#038;p=11516"},"modified":"2025-01-29T15:42:23","modified_gmt":"2025-01-29T18:42:23","slug":"gel-efecto-calor","status":"publish","type":"product","link":"https:\/\/sexysiempre.com\/web\/producto\/gel-efecto-calor","title":{"rendered":"Gel Efecto Calor"},"content":{"rendered":"<p style=\"text-align: center;\">Gel \u00edntimo Fly Night brinda c\u00e1lidas sensaciones en los mejores momentos, con v\u00e1lvula de aplicaci\u00f3n.<\/p>\n<p style=\"text-align: center;\">Contiene 125 ml<\/p>\n","protected":false},"excerpt":{"rendered":"<p>Gel \u00edntimo Fly Night brinda c\u00e1lidas sensaciones en los mejores momentos, con v\u00e1lvula de aplicaci\u00f3n. Contiene 125 ml<\/p>\n","protected":false},"featured_media":11517,"template":"","meta":[],"product_brand":[],"product_cat":[6,20],"product_tag":[77,78,147,446,146],"class_list":{"0":"post-11516","1":"product","2":"type-product","3":"status-publish","4":"has-post-thumbnail","6":"product_cat-juguetes-accesorios-y-sexshop","7":"product_cat-aceites-geles-y-lubricantes","8":"product_tag-geles","9":"product_tag-lubricantes","10":"product_tag-rio-grande","11":"product_tag-sexshop-ushuaia-2","12":"product_tag-tierra-del-fuego","14":"first","15":"instock","16":"shipping-taxable","17":"product-type-simple"},"_links":{"self":[{"href":"https:\/\/sexysiempre.com\/web\/wp-json\/wp\/v2\/product\/11516","targetHints":{"allow":["GET"]}}],"collection":[{"href":"https:\/\/sexysiempre.com\/web\/wp-json\/wp\/v2\/product"}],"about":[{"href":"https:\/\/sexysiempre.com\/web\/wp-json\/wp\/v2\/types\/product"}],"wp:featuredmedia":[{"embeddable":true,"href":"https:\/\/sexysiempre.com\/web\/wp-json\/wp\/v2\/media\/11517"}],"wp:attachment":[{"href":"https:\/\/sexysiempre.com\/web\/wp-json\/wp\/v2\/media?parent=11516"}],"wp:term":[{"taxonomy":"product_brand","embeddable":true,"href":"https:\/\/sexysiempre.com\/web\/wp-json\/wp\/v2\/product_brand?post=11516"},{"taxonomy":"product_cat","embeddable":true,"href":"https:\/\/sexysiempre.com\/web\/wp-json\/wp\/v2\/product_cat?post=11516"},{"taxonomy":"product_tag","embeddable":true,"href":"https:\/\/sexysiempre.com\/web\/wp-json\/wp\/v2\/product_tag?post=11516"}],"curies":[{"name":"wp","href":"https:\/\/api.w.org\/{rel}","templated":true}]}}