{"id":11604,"date":"2025-01-29T20:12:09","date_gmt":"2025-01-29T23:12:09","guid":{"rendered":"https:\/\/sexysiempre.com\/web\/?post_type=product&#038;p=11604"},"modified":"2026-02-28T18:40:35","modified_gmt":"2026-02-28T21:40:35","slug":"anillo-doble-recargable-ruben","status":"publish","type":"product","link":"https:\/\/sexysiempre.com\/web\/producto\/anillo-doble-recargable-ruben","title":{"rendered":"Anillo doble recargable \u00abRub\u00e9n\u00bb"},"content":{"rendered":"<p style=\"text-align: center;\">PL-210311-1<\/p>\n<p style=\"text-align: center;\">Adaptable a todo tama\u00f1o, permite sujetar test\u00edculos por el aro mas grande y por el aro mas peque\u00f1o colocar el pene mientras que\u00a0 sus \u00abmanitos\u00bb que cubre el exterior, estimular\u00e1n cl\u00edtoris. Anillo que al estimular test\u00edculos y pene, adquiere su m\u00e1xima erecci\u00f3n, retarda eyaculaci\u00f3n. Posee 7 funciones diferentes, resistente al agua.<\/p>\n","protected":false},"excerpt":{"rendered":"<p>PL-210311-1 Adaptable a todo tama\u00f1o, permite sujetar test\u00edculos por el aro mas grande y por el aro mas peque\u00f1o colocar el pene mientras que\u00a0 sus \u00abmanitos\u00bb que cubre el exterior, estimular\u00e1n cl\u00edtoris. Anillo que al estimular test\u00edculos y pene, adquiere su m\u00e1xima erecci\u00f3n, retarda eyaculaci\u00f3n. Posee 7 funciones diferentes, resistente al agua.<\/p>\n","protected":false},"featured_media":11605,"template":"","meta":[],"product_brand":[],"product_cat":[6,31],"product_tag":[609,515,147,446,146],"class_list":{"0":"post-11604","1":"product","2":"type-product","3":"status-publish","4":"has-post-thumbnail","6":"product_cat-juguetes-accesorios-y-sexshop","7":"product_cat-anillos-vibradores","8":"product_tag-anillos-dobles","9":"product_tag-recargables","10":"product_tag-rio-grande","11":"product_tag-sexshop-ushuaia-2","12":"product_tag-tierra-del-fuego","14":"first","15":"outofstock","16":"shipping-taxable","17":"product-type-simple"},"_links":{"self":[{"href":"https:\/\/sexysiempre.com\/web\/wp-json\/wp\/v2\/product\/11604","targetHints":{"allow":["GET"]}}],"collection":[{"href":"https:\/\/sexysiempre.com\/web\/wp-json\/wp\/v2\/product"}],"about":[{"href":"https:\/\/sexysiempre.com\/web\/wp-json\/wp\/v2\/types\/product"}],"wp:featuredmedia":[{"embeddable":true,"href":"https:\/\/sexysiempre.com\/web\/wp-json\/wp\/v2\/media\/11605"}],"wp:attachment":[{"href":"https:\/\/sexysiempre.com\/web\/wp-json\/wp\/v2\/media?parent=11604"}],"wp:term":[{"taxonomy":"product_brand","embeddable":true,"href":"https:\/\/sexysiempre.com\/web\/wp-json\/wp\/v2\/product_brand?post=11604"},{"taxonomy":"product_cat","embeddable":true,"href":"https:\/\/sexysiempre.com\/web\/wp-json\/wp\/v2\/product_cat?post=11604"},{"taxonomy":"product_tag","embeddable":true,"href":"https:\/\/sexysiempre.com\/web\/wp-json\/wp\/v2\/product_tag?post=11604"}],"curies":[{"name":"wp","href":"https:\/\/api.w.org\/{rel}","templated":true}]}}