{"id":11624,"date":"2025-01-29T20:37:46","date_gmt":"2025-01-29T23:37:46","guid":{"rendered":"https:\/\/sexysiempre.com\/web\/?post_type=product&#038;p=11624"},"modified":"2025-01-29T20:37:47","modified_gmt":"2025-01-29T23:37:47","slug":"luxury-double-love-white-satisfyer","status":"publish","type":"product","link":"https:\/\/sexysiempre.com\/web\/producto\/luxury-double-love-white-satisfyer","title":{"rendered":"Luxury Double Love White SATISFYER"},"content":{"rendered":"<p style=\"text-align: center;\">J2008-17-2<\/p>\n<p><img fetchpriority=\"high\" decoding=\"async\" class=\"aligncenter size-full wp-image-11626\" src=\"https:\/\/sexysiempre.com\/web\/wp-content\/uploads\/j2008-17-double-love-aa2c101d39cb49c489ae1fbe2b591d82-300x300-1-1.jpg\" alt=\"\" width=\"300\" height=\"300\" srcset=\"https:\/\/sexysiempre.com\/web\/wp-content\/uploads\/j2008-17-double-love-aa2c101d39cb49c489ae1fbe2b591d82-300x300-1-1.jpg 300w, https:\/\/sexysiempre.com\/web\/wp-content\/uploads\/j2008-17-double-love-aa2c101d39cb49c489ae1fbe2b591d82-300x300-1-1-150x150.jpg 150w, https:\/\/sexysiempre.com\/web\/wp-content\/uploads\/j2008-17-double-love-aa2c101d39cb49c489ae1fbe2b591d82-300x300-1-1-120x120.jpg 120w, https:\/\/sexysiempre.com\/web\/wp-content\/uploads\/j2008-17-double-love-aa2c101d39cb49c489ae1fbe2b591d82-300x300-1-1-100x100.jpg 100w\" sizes=\"(max-width: 300px) 100vw, 300px\" \/><img decoding=\"async\" class=\"aligncenter size-full wp-image-11627\" src=\"https:\/\/sexysiempre.com\/web\/wp-content\/uploads\/j2008-17-double-love-87ae31cf87614af196c7c39eec2c64e0-300x300-1-1.jpg\" alt=\"\" width=\"300\" height=\"300\" srcset=\"https:\/\/sexysiempre.com\/web\/wp-content\/uploads\/j2008-17-double-love-87ae31cf87614af196c7c39eec2c64e0-300x300-1-1.jpg 300w, https:\/\/sexysiempre.com\/web\/wp-content\/uploads\/j2008-17-double-love-87ae31cf87614af196c7c39eec2c64e0-300x300-1-1-150x150.jpg 150w, https:\/\/sexysiempre.com\/web\/wp-content\/uploads\/j2008-17-double-love-87ae31cf87614af196c7c39eec2c64e0-300x300-1-1-120x120.jpg 120w, https:\/\/sexysiempre.com\/web\/wp-content\/uploads\/j2008-17-double-love-87ae31cf87614af196c7c39eec2c64e0-300x300-1-1-100x100.jpg 100w\" sizes=\"(max-width: 300px) 100vw, 300px\" \/><img decoding=\"async\" class=\"aligncenter size-full wp-image-11628\" src=\"https:\/\/sexysiempre.com\/web\/wp-content\/uploads\/j2008-15-double-fun-black-73abdcb7b95241968434dd846b4ed4e5-1-300x300-1-1.jpg\" alt=\"\" width=\"300\" height=\"300\" srcset=\"https:\/\/sexysiempre.com\/web\/wp-content\/uploads\/j2008-15-double-fun-black-73abdcb7b95241968434dd846b4ed4e5-1-300x300-1-1.jpg 300w, https:\/\/sexysiempre.com\/web\/wp-content\/uploads\/j2008-15-double-fun-black-73abdcb7b95241968434dd846b4ed4e5-1-300x300-1-1-150x150.jpg 150w, https:\/\/sexysiempre.com\/web\/wp-content\/uploads\/j2008-15-double-fun-black-73abdcb7b95241968434dd846b4ed4e5-1-300x300-1-1-120x120.jpg 120w, https:\/\/sexysiempre.com\/web\/wp-content\/uploads\/j2008-15-double-fun-black-73abdcb7b95241968434dd846b4ed4e5-1-300x300-1-1-100x100.jpg 100w\" sizes=\"(max-width: 300px) 100vw, 300px\" \/><\/p>\n<p style=\"text-align: center;\">\u00a1Disfruta de una brisa de aire fresco al hacer el amor con el Satisfyer Double Love Luxury!<\/p>\n<p style=\"text-align: center;\">El vibrador para parejas con 2 motores sorprende por su cl\u00e1sica forma en U, que estimula a ambos miembros de la pareja con vibraciones potentes. La parte ligeramente curvada se introduce en la vagina y estimula al mismo tiempo el punto G y el pene, mientras que la parte exterior acaricia tambi\u00e9n el cl\u00edtoris. La silicona inocua para el cuerpo tambi\u00e9n seduce gracias a la sensaci\u00f3n de suavidad al tacto.<\/p>\n<p style=\"text-align: center;\">Adem\u00e1s, a nivel visual, el Satisfyer Double Love tiene mucho que ofrecer: Los detalles elegantes de metal\u00a0genuino de alta calidad le aportan un toque de lujo a las relaciones sexuales.<\/p>\n<p style=\"text-align: center;\">El Satisfyer Double Love se puede controlar a trav\u00e9s del control remoto inal\u00e1mbrico incluido, as\u00ed como mediante la aplicaci\u00f3n gratuita Satisfyer Connect. Gracias a la aplicaci\u00f3n podr\u00e1s descubrir una nueva faceta de la vida sexual en pareja: Adem\u00e1s de poder controlar a distancia el dispositivo de placer, tambi\u00e9n puedes crear tus propios programas de vibraci\u00f3n o iniciar sesiones de chat de audio y v\u00eddeo. \u00bfA qu\u00e9 est\u00e1s esperando? Adem\u00e1s, como el vibrador para parejas tiene un acabado impermeable (IPX7), tambi\u00e9n contribuye a enriquecer los juegos er\u00f3ticos bajo la ducha o en la ba\u00f1era con vibraciones calientes. Si el vibrador para parejas se queda sin aliento, las bater\u00edas integradas se pueden recargar mediante el cable de carga USB incluido.<\/p>\n","protected":false},"excerpt":{"rendered":"<p>J2008-17-2 \u00a1Disfruta de una brisa de aire fresco al hacer el amor con el Satisfyer Double Love Luxury! El vibrador para parejas con 2 motores sorprende por su cl\u00e1sica forma en U, que estimula a ambos miembros de la pareja con vibraciones potentes. La parte ligeramente curvada se introduce en la vagina y estimula al [&hellip;]<\/p>\n","protected":false},"featured_media":11625,"template":"","meta":[],"product_brand":[],"product_cat":[6,275],"product_tag":[446,610],"class_list":{"0":"post-11624","1":"product","2":"type-product","3":"status-publish","4":"has-post-thumbnail","6":"product_cat-juguetes-accesorios-y-sexshop","7":"product_cat-alta-gama-rotadores-y-otros","8":"product_tag-sexshop-ushuaia-2","9":"product_tag-tierrra-del-fuego","11":"first","12":"instock","13":"shipping-taxable","14":"product-type-simple"},"_links":{"self":[{"href":"https:\/\/sexysiempre.com\/web\/wp-json\/wp\/v2\/product\/11624","targetHints":{"allow":["GET"]}}],"collection":[{"href":"https:\/\/sexysiempre.com\/web\/wp-json\/wp\/v2\/product"}],"about":[{"href":"https:\/\/sexysiempre.com\/web\/wp-json\/wp\/v2\/types\/product"}],"wp:featuredmedia":[{"embeddable":true,"href":"https:\/\/sexysiempre.com\/web\/wp-json\/wp\/v2\/media\/11625"}],"wp:attachment":[{"href":"https:\/\/sexysiempre.com\/web\/wp-json\/wp\/v2\/media?parent=11624"}],"wp:term":[{"taxonomy":"product_brand","embeddable":true,"href":"https:\/\/sexysiempre.com\/web\/wp-json\/wp\/v2\/product_brand?post=11624"},{"taxonomy":"product_cat","embeddable":true,"href":"https:\/\/sexysiempre.com\/web\/wp-json\/wp\/v2\/product_cat?post=11624"},{"taxonomy":"product_tag","embeddable":true,"href":"https:\/\/sexysiempre.com\/web\/wp-json\/wp\/v2\/product_tag?post=11624"}],"curies":[{"name":"wp","href":"https:\/\/api.w.org\/{rel}","templated":true}]}}