{"id":11781,"date":"2025-05-17T20:41:31","date_gmt":"2025-05-17T23:41:31","guid":{"rendered":"https:\/\/sexysiempre.com\/web\/?post_type=product&#038;p=11781"},"modified":"2025-05-17T20:41:32","modified_gmt":"2025-05-17T23:41:32","slug":"vibrador-con-ventosa-linea-beautifull","status":"publish","type":"product","link":"https:\/\/sexysiempre.com\/web\/producto\/vibrador-con-ventosa-linea-beautifull","title":{"rendered":"Vibrador con ventosa l\u00ednea Beautifull"},"content":{"rendered":"<p style=\"text-align: center;\">PL-08108ZR<\/p>\n<p>&nbsp;<\/p>\n<p style=\"text-align: center;\">De textura pellizcable, tan similar a la piel que pensar\u00e1s que es real. Con ventosa para adherir, mas control que regula las vibraciones. La l\u00ednea Beautifull se distingue de cualquier otro consolador real\u00edstico por su alta calidad y textura.<\/p>\n","protected":false},"excerpt":{"rendered":"<p>PL-08108ZR &nbsp; De textura pellizcable, tan similar a la piel que pensar\u00e1s que es real. Con ventosa para adherir, mas control que regula las vibraciones. La l\u00ednea Beautifull se distingue de cualquier otro consolador real\u00edstico por su alta calidad y textura.<\/p>\n","protected":false},"featured_media":11782,"template":"","meta":[],"product_brand":[],"product_cat":[6,39],"product_tag":[91,446,146,627],"class_list":{"0":"post-11781","1":"product","2":"type-product","3":"status-publish","4":"has-post-thumbnail","6":"product_cat-juguetes-accesorios-y-sexshop","7":"product_cat-realisticos-xl","8":"product_tag-realisticos-2","9":"product_tag-sexshop-ushuaia-2","10":"product_tag-tierra-del-fuego","11":"product_tag-vibradores-pellizcables","13":"first","14":"instock","15":"shipping-taxable","16":"product-type-simple"},"_links":{"self":[{"href":"https:\/\/sexysiempre.com\/web\/wp-json\/wp\/v2\/product\/11781","targetHints":{"allow":["GET"]}}],"collection":[{"href":"https:\/\/sexysiempre.com\/web\/wp-json\/wp\/v2\/product"}],"about":[{"href":"https:\/\/sexysiempre.com\/web\/wp-json\/wp\/v2\/types\/product"}],"wp:featuredmedia":[{"embeddable":true,"href":"https:\/\/sexysiempre.com\/web\/wp-json\/wp\/v2\/media\/11782"}],"wp:attachment":[{"href":"https:\/\/sexysiempre.com\/web\/wp-json\/wp\/v2\/media?parent=11781"}],"wp:term":[{"taxonomy":"product_brand","embeddable":true,"href":"https:\/\/sexysiempre.com\/web\/wp-json\/wp\/v2\/product_brand?post=11781"},{"taxonomy":"product_cat","embeddable":true,"href":"https:\/\/sexysiempre.com\/web\/wp-json\/wp\/v2\/product_cat?post=11781"},{"taxonomy":"product_tag","embeddable":true,"href":"https:\/\/sexysiempre.com\/web\/wp-json\/wp\/v2\/product_tag?post=11781"}],"curies":[{"name":"wp","href":"https:\/\/api.w.org\/{rel}","templated":true}]}}