{"id":11797,"date":"2025-05-17T21:21:43","date_gmt":"2025-05-18T00:21:43","guid":{"rendered":"https:\/\/sexysiempre.com\/web\/?post_type=product&#038;p=11797"},"modified":"2025-06-12T17:48:35","modified_gmt":"2025-06-12T20:48:35","slug":"succionador-y-vibrador-dual-love-con-bluetooth","status":"publish","type":"product","link":"https:\/\/sexysiempre.com\/web\/producto\/succionador-y-vibrador-dual-love-con-bluetooth","title":{"rendered":"Succionador y Vibrador Dual Love, con Bluetooth."},"content":{"rendered":"<p style=\"text-align: center;\">J2018-U99<\/p>\n<p style=\"text-align: center;\">Dual Love es un succionador y vibrador que permite disfrutar de una sensual combinaci\u00f3n de ondas de presi\u00f3n excitantes y una potente vibraci\u00f3n capaz de acariciar de forma sensual\u00a0 cl\u00edtoris o\u00a0 Punto G. Como el vibrador se puede utilizar de las dos maneras, podr\u00e1s decidir lo que m\u00e1s te apetece: El cabezal de apoyo fabricado con silicona inocua para el cuerpo estimula el cl\u00edtoris mediante la eficaz tecnolog\u00eda Air Pulse, mientras que el mango insertable produce una estimulaci\u00f3n vaginal con potentes vibraciones. El Dual Love tambi\u00e9n luce genial: Su dise\u00f1o ergon\u00f3mico est\u00e1 adornado por finos detalles de aspecto met\u00e1lico.<\/p>\n<div style=\"text-align: center;\">Dual Love se puede controlar tanto a trav\u00e9s del intuitivo panel de control como a trav\u00e9s de la aplicaci\u00f3n Satisfyer Connect, disponible de forma gratuita para Android, iOS y Apple Watch. Con la aplicaci\u00f3n no solo podr\u00e1s controlar el dispositivo de forma remota o ced\u00e9rselo a tu pareja, sino que tambi\u00e9n podr\u00e1s crear tus propios programas de vibraci\u00f3n y compartirlos con otros usuarios.<\/div>\n<div style=\"text-align: center;\">Gracias a su acabado impermeable (IPX7), el Dual Love tambi\u00e9n te acompa\u00f1ar\u00e1 bajo la ducha, en la ba\u00f1era o en una piscina privada. Si el generador de placer se queda sin aliento, las bater\u00edas integradas se pueden recargar mediante el cable de carga USB incluido.<\/div>\n","protected":false},"excerpt":{"rendered":"<p>J2018-U99 Dual Love es un succionador y vibrador que permite disfrutar de una sensual combinaci\u00f3n de ondas de presi\u00f3n excitantes y una potente vibraci\u00f3n capaz de acariciar de forma sensual\u00a0 cl\u00edtoris o\u00a0 Punto G. Como el vibrador se puede utilizar de las dos maneras, podr\u00e1s decidir lo que m\u00e1s te apetece: El cabezal de apoyo [&hellip;]<\/p>\n","protected":false},"featured_media":11798,"template":"","meta":[],"product_brand":[],"product_cat":[6,275],"product_tag":[618,147,446,357,146,25],"class_list":{"0":"post-11797","1":"product","2":"type-product","3":"status-publish","4":"has-post-thumbnail","6":"product_cat-juguetes-accesorios-y-sexshop","7":"product_cat-alta-gama-rotadores-y-otros","8":"product_tag-app","9":"product_tag-rio-grande","10":"product_tag-sexshop-ushuaia-2","11":"product_tag-succionador","12":"product_tag-tierra-del-fuego","13":"product_tag-vibrador","15":"first","16":"outofstock","17":"shipping-taxable","18":"product-type-simple"},"_links":{"self":[{"href":"https:\/\/sexysiempre.com\/web\/wp-json\/wp\/v2\/product\/11797","targetHints":{"allow":["GET"]}}],"collection":[{"href":"https:\/\/sexysiempre.com\/web\/wp-json\/wp\/v2\/product"}],"about":[{"href":"https:\/\/sexysiempre.com\/web\/wp-json\/wp\/v2\/types\/product"}],"wp:featuredmedia":[{"embeddable":true,"href":"https:\/\/sexysiempre.com\/web\/wp-json\/wp\/v2\/media\/11798"}],"wp:attachment":[{"href":"https:\/\/sexysiempre.com\/web\/wp-json\/wp\/v2\/media?parent=11797"}],"wp:term":[{"taxonomy":"product_brand","embeddable":true,"href":"https:\/\/sexysiempre.com\/web\/wp-json\/wp\/v2\/product_brand?post=11797"},{"taxonomy":"product_cat","embeddable":true,"href":"https:\/\/sexysiempre.com\/web\/wp-json\/wp\/v2\/product_cat?post=11797"},{"taxonomy":"product_tag","embeddable":true,"href":"https:\/\/sexysiempre.com\/web\/wp-json\/wp\/v2\/product_tag?post=11797"}],"curies":[{"name":"wp","href":"https:\/\/api.w.org\/{rel}","templated":true}]}}