{"id":11848,"date":"2025-06-11T18:13:27","date_gmt":"2025-06-11T21:13:27","guid":{"rendered":"https:\/\/sexysiempre.com\/web\/?post_type=product&#038;p=11848"},"modified":"2025-06-11T18:13:28","modified_gmt":"2025-06-11T21:13:28","slug":"men-vibracion-satisfyer-recargable-control-via-app","status":"publish","type":"product","link":"https:\/\/sexysiempre.com\/web\/producto\/men-vibracion-satisfyer-recargable-control-via-app","title":{"rendered":"Men Vibraci\u00f3n Satisfyer, recargable, control v\u00eda APP"},"content":{"rendered":"<p style=\"text-align: center;\">SA-6570<\/p>\n<p style=\"text-align: center;\">Masturbador masculino con excelente estimulaci\u00f3n en glande, en silicona hipoalerg\u00e9nica, resistente al agua, f\u00e1cil de\u00a0 higienizar, recargable, con APP gratuita para poder manejarlo desde el celular con diferentes programas.<\/p>\n","protected":false},"excerpt":{"rendered":"<p>SA-6570 Masturbador masculino con excelente estimulaci\u00f3n en glande, en silicona hipoalerg\u00e9nica, resistente al agua, f\u00e1cil de\u00a0 higienizar, recargable, con APP gratuita para poder manejarlo desde el celular con diferentes programas.<\/p>\n","protected":false},"featured_media":11849,"template":"","meta":[],"product_brand":[],"product_cat":[6,53],"product_tag":[618,261,515,446,146],"class_list":{"0":"post-11848","1":"product","2":"type-product","3":"status-publish","4":"has-post-thumbnail","6":"product_cat-juguetes-accesorios-y-sexshop","7":"product_cat-estimuladores-y-masturbadores-masculinos","8":"product_tag-app","9":"product_tag-masturbadores-masculinos","10":"product_tag-recargables","11":"product_tag-sexshop-ushuaia-2","12":"product_tag-tierra-del-fuego","14":"first","15":"instock","16":"shipping-taxable","17":"product-type-simple"},"_links":{"self":[{"href":"https:\/\/sexysiempre.com\/web\/wp-json\/wp\/v2\/product\/11848","targetHints":{"allow":["GET"]}}],"collection":[{"href":"https:\/\/sexysiempre.com\/web\/wp-json\/wp\/v2\/product"}],"about":[{"href":"https:\/\/sexysiempre.com\/web\/wp-json\/wp\/v2\/types\/product"}],"wp:featuredmedia":[{"embeddable":true,"href":"https:\/\/sexysiempre.com\/web\/wp-json\/wp\/v2\/media\/11849"}],"wp:attachment":[{"href":"https:\/\/sexysiempre.com\/web\/wp-json\/wp\/v2\/media?parent=11848"}],"wp:term":[{"taxonomy":"product_brand","embeddable":true,"href":"https:\/\/sexysiempre.com\/web\/wp-json\/wp\/v2\/product_brand?post=11848"},{"taxonomy":"product_cat","embeddable":true,"href":"https:\/\/sexysiempre.com\/web\/wp-json\/wp\/v2\/product_cat?post=11848"},{"taxonomy":"product_tag","embeddable":true,"href":"https:\/\/sexysiempre.com\/web\/wp-json\/wp\/v2\/product_tag?post=11848"}],"curies":[{"name":"wp","href":"https:\/\/api.w.org\/{rel}","templated":true}]}}