{"id":11876,"date":"2025-07-05T16:23:26","date_gmt":"2025-07-05T19:23:26","guid":{"rendered":"https:\/\/sexysiempre.com\/web\/?post_type=product&#038;p=11876"},"modified":"2026-02-28T18:54:58","modified_gmt":"2026-02-28T21:54:58","slug":"arnes-de-cadera-con-esposas","status":"publish","type":"product","link":"https:\/\/sexysiempre.com\/web\/producto\/arnes-de-cadera-con-esposas","title":{"rendered":"Arn\u00e9s de cadera con esposas"},"content":{"rendered":"<p style=\"text-align: center;\">CUKS21265<\/p>\n<p style=\"text-align: center;\">En cuero ecol\u00f3gico, este arn\u00e9s sujeta por debajo de la cola, con tiras que cruzan la cadera hasta la cintura y all\u00ed salen las esposas. Para esos juegos sin l\u00edmites, para hacer realidad esas fantas\u00edas y dar lugar a la creaci\u00f3n de otras.<\/p>\n<p>&nbsp;<\/p>\n","protected":false},"excerpt":{"rendered":"<p>CUKS21265 En cuero ecol\u00f3gico, este arn\u00e9s sujeta por debajo de la cola, con tiras que cruzan la cadera hasta la cintura y all\u00ed salen las esposas. Para esos juegos sin l\u00edmites, para hacer realidad esas fantas\u00edas y dar lugar a la creaci\u00f3n de otras. &nbsp;<\/p>\n","protected":false},"featured_media":11877,"template":"","meta":[],"product_brand":[],"product_cat":[6,273],"product_tag":[639,147,446,146],"class_list":{"0":"post-11876","1":"product","2":"type-product","3":"status-publish","4":"has-post-thumbnail","6":"product_cat-juguetes-accesorios-y-sexshop","7":"product_cat-inmobilizadores-latigos-y-palmetas","8":"product_tag-arnes-cuero","9":"product_tag-rio-grande","10":"product_tag-sexshop-ushuaia-2","11":"product_tag-tierra-del-fuego","13":"first","14":"instock","15":"shipping-taxable","16":"product-type-simple"},"_links":{"self":[{"href":"https:\/\/sexysiempre.com\/web\/wp-json\/wp\/v2\/product\/11876","targetHints":{"allow":["GET"]}}],"collection":[{"href":"https:\/\/sexysiempre.com\/web\/wp-json\/wp\/v2\/product"}],"about":[{"href":"https:\/\/sexysiempre.com\/web\/wp-json\/wp\/v2\/types\/product"}],"wp:featuredmedia":[{"embeddable":true,"href":"https:\/\/sexysiempre.com\/web\/wp-json\/wp\/v2\/media\/11877"}],"wp:attachment":[{"href":"https:\/\/sexysiempre.com\/web\/wp-json\/wp\/v2\/media?parent=11876"}],"wp:term":[{"taxonomy":"product_brand","embeddable":true,"href":"https:\/\/sexysiempre.com\/web\/wp-json\/wp\/v2\/product_brand?post=11876"},{"taxonomy":"product_cat","embeddable":true,"href":"https:\/\/sexysiempre.com\/web\/wp-json\/wp\/v2\/product_cat?post=11876"},{"taxonomy":"product_tag","embeddable":true,"href":"https:\/\/sexysiempre.com\/web\/wp-json\/wp\/v2\/product_tag?post=11876"}],"curies":[{"name":"wp","href":"https:\/\/api.w.org\/{rel}","templated":true}]}}