{"id":11897,"date":"2025-07-11T14:51:41","date_gmt":"2025-07-11T17:51:41","guid":{"rendered":"https:\/\/sexysiempre.com\/web\/?post_type=product&#038;p=11897"},"modified":"2025-11-11T20:44:13","modified_gmt":"2025-11-11T23:44:13","slug":"arnes-body-de-cintura-y-cadera-con-esposas-de-mano-y-tobillo-con-mosqueton-desmontable-eco-cuero-negro","status":"publish","type":"product","link":"https:\/\/sexysiempre.com\/web\/producto\/arnes-body-de-cintura-y-cadera-con-esposas-de-mano-y-tobillo-con-mosqueton-desmontable-eco-cuero-negro","title":{"rendered":"Arnes Body de cintura y cadera, con  Esposas De Mano Y Tobillo Con Mosquet\u00f3n Desmontable- Eco Cuero Negro"},"content":{"rendered":"<p style=\"text-align: center;\">FA-0124-01-1<img fetchpriority=\"high\" decoding=\"async\" class=\"aligncenter size-medium wp-image-11899\" src=\"https:\/\/sexysiempre.com\/web\/wp-content\/uploads\/fa-0124-arnes-body-bow-con-esposas-de-mano-tobillo-desmontable-eco-cuero-negro-16a9f52266414e-650x650.jpg\" alt=\"\" width=\"300\" height=\"300\" srcset=\"https:\/\/sexysiempre.com\/web\/wp-content\/uploads\/fa-0124-arnes-body-bow-con-esposas-de-mano-tobillo-desmontable-eco-cuero-negro-16a9f52266414e-650x650.jpg 650w, https:\/\/sexysiempre.com\/web\/wp-content\/uploads\/fa-0124-arnes-body-bow-con-esposas-de-mano-tobillo-desmontable-eco-cuero-negro-16a9f52266414e-150x150.jpg 150w, https:\/\/sexysiempre.com\/web\/wp-content\/uploads\/fa-0124-arnes-body-bow-con-esposas-de-mano-tobillo-desmontable-eco-cuero-negro-16a9f52266414e-768x768.jpg 768w, https:\/\/sexysiempre.com\/web\/wp-content\/uploads\/fa-0124-arnes-body-bow-con-esposas-de-mano-tobillo-desmontable-eco-cuero-negro-16a9f52266414e-120x120.jpg 120w, https:\/\/sexysiempre.com\/web\/wp-content\/uploads\/fa-0124-arnes-body-bow-con-esposas-de-mano-tobillo-desmontable-eco-cuero-negro-16a9f52266414e-300x300.jpg 300w, https:\/\/sexysiempre.com\/web\/wp-content\/uploads\/fa-0124-arnes-body-bow-con-esposas-de-mano-tobillo-desmontable-eco-cuero-negro-16a9f52266414e-600x600.jpg 600w, https:\/\/sexysiempre.com\/web\/wp-content\/uploads\/fa-0124-arnes-body-bow-con-esposas-de-mano-tobillo-desmontable-eco-cuero-negro-16a9f52266414e-100x100.jpg 100w, https:\/\/sexysiempre.com\/web\/wp-content\/uploads\/fa-0124-arnes-body-bow-con-esposas-de-mano-tobillo-desmontable-eco-cuero-negro-16a9f52266414e.jpg 800w\" sizes=\"(max-width: 300px) 100vw, 300px\" \/><\/p>\n<p style=\"text-align: center;\"><b>BODY BOW ARNES de Cintura con esposas desmontables. \u00a1LO \u00daLTIMO!<\/b><\/p>\n<div style=\"text-align: center;\"><i>Opciones, posibilidades y muchas formas de jugar con este arn\u00e9s.\u00a0<\/i><\/div>\n<div style=\"text-align: center;\"><i>\u00a0<\/i><\/div>\n<div style=\"text-align: center;\"><i>Porque tiene esposas de mano y tobillo con mosquet\u00f3n que podr\u00e1s usar y amarrar de varios lados o que amarres a tu pareja al arn\u00e9s&#8230;\u00a0<\/i><\/div>\n<div style=\"text-align: center;\"><i>\u00a0<\/i><\/div>\n<div style=\"text-align: center;\"><i>Seducir, siempre seducir\u00a0 y\u00a0 \u00a0dejarte llevar al divino deseo de explorar fantas\u00edas&#8230;<\/i><\/div>\n<div style=\"text-align: center;\"><i>\u00a0<\/i><\/div>\n<div style=\"text-align: center;\"><i>TENDR\u00c1S TANTAS OPCIONES DE JUGAR QUE TU IMAGINACI\u00d3N SIEMPRE QUEDR\u00c1 M\u00c1S.<\/i><i>\u00a0<\/i><\/div>\n<div style=\"text-align: center;\"><i>\u00a0<\/i><\/div>\n<div style=\"text-align: center;\"><i>Sus argollas permiten enganchar las esposas con mosquet\u00f3n en varios lados y tambi\u00e9n que las use tu pareja y ambos est\u00e9n bien apretados.<\/i><\/div>\n<div style=\"text-align: center;\"><i>\u00a0<\/i><\/div>\n<div>\n<div style=\"text-align: center;\"><i>EL BDSM NECESITA PROVOCACI\u00d3N \u00a1SOLICITA ACCI\u00d3N!<\/i><\/div>\n<div style=\"text-align: center;\"><i>\u00a0<\/i><\/div>\n<div style=\"text-align: center;\">Interior gamuzado\u00a0para que se sienta suave, agradable y se pueda vestir c\u00f3modo.<\/div>\n<div style=\"text-align: center;\"><\/div>\n<div style=\"text-align: center;\">F\u00e1cil de limpiar.<\/div>\n<div style=\"text-align: center;\"><\/div>\n<div style=\"text-align: center;\">Regulable en medidas para que sea pr\u00e1ctico y adaptable a todo cuerpo.<\/div>\n<\/div>\n","protected":false},"excerpt":{"rendered":"<p>FA-0124-01-1 BODY BOW ARNES de Cintura con esposas desmontables. \u00a1LO \u00daLTIMO! Opciones, posibilidades y muchas formas de jugar con este arn\u00e9s.\u00a0 \u00a0 Porque tiene esposas de mano y tobillo con mosquet\u00f3n que podr\u00e1s usar y amarrar de varios lados o que amarres a tu pareja al arn\u00e9s&#8230;\u00a0 \u00a0 Seducir, siempre seducir\u00a0 y\u00a0 \u00a0dejarte llevar al [&hellip;]<\/p>\n","protected":false},"featured_media":11898,"template":"","meta":[],"product_brand":[],"product_cat":[6,273],"product_tag":[93,195,147,446,146],"class_list":{"0":"post-11897","1":"product","2":"type-product","3":"status-publish","4":"has-post-thumbnail","6":"product_cat-juguetes-accesorios-y-sexshop","7":"product_cat-inmobilizadores-latigos-y-palmetas","8":"product_tag-arnes-2","9":"product_tag-inmobilizadores","10":"product_tag-rio-grande","11":"product_tag-sexshop-ushuaia-2","12":"product_tag-tierra-del-fuego","14":"first","15":"outofstock","16":"shipping-taxable","17":"product-type-simple"},"_links":{"self":[{"href":"https:\/\/sexysiempre.com\/web\/wp-json\/wp\/v2\/product\/11897","targetHints":{"allow":["GET"]}}],"collection":[{"href":"https:\/\/sexysiempre.com\/web\/wp-json\/wp\/v2\/product"}],"about":[{"href":"https:\/\/sexysiempre.com\/web\/wp-json\/wp\/v2\/types\/product"}],"wp:featuredmedia":[{"embeddable":true,"href":"https:\/\/sexysiempre.com\/web\/wp-json\/wp\/v2\/media\/11898"}],"wp:attachment":[{"href":"https:\/\/sexysiempre.com\/web\/wp-json\/wp\/v2\/media?parent=11897"}],"wp:term":[{"taxonomy":"product_brand","embeddable":true,"href":"https:\/\/sexysiempre.com\/web\/wp-json\/wp\/v2\/product_brand?post=11897"},{"taxonomy":"product_cat","embeddable":true,"href":"https:\/\/sexysiempre.com\/web\/wp-json\/wp\/v2\/product_cat?post=11897"},{"taxonomy":"product_tag","embeddable":true,"href":"https:\/\/sexysiempre.com\/web\/wp-json\/wp\/v2\/product_tag?post=11897"}],"curies":[{"name":"wp","href":"https:\/\/api.w.org\/{rel}","templated":true}]}}