{"id":12077,"date":"2026-02-26T19:51:52","date_gmt":"2026-02-26T22:51:52","guid":{"rendered":"https:\/\/sexysiempre.com\/web\/?post_type=product&#038;p=12077"},"modified":"2026-02-26T19:51:52","modified_gmt":"2026-02-26T22:51:52","slug":"pro-penguin-el-succionador","status":"publish","type":"product","link":"https:\/\/sexysiempre.com\/web\/producto\/pro-penguin-el-succionador","title":{"rendered":"Pro Penguin, El Succionador!"},"content":{"rendered":"<p>PRO PENGUIN, SATISFYER, Nest Generation es el producto de Alta Gama, succionador,\u00a0 que mejor se ha posicionado en el mercado, el elegido por todas las mujeres, con dise\u00f1o \u00f9nico sumamente est\u00e9tico,\u00a0 revoluciona cualquier otra propuesta, brindando experiencias altamente placenteras y m\u00e0xima tecnolog\u00eca recargable con puerto USB.<\/p>\n","protected":false},"excerpt":{"rendered":"<p>PRO PENGUIN, SATISFYER, Nest Generation es el producto de Alta Gama, succionador,\u00a0 que mejor se ha posicionado en el mercado, el elegido por todas las mujeres, con dise\u00f1o \u00f9nico sumamente est\u00e9tico,\u00a0 revoluciona cualquier otra propuesta, brindando experiencias altamente placenteras y m\u00e0xima tecnolog\u00eca recargable con puerto USB.<\/p>\n","protected":false},"featured_media":12078,"template":"","meta":[],"product_brand":[],"product_cat":[6,275],"product_tag":[473,446,459,146],"class_list":{"0":"post-12077","1":"product","2":"type-product","3":"status-publish","4":"has-post-thumbnail","6":"product_cat-juguetes-accesorios-y-sexshop","7":"product_cat-alta-gama-rotadores-y-otros","8":"product_tag-satisfyer","9":"product_tag-sexshop-ushuaia-2","10":"product_tag-succionadores","11":"product_tag-tierra-del-fuego","13":"first","14":"instock","15":"shipping-taxable","16":"product-type-simple"},"_links":{"self":[{"href":"https:\/\/sexysiempre.com\/web\/wp-json\/wp\/v2\/product\/12077","targetHints":{"allow":["GET"]}}],"collection":[{"href":"https:\/\/sexysiempre.com\/web\/wp-json\/wp\/v2\/product"}],"about":[{"href":"https:\/\/sexysiempre.com\/web\/wp-json\/wp\/v2\/types\/product"}],"wp:featuredmedia":[{"embeddable":true,"href":"https:\/\/sexysiempre.com\/web\/wp-json\/wp\/v2\/media\/12078"}],"wp:attachment":[{"href":"https:\/\/sexysiempre.com\/web\/wp-json\/wp\/v2\/media?parent=12077"}],"wp:term":[{"taxonomy":"product_brand","embeddable":true,"href":"https:\/\/sexysiempre.com\/web\/wp-json\/wp\/v2\/product_brand?post=12077"},{"taxonomy":"product_cat","embeddable":true,"href":"https:\/\/sexysiempre.com\/web\/wp-json\/wp\/v2\/product_cat?post=12077"},{"taxonomy":"product_tag","embeddable":true,"href":"https:\/\/sexysiempre.com\/web\/wp-json\/wp\/v2\/product_tag?post=12077"}],"curies":[{"name":"wp","href":"https:\/\/api.w.org\/{rel}","templated":true}]}}