{"id":12085,"date":"2026-02-26T20:13:21","date_gmt":"2026-02-26T23:13:21","guid":{"rendered":"https:\/\/sexysiempre.com\/web\/?post_type=product&#038;p=12085"},"modified":"2026-02-26T20:13:22","modified_gmt":"2026-02-26T23:13:22","slug":"nemo-10-vibraciones-y-7-diferentes-de-succion","status":"publish","type":"product","link":"https:\/\/sexysiempre.com\/web\/producto\/nemo-10-vibraciones-y-7-diferentes-de-succion","title":{"rendered":"Nemo, 10 vibraciones y 7 diferentes de succi\u00f3n."},"content":{"rendered":"<p style=\"text-align: center;\">PL-040190<\/p>\n<p style=\"text-align: center;\">Otro sorprendente producto de Pretty Love que permite penetraci\u00f3n vaginal y succi\u00f3n clitorial, resistente al agua, silicona suave y agradable, recargable por usb, con 10 funciones de vibraci\u00f3n y 7 diferentes de succi\u00f3n.<\/p>\n","protected":false},"excerpt":{"rendered":"<p>PL-040190 Otro sorprendente producto de Pretty Love que permite penetraci\u00f3n vaginal y succi\u00f3n clitorial, resistente al agua, silicona suave y agradable, recargable por usb, con 10 funciones de vibraci\u00f3n y 7 diferentes de succi\u00f3n.<\/p>\n","protected":false},"featured_media":12086,"template":"","meta":[],"product_brand":[],"product_cat":[6,275],"product_tag":[466,446,459,146,89],"class_list":{"0":"post-12085","1":"product","2":"type-product","3":"status-publish","4":"has-post-thumbnail","6":"product_cat-juguetes-accesorios-y-sexshop","7":"product_cat-alta-gama-rotadores-y-otros","8":"product_tag-pretty-love","9":"product_tag-sexshop-ushuaia-2","10":"product_tag-succionadores","11":"product_tag-tierra-del-fuego","12":"product_tag-vibradores-2","14":"first","15":"instock","16":"shipping-taxable","17":"product-type-simple"},"_links":{"self":[{"href":"https:\/\/sexysiempre.com\/web\/wp-json\/wp\/v2\/product\/12085","targetHints":{"allow":["GET"]}}],"collection":[{"href":"https:\/\/sexysiempre.com\/web\/wp-json\/wp\/v2\/product"}],"about":[{"href":"https:\/\/sexysiempre.com\/web\/wp-json\/wp\/v2\/types\/product"}],"wp:featuredmedia":[{"embeddable":true,"href":"https:\/\/sexysiempre.com\/web\/wp-json\/wp\/v2\/media\/12086"}],"wp:attachment":[{"href":"https:\/\/sexysiempre.com\/web\/wp-json\/wp\/v2\/media?parent=12085"}],"wp:term":[{"taxonomy":"product_brand","embeddable":true,"href":"https:\/\/sexysiempre.com\/web\/wp-json\/wp\/v2\/product_brand?post=12085"},{"taxonomy":"product_cat","embeddable":true,"href":"https:\/\/sexysiempre.com\/web\/wp-json\/wp\/v2\/product_cat?post=12085"},{"taxonomy":"product_tag","embeddable":true,"href":"https:\/\/sexysiempre.com\/web\/wp-json\/wp\/v2\/product_tag?post=12085"}],"curies":[{"name":"wp","href":"https:\/\/api.w.org\/{rel}","templated":true}]}}