{"id":12119,"date":"2026-02-27T18:00:56","date_gmt":"2026-02-27T21:00:56","guid":{"rendered":"https:\/\/sexysiempre.com\/web\/?post_type=product&#038;p=12119"},"modified":"2026-02-27T18:00:57","modified_gmt":"2026-02-27T21:00:57","slug":"protesis-extensora-con-vibro-y-arnes-regulable-ultra-baile","status":"publish","type":"product","link":"https:\/\/sexysiempre.com\/web\/producto\/protesis-extensora-con-vibro-y-arnes-regulable-ultra-baile","title":{"rendered":"Pr\u00f3tesis extensora con vibro y  arn\u00e9s regulable \u00abUltra Baile\u00bb"},"content":{"rendered":"<p style=\"text-align: center;\">PL-22050<\/p>\n<p style=\"text-align: center;\">Super reforzado arn\u00e9s permite una postura firme y resistente que contiene el controlador de vibraciones. El producto aumenta tama\u00f1o y espesor como as\u00ed tambi\u00e9n, colabora en la erecci\u00f3n.<\/p>\n","protected":false},"excerpt":{"rendered":"<p>PL-22050 Super reforzado arn\u00e9s permite una postura firme y resistente que contiene el controlador de vibraciones. El producto aumenta tama\u00f1o y espesor como as\u00ed tambi\u00e9n, colabora en la erecci\u00f3n.<\/p>\n","protected":false},"featured_media":12120,"template":"","meta":[],"product_brand":[],"product_cat":[6,14,37],"product_tag":[93,219,199,446,146],"class_list":{"0":"post-12119","1":"product","2":"type-product","3":"status-publish","4":"has-post-thumbnail","6":"product_cat-juguetes-accesorios-y-sexshop","7":"product_cat-arnes","8":"product_cat-protesis-extensiones-y-erectores","9":"product_tag-arnes-2","10":"product_tag-extensores-peneanos","11":"product_tag-protesis","12":"product_tag-sexshop-ushuaia-2","13":"product_tag-tierra-del-fuego","15":"first","16":"instock","17":"shipping-taxable","18":"product-type-simple"},"_links":{"self":[{"href":"https:\/\/sexysiempre.com\/web\/wp-json\/wp\/v2\/product\/12119","targetHints":{"allow":["GET"]}}],"collection":[{"href":"https:\/\/sexysiempre.com\/web\/wp-json\/wp\/v2\/product"}],"about":[{"href":"https:\/\/sexysiempre.com\/web\/wp-json\/wp\/v2\/types\/product"}],"wp:featuredmedia":[{"embeddable":true,"href":"https:\/\/sexysiempre.com\/web\/wp-json\/wp\/v2\/media\/12120"}],"wp:attachment":[{"href":"https:\/\/sexysiempre.com\/web\/wp-json\/wp\/v2\/media?parent=12119"}],"wp:term":[{"taxonomy":"product_brand","embeddable":true,"href":"https:\/\/sexysiempre.com\/web\/wp-json\/wp\/v2\/product_brand?post=12119"},{"taxonomy":"product_cat","embeddable":true,"href":"https:\/\/sexysiempre.com\/web\/wp-json\/wp\/v2\/product_cat?post=12119"},{"taxonomy":"product_tag","embeddable":true,"href":"https:\/\/sexysiempre.com\/web\/wp-json\/wp\/v2\/product_tag?post=12119"}],"curies":[{"name":"wp","href":"https:\/\/api.w.org\/{rel}","templated":true}]}}